{"id":4067,"date":"2023-08-30T06:13:23","date_gmt":"2023-08-30T08:13:23","guid":{"rendered":"https:\/\/apotekar-online.rs\/?post_type=product&#038;p=4067"},"modified":"2026-03-05T08:13:33","modified_gmt":"2026-03-05T10:13:33","slug":"bu-heartbeat-dezodorans-u-spreju-150-ml","status":"publish","type":"product","link":"https:\/\/apotekar-online.rs\/ro\/p\/bu-heartbeat-dezodorans-u-spreju-150-ml\/","title":{"rendered":"BU Heartbeat dezodorans u spreju 150 ml"},"content":{"rendered":"","protected":false},"excerpt":{"rendered":"<div class=\"product attribute description text-page\">\n<div class=\"value\">\n<p>BU &#8211; brend individualnosti, uzbu\u0111enja i samoizra\u017eavanja, pru\u017ea svakoj devojci ose\u0107aj slobode i razli\u010ditosti u skladu sa njenim raspolo\u017eenjem i \u017eeljama, podsti\u010de \u017eivotni entuzijazam, daje joj svu potrebnu\u00a0\u00a0energiju i \u017eivahnost.<\/p>\n<p>BU Heartbeat &#8211; orijentalno &#8211; vanilasto vo\u0107ni miris koji mami toplinu i senzualnost i koji \u0107e u\u010diniti da ti srce ubrzano kuca.<\/p>\n<p>Gornja nota: bergamot, crna ribizla, crveno bobi\u010dasto vo\u0107e<br \/>\nSrednja nota: \u0161ljiva, frezija, crvena ru\u017ea<br \/>\nBazna nota: mo\u0161us, sandalovina, vanila<\/p>\n<\/div>\n<p><strong>Ambalare<\/strong> de 150 ml.<\/p>\n<p>&nbsp;<\/p>\n<\/div>\n<p><strong>Compozi\u0163ie:\u00a0<\/strong>Alcohol Denat., Butane, Isobutane, Propane, Isopropyl Palmitate, Parfum, Ethylhexylglycerin, Pentylene Glycol, Triethyl Citrate, BHT, Benzyl Salicylate, Citral, Citronellol, Coumarin, Limonene, Linalool<\/p>\n<p><strong>Not\u0103:<\/strong>\u00a0Ne str\u0103duim s\u0103 fim c\u00e2t mai precisi \u00een descrierea tuturor produselor, dar nu putem garanta c\u0103 toate descrierile sunt complete \u0219i f\u0103r\u0103 erori. Multumesc pentru intelegere.<br \/>\nToate articolele afi\u0219ate pe site fac parte din oferta noastr\u0103, dar nu \u00eenseamn\u0103 c\u0103 sunt disponibile \u00een orice moment.<\/p>\n<p>&nbsp;<\/p>","protected":false},"featured_media":4068,"template":"","meta":[],"product_brand":[],"product_cat":[177,547],"product_tag":[852,1232,854],"class_list":{"0":"post-4067","1":"product","2":"type-product","3":"status-publish","4":"has-post-thumbnail","6":"product_cat-nega-tela","7":"product_cat-kozmetika-i-nega-za-odrasle","8":"product_tag-antiperspirant","9":"product_tag-dezodorans","10":"product_tag-znojenje","11":"pa_brend-bu","13":"first","14":"instock","15":"shipping-taxable","16":"purchasable","17":"product-type-simple"},"ams_default_variation_id":0,"ams_product_points_reward":[],"ams_product_discount_percentage":0,"ams_price_to_display":320,"ams_acf":[],"jetpack_sharing_enabled":true,"_links":{"self":[{"href":"https:\/\/apotekar-online.rs\/ro\/wp-json\/wp\/v2\/product\/4067","targetHints":{"allow":["GET"]}}],"collection":[{"href":"https:\/\/apotekar-online.rs\/ro\/wp-json\/wp\/v2\/product"}],"about":[{"href":"https:\/\/apotekar-online.rs\/ro\/wp-json\/wp\/v2\/types\/product"}],"wp:featuredmedia":[{"embeddable":true,"href":"https:\/\/apotekar-online.rs\/ro\/wp-json\/wp\/v2\/media\/4068"}],"wp:attachment":[{"href":"https:\/\/apotekar-online.rs\/ro\/wp-json\/wp\/v2\/media?parent=4067"}],"wp:term":[{"taxonomy":"product_brand","embeddable":true,"href":"https:\/\/apotekar-online.rs\/ro\/wp-json\/wp\/v2\/product_brand?post=4067"},{"taxonomy":"product_cat","embeddable":true,"href":"https:\/\/apotekar-online.rs\/ro\/wp-json\/wp\/v2\/product_cat?post=4067"},{"taxonomy":"product_tag","embeddable":true,"href":"https:\/\/apotekar-online.rs\/ro\/wp-json\/wp\/v2\/product_tag?post=4067"}],"curies":[{"name":"wp","href":"https:\/\/api.w.org\/{rel}","templated":true}]}}