{"id":408,"date":"2022-07-12T09:33:01","date_gmt":"2022-07-12T09:33:01","guid":{"rendered":"https:\/\/apotekar-online.rs\/product\/inofolic-prasak-2-g-20-kesica\/"},"modified":"2026-03-05T08:29:07","modified_gmt":"2026-03-05T10:29:07","slug":"inofolic-prasak-2-g-20-kesica","status":"publish","type":"product","link":"https:\/\/apotekar-online.rs\/ro\/p\/inofolic-prasak-2-g-20-kesica\/","title":{"rendered":"Pulbere inofolica 2 g 20 plicuri"},"content":{"rendered":"","protected":false},"excerpt":{"rendered":"<p>Inofolic pra\u0161ak \u010dini adekvatnu kombinaciju mioinozitola i folne kiseline \u010dija primena ima zna\u010dajnu ulogu u le\u010denju neplodnosti i insulinske rezistenciije.<br \/>\nEfikasan za:<br \/>\n&#8211; Naru\u0161enu hormonsku ravnote\u017eu kod \u017eena u reproduktivnom dobu (manifestuje se kroz neredovne menstruacije ili njihov izostanak).<br \/>\n&#8211; Insulinsku rezistenciju (neosetljivost na insulin) \u0161to rezultuje pove\u0107anom telesnom te\u017einom, naro\u010dito pojavom masnih naslaga u predelu stomaka i bokova, a negativno uti\u010de i na balans polnih hormona (progesterona, testosterona i estrogena).<br \/>\n&#8211; Hirutizam i hiperandrogenizam \u017eena (poja\u010dana maljavost po telu, prore\u0111ivanje kose, pojava akni nakon puberteta).<br \/>\n&#8211; Infertilitet izazvan izostankom ili neredovnom ovulacijom.<br \/>\n&#8211; Sterilitet zbog nekvalitetnih jajnih \u0107elija (oocita).<\/p>\n<p><strong>Dozaj \u0219i mod de utilizare<\/strong><br \/>\n1 kesicu 2 puta dnevno, sa razmakom od 12h izme\u0111u doza. Sadr\u017eaj kesice rastvoriti u \u010da\u0161i vode i popiti, pola sata pre ili 2 sata nakon jela.<\/p>\n<p><strong>Not\u0103:<\/strong>\u00a0Ne str\u0103duim s\u0103 fim c\u00e2t mai precisi \u00een descrierea tuturor produselor, dar nu putem garanta c\u0103 toate descrierile sunt complete \u0219i f\u0103r\u0103 erori. Multumesc pentru intelegere.<br \/>\nToate articolele afi\u0219ate pe site fac parte din oferta noastr\u0103, dar nu \u00eenseamn\u0103 c\u0103 sunt disponibile \u00een orice moment<\/p>","protected":false},"featured_media":3115,"template":"","meta":[],"product_brand":[],"product_cat":[87,85],"product_tag":[],"class_list":{"0":"post-408","1":"product","2":"type-product","3":"status-publish","4":"has-post-thumbnail","6":"product_cat-dijabetes-i-insulinska-rezistencija","7":"product_cat-zdravlje-zena","8":"pa_brend-lo-li-pharma-s-r-i","10":"first","11":"instock","12":"purchasable","13":"product-type-simple"},"ams_default_variation_id":0,"ams_product_points_reward":[],"ams_product_discount_percentage":0,"ams_price_to_display":1552.32,"ams_acf":[],"jetpack_sharing_enabled":true,"_links":{"self":[{"href":"https:\/\/apotekar-online.rs\/ro\/wp-json\/wp\/v2\/product\/408","targetHints":{"allow":["GET"]}}],"collection":[{"href":"https:\/\/apotekar-online.rs\/ro\/wp-json\/wp\/v2\/product"}],"about":[{"href":"https:\/\/apotekar-online.rs\/ro\/wp-json\/wp\/v2\/types\/product"}],"wp:featuredmedia":[{"embeddable":true,"href":"https:\/\/apotekar-online.rs\/ro\/wp-json\/wp\/v2\/media\/3115"}],"wp:attachment":[{"href":"https:\/\/apotekar-online.rs\/ro\/wp-json\/wp\/v2\/media?parent=408"}],"wp:term":[{"taxonomy":"product_brand","embeddable":true,"href":"https:\/\/apotekar-online.rs\/ro\/wp-json\/wp\/v2\/product_brand?post=408"},{"taxonomy":"product_cat","embeddable":true,"href":"https:\/\/apotekar-online.rs\/ro\/wp-json\/wp\/v2\/product_cat?post=408"},{"taxonomy":"product_tag","embeddable":true,"href":"https:\/\/apotekar-online.rs\/ro\/wp-json\/wp\/v2\/product_tag?post=408"}],"curies":[{"name":"wp","href":"https:\/\/api.w.org\/{rel}","templated":true}]}}