{"id":4083,"date":"2023-08-30T07:29:30","date_gmt":"2023-08-30T09:29:30","guid":{"rendered":"https:\/\/apotekar-online.rs\/?post_type=product&#038;p=4083"},"modified":"2026-03-05T08:13:32","modified_gmt":"2026-03-05T10:13:32","slug":"denim-gel-za-tusiranje-400ml-original","status":"publish","type":"product","link":"https:\/\/apotekar-online.rs\/ro\/p\/denim-gel-za-tusiranje-400ml-original\/","title":{"rendered":"Denim gel za tu\u0161iranje 400ml Original"},"content":{"rendered":"","protected":false},"excerpt":{"rendered":"<p>Gel za tu\u0161iranje oboga\u0107en taurinom, aminokiselinom koja se suprotstavlja starenju, kofeinom koji neguje ko\u017eu i guaranom za nezaboravan ose\u0107aj sve\u017eine tokom celog dana.<\/p>\n<p><strong>Ambalare<\/strong> de 400 ml.<\/p>\n<p>&nbsp;<\/p>\n<p>&nbsp;<\/p>","protected":false},"featured_media":4914,"template":"","meta":[],"product_brand":[],"product_cat":[547,177],"product_tag":[1235,1236],"class_list":{"0":"post-4083","1":"product","2":"type-product","3":"status-publish","4":"has-post-thumbnail","6":"product_cat-kozmetika-i-nega-za-odrasle","7":"product_cat-nega-tela","8":"product_tag-gel-za-tusiranje","9":"product_tag-nega-muskarca","10":"pa_brend-denim","12":"first","13":"instock","14":"shipping-taxable","15":"purchasable","16":"product-type-simple"},"ams_default_variation_id":0,"ams_product_points_reward":[],"ams_product_discount_percentage":0,"ams_price_to_display":310,"ams_acf":[],"jetpack_sharing_enabled":true,"_links":{"self":[{"href":"https:\/\/apotekar-online.rs\/ro\/wp-json\/wp\/v2\/product\/4083","targetHints":{"allow":["GET"]}}],"collection":[{"href":"https:\/\/apotekar-online.rs\/ro\/wp-json\/wp\/v2\/product"}],"about":[{"href":"https:\/\/apotekar-online.rs\/ro\/wp-json\/wp\/v2\/types\/product"}],"wp:featuredmedia":[{"embeddable":true,"href":"https:\/\/apotekar-online.rs\/ro\/wp-json\/wp\/v2\/media\/4914"}],"wp:attachment":[{"href":"https:\/\/apotekar-online.rs\/ro\/wp-json\/wp\/v2\/media?parent=4083"}],"wp:term":[{"taxonomy":"product_brand","embeddable":true,"href":"https:\/\/apotekar-online.rs\/ro\/wp-json\/wp\/v2\/product_brand?post=4083"},{"taxonomy":"product_cat","embeddable":true,"href":"https:\/\/apotekar-online.rs\/ro\/wp-json\/wp\/v2\/product_cat?post=4083"},{"taxonomy":"product_tag","embeddable":true,"href":"https:\/\/apotekar-online.rs\/ro\/wp-json\/wp\/v2\/product_tag?post=4083"}],"curies":[{"name":"wp","href":"https:\/\/api.w.org\/{rel}","templated":true}]}}