{"id":4113,"date":"2023-09-07T06:11:32","date_gmt":"2023-09-07T08:11:32","guid":{"rendered":"https:\/\/apotekar-online.rs\/?post_type=product&#038;p=4113"},"modified":"2026-03-31T00:00:08","modified_gmt":"2026-03-31T02:00:08","slug":"livsane-solutie-de-apa-de-mare-pentru-nas-in-spray-pentru-bebelusi-30-ml","status":"publish","type":"product","link":"https:\/\/apotekar-online.rs\/ro\/p\/livsane-rastvor-morske-vode-za-nos-u-spreju-za-bebe-30-ml\/","title":{"rendered":"Solutie spray nazal Livsane Seawater pentru bebelusi 30 ml"},"content":{"rendered":"","protected":false},"excerpt":{"rendered":"<p>Curata si hidrateaza - Izotonic<\/p>\n<p>O solu\u021bie pentru igiena nazal\u0103 de zi cu zi destinat\u0103 cur\u0103\u021b\u0103rii \u0219i purific\u0103rii c\u0103ilor nazale. Potrivit pentru bebelusi de la 0 luni.<\/p>\n<p>100% natural. Con\u021bine microelemente. Nu con\u021bine gaz propulsor.<\/p>\n<p>&nbsp;<\/p>\n<p><strong>Compozi\u0163ie<\/strong>: ap\u0103 de mare, ap\u0103 purificat\u0103<\/p>\n<p><strong>Doza recomandata:<\/strong> aplica\u021bi \u00een ambele n\u0103ri ori de c\u00e2te ori este necesar.<\/p>\n<p>&nbsp;<\/p>\n<p><strong>Not\u0103:<\/strong>\u00a0Ne str\u0103duim s\u0103 fim c\u00e2t mai precisi \u00een descrierea tuturor produselor, dar nu putem garanta c\u0103 toate descrierile sunt complete \u0219i f\u0103r\u0103 erori. Multumesc pentru intelegere.<br \/>\nToate articolele afi\u0219ate pe site fac parte din oferta noastr\u0103, dar nu \u00eenseamn\u0103 c\u0103 sunt disponibile \u00een orice moment.<\/p>","protected":false},"featured_media":4922,"template":"","meta":[],"product_brand":[3090],"product_cat":[340,148],"product_tag":[1247,1709,1245,752,1246,1244],"class_list":{"0":"post-4113","1":"product","2":"type-product","3":"status-publish","4":"has-post-thumbnail","6":"product_brand-livsane","7":"product_cat-deciji-program","8":"product_cat-preparati-za-prehladu-i-kasalj-kod-dece","9":"product_tag-100-prirodno","10":"product_tag-betty","11":"product_tag-cisti-nos","12":"product_tag-deciji-program","13":"product_tag-od-rodjenja","14":"product_tag-sprej-za-nos-za-bebe","15":"pa_brend-livsane","17":"first","18":"instock","19":"shipping-taxable","20":"purchasable","21":"product-type-simple"},"ams_default_variation_id":0,"ams_product_points_reward":[],"ams_product_discount_percentage":0,"ams_price_to_display":471,"ams_acf":[],"jetpack_sharing_enabled":true,"_links":{"self":[{"href":"https:\/\/apotekar-online.rs\/ro\/wp-json\/wp\/v2\/product\/4113","targetHints":{"allow":["GET"]}}],"collection":[{"href":"https:\/\/apotekar-online.rs\/ro\/wp-json\/wp\/v2\/product"}],"about":[{"href":"https:\/\/apotekar-online.rs\/ro\/wp-json\/wp\/v2\/types\/product"}],"wp:featuredmedia":[{"embeddable":true,"href":"https:\/\/apotekar-online.rs\/ro\/wp-json\/wp\/v2\/media\/4922"}],"wp:attachment":[{"href":"https:\/\/apotekar-online.rs\/ro\/wp-json\/wp\/v2\/media?parent=4113"}],"wp:term":[{"taxonomy":"product_brand","embeddable":true,"href":"https:\/\/apotekar-online.rs\/ro\/wp-json\/wp\/v2\/product_brand?post=4113"},{"taxonomy":"product_cat","embeddable":true,"href":"https:\/\/apotekar-online.rs\/ro\/wp-json\/wp\/v2\/product_cat?post=4113"},{"taxonomy":"product_tag","embeddable":true,"href":"https:\/\/apotekar-online.rs\/ro\/wp-json\/wp\/v2\/product_tag?post=4113"}],"curies":[{"name":"wp","href":"https:\/\/api.w.org\/{rel}","templated":true}]}}