{"id":412,"date":"2022-07-12T09:33:01","date_gmt":"2022-07-12T09:33:01","guid":{"rendered":"https:\/\/apotekar-online.rs\/product\/ferticure-30-kesica\/"},"modified":"2026-03-05T08:29:08","modified_gmt":"2026-03-05T10:29:08","slug":"fertichiura-30-punga","status":"publish","type":"product","link":"https:\/\/apotekar-online.rs\/ro\/p\/ferticure-30-kesica\/","title":{"rendered":"Fertichiura 30 pungi"},"content":{"rendered":"","protected":false},"excerpt":{"rendered":"<p><b>Fertichiura\u00a0<\/b>este un supliment alimentar destinat femeilor cu diagnostic de sindrom ovarian polichistic, adolescen\u021bilor (acnee, sub\u021biri, menstrua\u021bii neregulate), persoanelor cu rezisten\u021b\u0103 la insulin\u0103, femeilor care planific\u0103 o sarcin\u0103 (ovula\u021bie neregulat\u0103, calitate proast\u0103 a ovulelor), persoanelor care au dificult\u0103\u021bi \u00een sl\u0103bit (\u0219old). zona, stomac), femeile gravide care au un risc crescut de a dezvolta diabet gestational.<\/p>\n<p><b>Indicatii:<\/b><\/p>\n<p>\u2013 Prima linie de ap\u0103rare \u00een PCOS<br \/>\n- Reface echilibrul hormonal<br \/>\n- Stabile\u0219te ovula\u021bia<br \/>\n- Reduce rezistenta la insulina<br \/>\n- Reduce hiperandrogenismul<br \/>\n- Prevenirea diabetului gestational<br \/>\n- Reducerea greut\u0103\u021bii corporale<\/p>\n<p><b>Opera\u021biune:<\/b><\/p>\n<p>* Mio-inozitol:<br \/>\n- Particip\u0103 la producerea de androgeni la nivel ovarian<br \/>\n- Creste sensibilitatea celulelor la insulina<br \/>\n- Sprijin\u0103 ovula\u021bia<br \/>\n- Regleaza ciclul menstrual<\/p>\n<p>* Vitamina E (acetat de DL-a-tocoferil):<br \/>\n- Protejarea celulelor de stresul oxidativ<\/p>\n<p>*Acid folic (Quatrefolic\u00ae):<br \/>\n- prevenirea defectelor de tub neural (spina bifida)<br \/>\n- Sinteza normal\u0103 de ADN, ARN, proteine<br \/>\n\u2013 Cre\u0219terea \u021besutului matern \u00een timpul sarcinii<br \/>\n- Formarea normal\u0103 a s\u00e2ngelui<br \/>\n- Metabolismul normal al homocisteinei<\/p>\n<p>* Zinc:<br \/>\n- Diviziune celulara<br \/>\n- Contribuie la fertilitatea si reproducerea normala<\/p>\n<p>* Crom:<br \/>\n- Mentinerea nivelului normal al glicemiei<\/p>\n<p><b>Dozaj \u0219i mod de utilizare <\/b><\/p>\n<p><b>\u00a0<\/b>1 plic pe zi dizolvat intr-un pahar cu apa. Utilizarea regulat\u0103 a pudrei Ferticure timp de 3-6 luni asigur\u0103 succesul terapiei.<\/p>\n<p><b>Compozi\u0163ie:\u00a0<\/b>Mio-inozitol 2000mg, Vitamina E (DL-a-tocoferil-acetat) 27mg, Vitamina B9 (Quatrefolic\u00ae-glucozamin\u0103 sare-5-metil-tetrahidrofolic acid) 400\u00b5g, Zinc (zinc-gluconat) 15mg, Crom (picolinat de crom) 200 ug<\/p>\n<p><b>Ambalare:<\/b>\u00a030 plicuri<\/p>\n<p><strong>Not\u0103:<\/strong>\u00a0Ne str\u0103duim s\u0103 fim c\u00e2t mai precisi \u00een descrierea tuturor produselor, dar nu putem garanta c\u0103 toate descrierile sunt complete \u0219i f\u0103r\u0103 erori. Multumesc pentru intelegere.<br \/>\nToate articolele afi\u0219ate pe site fac parte din oferta noastr\u0103, dar nu \u00eenseamn\u0103 c\u0103 sunt disponibile \u00een orice moment.<\/p>\n<p>&nbsp;<\/p>","protected":false},"featured_media":325,"template":"","meta":[],"product_brand":[],"product_cat":[87,85],"product_tag":[],"class_list":{"0":"post-412","1":"product","2":"type-product","3":"status-publish","4":"has-post-thumbnail","6":"product_cat-dijabetes-i-insulinska-rezistencija","7":"product_cat-zdravlje-zena","8":"pa_brend-dacom-pharm","10":"first","11":"outofstock","12":"purchasable","13":"product-type-simple"},"ams_default_variation_id":0,"ams_product_points_reward":[],"ams_product_discount_percentage":0,"ams_price_to_display":3550,"ams_acf":[],"jetpack_sharing_enabled":true,"_links":{"self":[{"href":"https:\/\/apotekar-online.rs\/ro\/wp-json\/wp\/v2\/product\/412","targetHints":{"allow":["GET"]}}],"collection":[{"href":"https:\/\/apotekar-online.rs\/ro\/wp-json\/wp\/v2\/product"}],"about":[{"href":"https:\/\/apotekar-online.rs\/ro\/wp-json\/wp\/v2\/types\/product"}],"wp:featuredmedia":[{"embeddable":true,"href":"https:\/\/apotekar-online.rs\/ro\/wp-json\/wp\/v2\/media\/325"}],"wp:attachment":[{"href":"https:\/\/apotekar-online.rs\/ro\/wp-json\/wp\/v2\/media?parent=412"}],"wp:term":[{"taxonomy":"product_brand","embeddable":true,"href":"https:\/\/apotekar-online.rs\/ro\/wp-json\/wp\/v2\/product_brand?post=412"},{"taxonomy":"product_cat","embeddable":true,"href":"https:\/\/apotekar-online.rs\/ro\/wp-json\/wp\/v2\/product_cat?post=412"},{"taxonomy":"product_tag","embeddable":true,"href":"https:\/\/apotekar-online.rs\/ro\/wp-json\/wp\/v2\/product_tag?post=412"}],"curies":[{"name":"wp","href":"https:\/\/api.w.org\/{rel}","templated":true}]}}