{"id":4136,"date":"2023-09-08T09:12:46","date_gmt":"2023-09-08T11:12:46","guid":{"rendered":"https:\/\/apotekar-online.rs\/?post_type=product&#038;p=4136"},"modified":"2026-03-05T08:13:31","modified_gmt":"2026-03-05T10:13:31","slug":"anaftin-gel-8ml","status":"publish","type":"product","link":"https:\/\/apotekar-online.rs\/ro\/p\/anaftin-gel-8ml\/","title":{"rendered":"Anaftin gel 8ml"},"content":{"rendered":"","protected":false},"excerpt":{"rendered":"<p>Gelul Anaftin ajut\u0103 la vindecarea leziunilor minore din gur\u0103, cum ar fi:<\/p>\n<p>- r\u0103ni<\/p>\n<p>\u2013 leziuni ale mucoaselor<\/p>\n<p>Gelul amelioreaz\u0103 durerea, ac\u021bioneaz\u0103 rapid \u0219i are un efect de lung\u0103 durat\u0103<\/p>\n<p>Con\u021bine polivinilpirolidon\u0103 \u0219i acid hialuronic, care formeaz\u0103 un strat protector care acoper\u0103 cavitatea bucal\u0103 \u0219i o asigur\u0103<\/p>\n<p>o barier\u0103 mecanic\u0103 \u00een locurile dureroase \u0219i astfel atenueaz\u0103 durerea cauzat\u0103 de termina\u021biile nervoase expuse.<\/p>\n<p>Gelul Anaftin ajut\u0103 la ameliorarea durerii cauzate de leziuni minore din gur\u0103, cum ar fi afte<\/p>\n<p>stomatit\u0103 aftoas\u0103, r\u0103ni aftoase precum \u0219i leziuni mici cauzate de proteze corective \u0219i falci artificiale prost montate.<\/p>\n<p>Este indicat si pentru ulceratiile aftoase difuze.<\/p>\n<p>Acidul hialuronic \u0219i Aloe vera \u00een compozi\u021bia sa ajut\u0103 la vindecarea natural\u0103 a \u021besutului deteriorat.<\/p>\n<p>&nbsp;<\/p>\n<p><strong>Utilizarea<\/strong> : O cantitate mic\u0103 de gel poate fi aplicat\u0103 direct pe afte<\/p>\n<p>Pentru adul\u021bi, precum \u0219i pentru copii, dac\u0103 sunt capabili s\u0103 foloseasc\u0103 acest produs \u00een mod corespunz\u0103tor<\/p>\n<p><strong>Not\u0103:<\/strong>\u00a0Ne str\u0103duim s\u0103 fim c\u00e2t mai precisi \u00een descrierea tuturor produselor, dar nu putem garanta c\u0103 toate descrierile sunt complete \u0219i f\u0103r\u0103 erori. Multumesc pentru intelegere.<br \/>\nToate articolele afi\u0219ate pe site fac parte din oferta noastr\u0103, dar nu \u00eenseamn\u0103 c\u0103 sunt disponibile \u00een orice moment.<\/p>\n<p>&nbsp;<\/p>","protected":false},"featured_media":4137,"template":"","meta":[],"product_brand":[],"product_cat":[121],"product_tag":[1120,1267,1266],"class_list":{"0":"post-4136","1":"product","2":"type-product","3":"status-publish","4":"has-post-thumbnail","6":"product_cat-higijena-usta-i-zuba","7":"product_tag-afte","8":"product_tag-povrede-sluzokoze","9":"product_tag-ranice-u-ustima","11":"first","12":"outofstock","13":"shipping-taxable","14":"product-type-simple"},"ams_default_variation_id":0,"ams_product_points_reward":[],"ams_product_discount_percentage":0,"ams_price_to_display":0,"ams_acf":[],"jetpack_sharing_enabled":true,"_links":{"self":[{"href":"https:\/\/apotekar-online.rs\/ro\/wp-json\/wp\/v2\/product\/4136","targetHints":{"allow":["GET"]}}],"collection":[{"href":"https:\/\/apotekar-online.rs\/ro\/wp-json\/wp\/v2\/product"}],"about":[{"href":"https:\/\/apotekar-online.rs\/ro\/wp-json\/wp\/v2\/types\/product"}],"wp:featuredmedia":[{"embeddable":true,"href":"https:\/\/apotekar-online.rs\/ro\/wp-json\/wp\/v2\/media\/4137"}],"wp:attachment":[{"href":"https:\/\/apotekar-online.rs\/ro\/wp-json\/wp\/v2\/media?parent=4136"}],"wp:term":[{"taxonomy":"product_brand","embeddable":true,"href":"https:\/\/apotekar-online.rs\/ro\/wp-json\/wp\/v2\/product_brand?post=4136"},{"taxonomy":"product_cat","embeddable":true,"href":"https:\/\/apotekar-online.rs\/ro\/wp-json\/wp\/v2\/product_cat?post=4136"},{"taxonomy":"product_tag","embeddable":true,"href":"https:\/\/apotekar-online.rs\/ro\/wp-json\/wp\/v2\/product_tag?post=4136"}],"curies":[{"name":"wp","href":"https:\/\/api.w.org\/{rel}","templated":true}]}}