{"id":4143,"date":"2023-09-08T09:55:02","date_gmt":"2023-09-08T11:55:02","guid":{"rendered":"https:\/\/apotekar-online.rs\/?post_type=product&#038;p=4143"},"modified":"2026-03-05T08:13:31","modified_gmt":"2026-03-05T10:13:31","slug":"herba-alpin-mint-bombone-48gr","status":"publish","type":"product","link":"https:\/\/apotekar-online.rs\/ro\/p\/herba-alpin-mint-bombone-48gr\/","title":{"rendered":"Bomboane cu ment\u0103 alpin\u0103 Herba 48gr"},"content":{"rendered":"","protected":false},"excerpt":{"rendered":"<p>Herba biljne bombone, alpski mint, napravljene su od \u0161e\u0107era i glukoznog sirupa, u ovu bazu se dodaju razli\u010diti sastojci: vo\u0107ni, biljni ekstrakti, vitamini, arome \u00a0i prirodne arome koje se sastoje od 13 isprobanih i medicinski testiranih biljaka. Herba ima blagotvorne efekte na usta i grlo.<\/p>\n<p>&nbsp;<\/p>","protected":false},"featured_media":4144,"template":"","meta":[],"product_brand":[],"product_cat":[78],"product_tag":[1276,1277],"class_list":{"0":"post-4143","1":"product","2":"type-product","3":"status-publish","4":"has-post-thumbnail","6":"product_cat-vitamini-i-minerali","7":"product_tag-bombone","8":"product_tag-bombone-za-grlo","9":"pa_brend-sumi","11":"first","12":"instock","13":"shipping-taxable","14":"purchasable","15":"product-type-simple"},"ams_default_variation_id":0,"ams_product_points_reward":[],"ams_product_discount_percentage":0,"ams_price_to_display":80,"ams_acf":[],"jetpack_sharing_enabled":true,"_links":{"self":[{"href":"https:\/\/apotekar-online.rs\/ro\/wp-json\/wp\/v2\/product\/4143","targetHints":{"allow":["GET"]}}],"collection":[{"href":"https:\/\/apotekar-online.rs\/ro\/wp-json\/wp\/v2\/product"}],"about":[{"href":"https:\/\/apotekar-online.rs\/ro\/wp-json\/wp\/v2\/types\/product"}],"wp:featuredmedia":[{"embeddable":true,"href":"https:\/\/apotekar-online.rs\/ro\/wp-json\/wp\/v2\/media\/4144"}],"wp:attachment":[{"href":"https:\/\/apotekar-online.rs\/ro\/wp-json\/wp\/v2\/media?parent=4143"}],"wp:term":[{"taxonomy":"product_brand","embeddable":true,"href":"https:\/\/apotekar-online.rs\/ro\/wp-json\/wp\/v2\/product_brand?post=4143"},{"taxonomy":"product_cat","embeddable":true,"href":"https:\/\/apotekar-online.rs\/ro\/wp-json\/wp\/v2\/product_cat?post=4143"},{"taxonomy":"product_tag","embeddable":true,"href":"https:\/\/apotekar-online.rs\/ro\/wp-json\/wp\/v2\/product_tag?post=4143"}],"curies":[{"name":"wp","href":"https:\/\/api.w.org\/{rel}","templated":true}]}}