{"id":4148,"date":"2023-09-11T05:39:53","date_gmt":"2023-09-11T07:39:53","guid":{"rendered":"https:\/\/apotekar-online.rs\/?post_type=product&#038;p=4148"},"modified":"2026-03-05T08:13:31","modified_gmt":"2026-03-05T10:13:31","slug":"curcuma-crema-rece-225ml","status":"publish","type":"product","link":"https:\/\/apotekar-online.rs\/ro\/p\/kurkuma-cream-cold-225ml\/","title":{"rendered":"Crema de curcuma rece 225 ml"},"content":{"rendered":"","protected":false},"excerpt":{"rendered":"<p>Crema de turmeric este destinata masajului muschilor si structurilor osoase-articulare: maini, gat, umerii, spate si picioare, cu un efect puternic de racire la locul aplicarii.<br \/>\nAjuta in conditiile inflamatorii actuale (acute), probleme cu varice, picioare umflate si obosite, impotriva durerilor musculare si de spate.<br \/>\nRegenereaz\u0103 \u0219i relaxeaz\u0103 picioarele obosite, \u00eembun\u0103t\u0103\u021be\u0219te circula\u021bia s\u00e2ngelui \u00een piele, reduce senza\u021bia de greutate la nivelul picioarelor \u0219i picioarelor din cauza st\u0103rii \u00een picioare \u0219i a mersului prelungit. Masarea pielii dup\u0103 activit\u0103\u021bi sportive relaxeaz\u0103 mu\u0219chii.<\/p>\n<p class=\"mainTitle oswald\"><strong>Mod de utilizare<\/strong><\/p>\n<div class=\"text\">Aplica\u021bi crema pe zona dureroas\u0103 cu mi\u0219c\u0103ri circulare u\u0219oare \u0219i freca\u021bi-o \u00een piele. Procedura poate fi repetat\u0103 de mai multe ori \u00een timpul zilei \u0219i la nevoie. Crema se intinde usor si se absoarbe rapid fara a lasa reziduuri uleioase.<\/div>\n<div><\/div>\n<div>\n<p class=\"mainTitle oswald\"><strong>Compozi\u0163ie<\/strong><\/p>\n<div class=\"text\">Ulei esen\u021bial de turmeric, extract de turmeric, \u0219oricel\u0103, rozmarin, cimbru, castan de cal, c\u0103tin\u0103, n\u0103dejde, sun\u0103toare, mu\u0219e\u021bel, m\u0103ce\u0219. urzici, arnica, chimen, hamamelis, suflarea mamei.<\/div>\n<\/div>\n<div><\/div>\n<div><strong>Not\u0103<\/strong>: Ne str\u0103duim s\u0103 fim c\u00e2t mai precisi \u00een descrierea tuturor produselor, dar nu putem garanta c\u0103 toate descrierile sunt complete \u0219i f\u0103r\u0103 erori. Multumesc pentru intelegere.<br \/>\nToate articolele afi\u0219ate pe site fac parte din oferta noastr\u0103, dar nu \u00eenseamn\u0103 c\u0103 sunt disponibile \u00een orice moment<\/div>\n<div><\/div>\n<div><\/div>","protected":false},"featured_media":4149,"template":"","meta":[],"product_brand":[],"product_cat":[82],"product_tag":[1284,1281,1283,1280,1282,1279,890,1286,1285],"class_list":{"0":"post-4148","1":"product","2":"type-product","3":"status-publish","4":"has-post-thumbnail","6":"product_cat-kosti-zglobovi-i-neuropatski-bol","7":"product_tag-bolovi-u-misicima","8":"product_tag-divlji-kesten","9":"product_tag-efektom-hladjenja","10":"product_tag-hajducka-trava","11":"product_tag-hamamelis","12":"product_tag-kurkuma","13":"product_tag-ruzmarin","14":"product_tag-sportske-povrede","15":"product_tag-umorne-noge","16":"pa_brend-bioclinica","18":"first","19":"instock","20":"shipping-taxable","21":"purchasable","22":"product-type-simple"},"ams_default_variation_id":0,"ams_product_points_reward":[],"ams_product_discount_percentage":0,"ams_price_to_display":2020,"ams_acf":[],"jetpack_sharing_enabled":true,"_links":{"self":[{"href":"https:\/\/apotekar-online.rs\/ro\/wp-json\/wp\/v2\/product\/4148","targetHints":{"allow":["GET"]}}],"collection":[{"href":"https:\/\/apotekar-online.rs\/ro\/wp-json\/wp\/v2\/product"}],"about":[{"href":"https:\/\/apotekar-online.rs\/ro\/wp-json\/wp\/v2\/types\/product"}],"wp:featuredmedia":[{"embeddable":true,"href":"https:\/\/apotekar-online.rs\/ro\/wp-json\/wp\/v2\/media\/4149"}],"wp:attachment":[{"href":"https:\/\/apotekar-online.rs\/ro\/wp-json\/wp\/v2\/media?parent=4148"}],"wp:term":[{"taxonomy":"product_brand","embeddable":true,"href":"https:\/\/apotekar-online.rs\/ro\/wp-json\/wp\/v2\/product_brand?post=4148"},{"taxonomy":"product_cat","embeddable":true,"href":"https:\/\/apotekar-online.rs\/ro\/wp-json\/wp\/v2\/product_cat?post=4148"},{"taxonomy":"product_tag","embeddable":true,"href":"https:\/\/apotekar-online.rs\/ro\/wp-json\/wp\/v2\/product_tag?post=4148"}],"curies":[{"name":"wp","href":"https:\/\/api.w.org\/{rel}","templated":true}]}}