{"id":4150,"date":"2023-09-11T05:47:58","date_gmt":"2023-09-11T07:47:58","guid":{"rendered":"https:\/\/apotekar-online.rs\/?post_type=product&#038;p=4150"},"modified":"2026-03-05T08:13:31","modified_gmt":"2026-03-05T10:13:31","slug":"crema-turmeric-fierbinte-225ml","status":"publish","type":"product","link":"https:\/\/apotekar-online.rs\/ro\/p\/kurkum-cream-hot-225ml\/","title":{"rendered":"Crema de curcuma fierbinte 225 ml"},"content":{"rendered":"","protected":false},"excerpt":{"rendered":"<p>Crema cu curcuma este destinata masajului gatului, umerilor, spatelui, incheieturii si picioarelor, cu un puternic efect de incalzire la locul de aplicare. Ajut\u0103 la reumatism, artrit\u0103, artroz\u0103, regenerare articular\u0103 \u0219i muscular\u0103, tulbur\u0103ri de circula\u021bie periferic\u0103, leziuni sportive. Contribuie la reducerea durerii, a frecven\u021bei inflama\u021biilor, a umfl\u0103turilor \u0219i a rigidit\u0103\u021bii, trateaz\u0103 mu\u0219chii \u0219i articula\u021biile \u0219i red\u0103 flexibilitatea tendoanelor.<br \/>\nContribuie la reducerea durerii la nivelul coloanei vertebrale - g\u00e2t, piept \u0219i regiunea lombar\u0103, durerea \u00een articula\u021biile bra\u021belor \u0219i picioarelor \u0219i durerea \u00een mu\u0219chi \u0219i tendoane. Regenereaz\u0103 \u0219i relaxeaz\u0103 picioarele \u0219i picioarele obosite \u0219i ofer\u0103 o senza\u021bie de confort. Prin masarea pielii sportivilor se realizeaz\u0103 relaxarea muscular\u0103.<br \/>\n\u00cen momentul aplic\u0103rii, crema \u00eembun\u0103t\u0103\u021be\u0219te circula\u021bia periferic\u0103 \u0219i alimentarea cu s\u00e2nge a pielii \u0219i ofer\u0103 o senza\u021bie de confort \u0219i c\u0103ldur\u0103 pl\u0103cut\u0103 care dureaz\u0103 mult timp.<\/p>\n<p class=\"mainTitle oswald\"><strong>Mod de utilizare<\/strong><\/p>\n<div class=\"text\">Aplica\u021bi o cantitate mic\u0103 de crem\u0103 \u0219i cu un masaj de relaxare, freca\u021bi crema pe zona dureroas\u0103 a pielii.<\/div>\n<div><\/div>\n<div><\/div>\n<div>\n<p class=\"mainTitle oswald\"><strong>Compozi\u0163ie<\/strong><\/p>\n<div class=\"text\">Ulei esen\u021bial de turmeric, extract de turmeric, \u0219oricel, \u0219oricel, c\u0103tin\u0103, mullein, brusture, mu\u0219e\u021bel, rozmarin, sun\u0103toare, hamamelis, alge marine, frunze de aloe vera.<\/div>\n<\/div>\n<div><\/div>\n<div>\n<p class=\"mainTitle oswald\"><strong>Descriere suplimentar\u0103<\/strong><\/p>\n<div class=\"text\">Dup\u0103 aplicare, zona se poate sim\u021bi cald\u0103, ro\u0219ie sau ustur\u0103toare. Dup\u0103 aplicarea produsului, sp\u0103la\u021bi-v\u0103 m\u00e2inile. Evita\u021bi contactul cu ochii, membranele mucoase sau pielea deteriorat\u0103. Nu utiliza\u021bi preparatul \u00een locuri unde exist\u0103 varice.<\/div>\n<\/div>\n<div><\/div>\n<div><\/div>\n<div><strong>Not\u0103<\/strong>: Ne str\u0103duim s\u0103 fim c\u00e2t mai precisi \u00een descrierea tuturor produselor, dar nu putem garanta c\u0103 toate descrierile sunt complete \u0219i f\u0103r\u0103 erori. Multumesc pentru intelegere.<br \/>\nToate articolele afi\u0219ate pe site fac parte din oferta noastr\u0103, dar nu \u00eenseamn\u0103 c\u0103 sunt disponibile \u00een orice moment<\/div>","protected":false},"featured_media":4151,"template":"","meta":[],"product_brand":[],"product_cat":[82],"product_tag":[816,1291,1290,529,1288,1282,1258,1279,1289,1287,1293,1292,890,1285],"class_list":{"0":"post-4150","1":"product","2":"type-product","3":"status-publish","4":"has-post-thumbnail","6":"product_cat-kosti-zglobovi-i-neuropatski-bol","7":"product_tag-aloe-vera","8":"product_tag-artritis","9":"product_tag-artroza","10":"product_tag-bokvica","11":"product_tag-gavez","12":"product_tag-hamamelis","13":"product_tag-kantarion","14":"product_tag-kurkuma","15":"product_tag-masaza-sa-efektom-grejanja","16":"product_tag-morske-alge","17":"product_tag-poremecaj-periferne-cirkulacije","18":"product_tag-reumatizam","19":"product_tag-ruzmarin","20":"product_tag-umorne-noge","21":"pa_brend-bioclinica","23":"first","24":"instock","25":"shipping-taxable","26":"purchasable","27":"product-type-simple"},"ams_default_variation_id":0,"ams_product_points_reward":[],"ams_product_discount_percentage":0,"ams_price_to_display":2020,"ams_acf":[],"jetpack_sharing_enabled":true,"_links":{"self":[{"href":"https:\/\/apotekar-online.rs\/ro\/wp-json\/wp\/v2\/product\/4150","targetHints":{"allow":["GET"]}}],"collection":[{"href":"https:\/\/apotekar-online.rs\/ro\/wp-json\/wp\/v2\/product"}],"about":[{"href":"https:\/\/apotekar-online.rs\/ro\/wp-json\/wp\/v2\/types\/product"}],"wp:featuredmedia":[{"embeddable":true,"href":"https:\/\/apotekar-online.rs\/ro\/wp-json\/wp\/v2\/media\/4151"}],"wp:attachment":[{"href":"https:\/\/apotekar-online.rs\/ro\/wp-json\/wp\/v2\/media?parent=4150"}],"wp:term":[{"taxonomy":"product_brand","embeddable":true,"href":"https:\/\/apotekar-online.rs\/ro\/wp-json\/wp\/v2\/product_brand?post=4150"},{"taxonomy":"product_cat","embeddable":true,"href":"https:\/\/apotekar-online.rs\/ro\/wp-json\/wp\/v2\/product_cat?post=4150"},{"taxonomy":"product_tag","embeddable":true,"href":"https:\/\/apotekar-online.rs\/ro\/wp-json\/wp\/v2\/product_tag?post=4150"}],"curies":[{"name":"wp","href":"https:\/\/api.w.org\/{rel}","templated":true}]}}