{"id":417,"date":"2022-07-12T09:33:04","date_gmt":"2022-07-12T11:33:04","guid":{"rendered":"https:\/\/apotekar-online.rs\/product\/combinerv-20-tableta\/"},"modified":"2026-03-05T08:29:07","modified_gmt":"2026-03-05T10:29:07","slug":"combinerv-20-tablet","status":"publish","type":"product","link":"https:\/\/apotekar-online.rs\/ro\/p\/combinerv-20-tableta\/","title":{"rendered":"CombiNERV 20 comprimate"},"content":{"rendered":"","protected":false},"excerpt":{"rendered":"<p>CombiNERV\u00ae prezint\u0103 o nou\u0103 combina\u021bie cvadrupl\u0103 de substan\u021be active care con\u021bine doi antioxidan\u021bi:<br \/>\nacid alfa-lipoic (ALA) \u0219i superoxid dismutaz\u0103 (SOD) \u00een combina\u021bie cu acetil-L-carnitin\u0103 \u0219i vitamina B12<br \/>\nCombina\u021bia de ingrediente active are rolul de a \u00eembun\u0103t\u0103\u021bi func\u021bia nervoas\u0103 \u0219i de a sprijini terapia durerii neuropatice.<\/p>\n<p><strong>Dozaj \u0219i mod de utilizare<\/strong><br \/>\n1 tablet\u0103 pe zi cu un pahar cu ap\u0103.<\/p>\n<p><strong>Not\u0103:<\/strong>\u00a0Ne str\u0103duim s\u0103 fim c\u00e2t mai precisi \u00een descrierea tuturor produselor, dar nu putem garanta c\u0103 toate descrierile sunt complete \u0219i f\u0103r\u0103 erori. Multumesc pentru intelegere.<br \/>\nToate articolele afi\u0219ate pe site fac parte din oferta noastr\u0103, dar nu \u00eenseamn\u0103 c\u0103 sunt disponibile \u00een orice moment.<\/p>","protected":false},"featured_media":335,"template":"","meta":[],"product_brand":[],"product_cat":[87,82],"product_tag":[322,792],"class_list":{"0":"post-417","1":"product","2":"type-product","3":"status-publish","4":"has-post-thumbnail","6":"product_cat-dijabetes-i-insulinska-rezistencija","7":"product_cat-kosti-zglobovi-i-neuropatski-bol","8":"product_tag-nervni-sistem","9":"product_tag-nervni-zavrsetak","10":"pa_brend-libytec","12":"first","13":"instock","14":"purchasable","15":"product-type-simple"},"ams_default_variation_id":0,"ams_product_points_reward":[],"ams_product_discount_percentage":0,"ams_price_to_display":2655.74,"ams_acf":[],"jetpack_sharing_enabled":true,"_links":{"self":[{"href":"https:\/\/apotekar-online.rs\/ro\/wp-json\/wp\/v2\/product\/417","targetHints":{"allow":["GET"]}}],"collection":[{"href":"https:\/\/apotekar-online.rs\/ro\/wp-json\/wp\/v2\/product"}],"about":[{"href":"https:\/\/apotekar-online.rs\/ro\/wp-json\/wp\/v2\/types\/product"}],"wp:featuredmedia":[{"embeddable":true,"href":"https:\/\/apotekar-online.rs\/ro\/wp-json\/wp\/v2\/media\/335"}],"wp:attachment":[{"href":"https:\/\/apotekar-online.rs\/ro\/wp-json\/wp\/v2\/media?parent=417"}],"wp:term":[{"taxonomy":"product_brand","embeddable":true,"href":"https:\/\/apotekar-online.rs\/ro\/wp-json\/wp\/v2\/product_brand?post=417"},{"taxonomy":"product_cat","embeddable":true,"href":"https:\/\/apotekar-online.rs\/ro\/wp-json\/wp\/v2\/product_cat?post=417"},{"taxonomy":"product_tag","embeddable":true,"href":"https:\/\/apotekar-online.rs\/ro\/wp-json\/wp\/v2\/product_tag?post=417"}],"curies":[{"name":"wp","href":"https:\/\/api.w.org\/{rel}","templated":true}]}}