{"id":4170,"date":"2023-09-11T08:56:58","date_gmt":"2023-09-11T10:56:58","guid":{"rendered":"https:\/\/apotekar-online.rs\/?post_type=product&#038;p=4170"},"modified":"2026-03-05T08:13:30","modified_gmt":"2026-03-05T10:13:30","slug":"gel-hyalfit-cu-efect-de-racire-120ml25ml-gratuit","status":"publish","type":"product","link":"https:\/\/apotekar-online.rs\/ro\/p\/hyalfit-gel-sa-hladecim-efektom-120ml25ml-gratis\/","title":{"rendered":"Gel Hyalfit cu efect de r\u0103cire 120ml + 25ml gratuit"},"content":{"rendered":"","protected":false},"excerpt":{"rendered":"<p>Gelul Hyalfit este un preparat destinat masajului cu efect calmant asupra muschilor, ligamentelor si articulatiilor cu efect racoritor.<\/p>\n<p>A fost creat pentru ameliorarea rapid\u0103 \u0219i de lung\u0103 durat\u0103 \u0219i ameliorarea durerii.<\/p>\n<p>Mentolul \u00een combina\u021bie cu s\u00e2ngele de alcool, r\u0103ce\u0219te \u0219i ajut\u0103 la absorb\u021bia mai bun\u0103 a substan\u021belor active. Preparatul con\u021bine o combina\u021bie echilibrat\u0103 de trei tipuri de ierburi (<em>T\u0103m\u00e2ie indian\u0103 \u2013 Boswellia serrata, t\u0103m\u00e2ie \u2013 Symphytum officinale, castan de cal \u2013 Aesculus hyppocastanum<\/em>) cu efect benefic asupra \u00eentregului sistem musculo-scheletic. Gelul Hyalfit este \u00eembog\u0103\u021bit suplimentar cu acid hialuronic, care este o parte integrant\u0103 a lichidului sinovial al articula\u021biilor.<\/p>\n<p>Extractul de castan de cal afecteaza reducerea simptomelor precum: varice, dureri, oboseala, umflarea picioarelor, edem. O component\u0103 a castanului de cal, escina, este considerat\u0103 responsabil\u0103 pentru majoritatea efectelor asupra stabiliz\u0103rii pere\u021bilor vaselor de s\u00e2nge venoase \u0219i, prin urmare, a reducerii umfl\u0103turilor \u0219i durerii.<\/p>\n<p>Propriet\u0103\u021bile medicinale ale consolului includ uleiuri esen\u021biale, tanin, mucilagii, colin\u0103 \u0219i substan\u021ba rar\u0103 alantoina. Extractul de r\u0103d\u0103cin\u0103 de consol\u0103 are un efect benefic asupra diferitelor tipuri de leziuni, entorse \u0219i luxa\u021bii, deoarece are \u0219i efecte antiinflamatorii, este eficient \u0219i pentru umfl\u0103turi \u0219i v\u00e2n\u0103t\u0103i.<\/p>\n<p>Boswellia Serrata (arborele de t\u0103m\u00e2ie) - o plant\u0103 care cre\u0219te \u00een India \u0219i al c\u0103rei extract este folosit pentru a calma durerea \u00een osteoartrita. Con\u021bine o cantitate mare de acizi Boswellia, care atenueaz\u0103 procesul inflamator, au un efect pozitiv \u00een atenuarea simptomelor osteoartritei, ajut\u0103 la durerile articulare, rigiditatea matinal\u0103 \u0219i \u00eembun\u0103t\u0103\u021besc mobilitatea articula\u021biilor.<\/p>\n<p>&nbsp;<\/p>\n<p class=\"mainTitle oswald\"><strong>Mod de utilizare<\/strong><\/p>\n<div class=\"text\">\n<p>Aplica\u021bi pe zona dureroas\u0103 de 2-4 ori pe zi \u0219i masa\u021bi bine.<\/p>\n<\/div>\n<p>&nbsp;<\/p>\n<p class=\"mainTitle oswald\"><strong>Ac\u021biune<\/strong><\/p>\n<div class=\"text\">\n<p>Mentolul \u00een combina\u021bie cu alcool \u00eembun\u0103t\u0103\u021be\u0219te circula\u021bia, r\u0103ce\u0219te \u0219i ajut\u0103 la o mai bun\u0103 absorb\u021bie a substan\u021belor active. pe \u00eentreg sistemul musculo-scheletic, gelul Hyalfit este \u00eembog\u0103\u021bit suplimentar cu acid hialuronic, care este parte integrant\u0103 a lichidului sinovial al articula\u021biilor.<\/p>\n<\/div>\n<p>&nbsp;<\/p>\n<div class=\"text\">\n<p class=\"mainTitle oswald\"><strong>Compozi\u0163ie<\/strong><\/p>\n<div class=\"text\">\n<p>Apa, alcool izopropilic, glicerina, mentol, extract de Symphytum officinale, extract de Boswllia Serrata, extract de Aesculus hippocastanum, extract de eucalyptus globulus, acid hialuronic, fenoxietanol, capril glicol, carbomer, d-limonen.<\/p>\n<\/div>\n<\/div>\n<p>&nbsp;<\/p>\n<p><strong>Not\u0103:<\/strong>\u00a0Ne str\u0103duim s\u0103 fim c\u00e2t mai precisi \u00een descrierea tuturor produselor, dar nu putem garanta c\u0103 toate descrierile sunt complete \u0219i f\u0103r\u0103 erori. Multumesc pentru intelegere.<br \/>\nToate articolele afi\u0219ate pe site fac parte din oferta noastr\u0103, dar nu \u00eenseamn\u0103 c\u0103 sunt disponibile \u00een orice moment<\/p>\n<p>&nbsp;<\/p>\n<div class=\"text\">\n<p>&nbsp;<\/p>\n<\/div>","protected":false},"featured_media":4172,"template":"","meta":[],"product_brand":[],"product_cat":[82,177],"product_tag":[1281,1322,1320,1288,1321,1165,1315,1323,297,1155,691,1285],"class_list":{"0":"post-4170","1":"product","2":"type-product","3":"status-publish","4":"has-post-thumbnail","6":"product_cat-kosti-zglobovi-i-neuropatski-bol","7":"product_cat-nega-tela","8":"product_tag-divlji-kesten","9":"product_tag-edem","10":"product_tag-efekat-hladjenja","11":"product_tag-gavez","12":"product_tag-hiajluron","13":"product_tag-istegnuca","14":"product_tag-misice","15":"product_tag-modrica","16":"product_tag-otok","17":"product_tag-prosirene-vene","18":"product_tag-umor","19":"product_tag-umorne-noge","20":"pa_brend-dacom-pharma","22":"first","23":"instock","24":"shipping-taxable","25":"purchasable","26":"product-type-simple"},"ams_default_variation_id":0,"ams_product_points_reward":[],"ams_product_discount_percentage":0,"ams_price_to_display":1056,"ams_acf":[],"jetpack_sharing_enabled":true,"_links":{"self":[{"href":"https:\/\/apotekar-online.rs\/ro\/wp-json\/wp\/v2\/product\/4170","targetHints":{"allow":["GET"]}}],"collection":[{"href":"https:\/\/apotekar-online.rs\/ro\/wp-json\/wp\/v2\/product"}],"about":[{"href":"https:\/\/apotekar-online.rs\/ro\/wp-json\/wp\/v2\/types\/product"}],"wp:featuredmedia":[{"embeddable":true,"href":"https:\/\/apotekar-online.rs\/ro\/wp-json\/wp\/v2\/media\/4172"}],"wp:attachment":[{"href":"https:\/\/apotekar-online.rs\/ro\/wp-json\/wp\/v2\/media?parent=4170"}],"wp:term":[{"taxonomy":"product_brand","embeddable":true,"href":"https:\/\/apotekar-online.rs\/ro\/wp-json\/wp\/v2\/product_brand?post=4170"},{"taxonomy":"product_cat","embeddable":true,"href":"https:\/\/apotekar-online.rs\/ro\/wp-json\/wp\/v2\/product_cat?post=4170"},{"taxonomy":"product_tag","embeddable":true,"href":"https:\/\/apotekar-online.rs\/ro\/wp-json\/wp\/v2\/product_tag?post=4170"}],"curies":[{"name":"wp","href":"https:\/\/api.w.org\/{rel}","templated":true}]}}