{"id":4179,"date":"2023-09-11T09:37:14","date_gmt":"2023-09-11T11:37:14","guid":{"rendered":"https:\/\/apotekar-online.rs\/?post_type=product&#038;p=4179"},"modified":"2026-03-05T08:13:30","modified_gmt":"2026-03-05T10:13:30","slug":"donvas-gel-gel-magneziu-200ml","status":"publish","type":"product","link":"https:\/\/apotekar-online.rs\/ro\/p\/donvas-magnezijum-freeze-gel-200ml\/","title":{"rendered":"Donvas Magnesium Freeze gel 200 ml"},"content":{"rendered":"","protected":false},"excerpt":{"rendered":"<p>Gel pe baz\u0103 de clorur\u0103 de magneziu pentru refacerea mu\u0219chilor cu efect de r\u0103cire, 200ml<\/p>\n<p>Magneziul este un mineral esen\u021bial, necesar pentru buna func\u021bionare a sistemului nervos, a inimii, a fluxului sanguin \u0219i a mu\u0219chilor. Magneziul reduce tensiunea nervoas\u0103 \u0219i stresul, ajut\u0103 \u00een cazurile de insomnie, dureri de cap, iritabilitate, anxietate \u0219i simptome care \u00eenso\u021besc sindromul premenstrual. Relaxeaz\u0103 mu\u0219chii, reduce oboseala, amelioreaz\u0103 crampele \u0219i durerile. Magneziul mineral<br \/>\nhidrateaz\u0103 pielea \u0219i atenueaz\u0103 procesul de \u00eemb\u0103tr\u00e2nire.<br \/>\nGel de congelare de magneziu Donvas formulat pe baza de clorura de magneziu, care se absoarbe rapid prin piele, cu adaos de mentol, extract de arnica si uleiuri esentiale de menta si eucalipt. Extractul de arnic\u0103 \u00eembun\u0103t\u0103\u021be\u0219te circula\u021bia \u0219i prezint\u0103 efecte antiinflamatorii \u0219i analgezice, care amelioreaz\u0103 durerea \u00een leziunile musculare \u0219i ale tendonului. Uleiurile esen\u021biale de ment\u0103 \u0219i eucalipt \u00een combina\u021bie cu mentol creeaz\u0103 un efect de r\u0103cire intens la punctul de aplicare. Gelul de congelare cu magneziu Donvas cu o combina\u021bie de ingrediente active creeaz\u0103 un efect intens de r\u0103cire \u0219i relaxare a mu\u0219chilor, accelereaz\u0103 recuperarea \u021besutului muscular inflamat \u0219i a ligamentelor \u00eentinse dup\u0103 sport \u0219i activitate fizic\u0103.<\/p>\n<div class=\"product attribute using\">\n<p><strong class=\"type\">Utilizarea<\/strong><\/p>\n<div class=\"value\">\n<p>Aplica\u021bi gelul \u00eentr-un strat sub\u021bire pe pielea curat\u0103 \u0219i masa\u021bi u\u0219or p\u00e2n\u0103 la absorb\u021bia complet\u0103. Se recomand\u0103 utilizarea gelului de mai multe ori pe zi.<\/p>\n<p>A se p\u0103stra \u00eentr-un loc uscat, la o temperatur\u0103 de +5 \u00b0C p\u00e2n\u0103 la + 25 \u00b0C, la \u00eendem\u00e2na copiilor.<\/p>\n<\/div>\n<\/div>\n<div class=\"product attribute composition\">\n<p><strong class=\"type\">Continutul<\/strong><\/p>\n<div class=\"value\">\n<p>Aqua, alcool, glicerina, mentol, clorura de magneziu, extract de flori de arnica montana, acid caprylhidroxamic, gliceril caprilat, ulei de menta piperita, ulei de frunze de eucalipt globulus, carbomer, trietanolamina, benzoat de sodiu.<\/p>\n<\/div>\n<p>&nbsp;<\/p>\n<\/div>\n<p><strong>Not\u0103:<\/strong>\u00a0Ne str\u0103duim s\u0103 fim c\u00e2t mai precisi \u00een descrierea tuturor produselor, dar nu putem garanta c\u0103 toate descrierile sunt complete \u0219i f\u0103r\u0103 erori. Multumesc pentru intelegere.<br \/>\nToate articolele afi\u0219ate pe site fac parte din oferta noastr\u0103, dar nu \u00eenseamn\u0103 c\u0103 sunt disponibile \u00een orice moment.<\/p>\n<p>&nbsp;<\/p>","protected":false},"featured_media":4180,"template":"","meta":[],"product_brand":[],"product_cat":[82,177],"product_tag":[1345,1320,249,1343,1342,1340,1019,551,636,282,1341,1344,321],"class_list":{"0":"post-4179","1":"product","2":"type-product","3":"status-publish","4":"has-post-thumbnail","6":"product_cat-kosti-zglobovi-i-neuropatski-bol","7":"product_cat-nega-tela","8":"product_tag-arnika","9":"product_tag-efekat-hladjenja","10":"product_tag-eukaliptus","11":"product_tag-glavobolje","12":"product_tag-grcevi-u-misicima","13":"product_tag-magnezijum-hlorid","14":"product_tag-menta","15":"product_tag-mentol","16":"product_tag-napetost","17":"product_tag-nesanica","18":"product_tag-oporavak-misica","19":"product_tag-smanjuje-umor","20":"product_tag-stres","21":"pa_brend-donvas","23":"first","24":"instock","25":"shipping-taxable","26":"purchasable","27":"product-type-simple"},"ams_default_variation_id":0,"ams_product_points_reward":[],"ams_product_discount_percentage":0,"ams_price_to_display":525,"ams_acf":[],"jetpack_sharing_enabled":true,"_links":{"self":[{"href":"https:\/\/apotekar-online.rs\/ro\/wp-json\/wp\/v2\/product\/4179","targetHints":{"allow":["GET"]}}],"collection":[{"href":"https:\/\/apotekar-online.rs\/ro\/wp-json\/wp\/v2\/product"}],"about":[{"href":"https:\/\/apotekar-online.rs\/ro\/wp-json\/wp\/v2\/types\/product"}],"wp:featuredmedia":[{"embeddable":true,"href":"https:\/\/apotekar-online.rs\/ro\/wp-json\/wp\/v2\/media\/4180"}],"wp:attachment":[{"href":"https:\/\/apotekar-online.rs\/ro\/wp-json\/wp\/v2\/media?parent=4179"}],"wp:term":[{"taxonomy":"product_brand","embeddable":true,"href":"https:\/\/apotekar-online.rs\/ro\/wp-json\/wp\/v2\/product_brand?post=4179"},{"taxonomy":"product_cat","embeddable":true,"href":"https:\/\/apotekar-online.rs\/ro\/wp-json\/wp\/v2\/product_cat?post=4179"},{"taxonomy":"product_tag","embeddable":true,"href":"https:\/\/apotekar-online.rs\/ro\/wp-json\/wp\/v2\/product_tag?post=4179"}],"curies":[{"name":"wp","href":"https:\/\/api.w.org\/{rel}","templated":true}]}}