{"id":4214,"date":"2023-09-12T07:43:04","date_gmt":"2023-09-12T09:43:04","guid":{"rendered":"https:\/\/apotekar-online.rs\/?post_type=product&#038;p=4214"},"modified":"2026-03-05T08:13:29","modified_gmt":"2026-03-05T10:13:29","slug":"bengay-crema-50gr","status":"publish","type":"product","link":"https:\/\/apotekar-online.rs\/ro\/p\/bengay-krem-50gr\/","title":{"rendered":"Crema bengay 50gr"},"content":{"rendered":"","protected":false},"excerpt":{"rendered":"<p><strong>V\u00e2nzarea acestui medicament prin internet este interzis\u0103 de legea Republicii Serbia, \u00een timp ce publicitatea acestuia prin internet este permis\u0103 exclusiv<\/strong>\u00a0<strong>ca reamintire si are scopul de a informa.<\/strong><\/p>\n<p>REGULAMENTE PRIVIND MODALITATEA DE PUBLICITATE A MEDICAMENTELOR, SAU A MEDICAMENTELOR Sl. Ch. RS\u201d, Nr. 79\/2010 PUTE\u021aI VEDE\u00a0<a href=\"https:\/\/www.apotekaonline.rs\/image\/data\/pdf\/pravilnik-o-nacinu-oglasavanja-leka-odnosno-medicinskog-sredstva.pdf\">AICI.<\/a><\/p>\n<p>&nbsp;<\/p>\n<p><strong>Ce este Bengay Cream \u0219i pentru ce este?<\/strong><br \/>\nCrema de medicament BENGAY con\u021bine substan\u021bele active metilsalicilat 15% \u0219i mentol 10%, care apar\u021bin grupului de iritan\u021bi locali. Substan\u021bele active ale cremei BENGAY \u00eembun\u0103t\u0103\u021besc circula\u021bia \u00een piele, conduc la \u00eenc\u0103lzirea zonei tratate \u0219i amelioreaz\u0103 durerea la locul de aplicare. Crema BENGAY este utilizat\u0103 pentru a reduce (elimina) durerea cauzat\u0103 de inflama\u021bia articula\u021biilor sau musculare, sau \u00eentinderea mu\u0219chilor, precum \u0219i luxa\u021bia articula\u021biilor. De asemenea, este folosit pentru a reduce (elimina) durerea \u00een leziunile sportive minore, atunci c\u00e2nd nu exist\u0103 leziuni ale pielii.<\/p>\n<p><strong>Ce trebuie s\u0103 \u0219ti\u021bi \u00eenainte de a lua crema Bengay?<\/strong><br \/>\nSpune\u021bi medicului dumneavoastr\u0103 \u0219i farmacistului dac\u0103 lua\u021bi sau a\u021bi luat recent orice alt medicament, inclusiv cele care pot fi ob\u021binute f\u0103r\u0103 prescrip\u021bie medical\u0103, apoi dac\u0103 ave\u021bi o boal\u0103 cronic\u0103, o tulburare metabolic\u0103, sunte\u021bi hipersensibil la medicamente sau a\u021bi avut reac\u021bii alergice la unii dintre ei.<\/p>\n<p><strong>Crema BENGAY nu trebuie utilizat\u0103:<\/strong><\/p>\n<ul>\n<li>\u00a0Dac\u0103 sunte\u021bi alergic la metilsalicilat \u0219i la al\u021bi salicila\u021bi, mentol sau la oricare dintre substan\u021bele auxiliare ale acestui medicament<\/li>\n<li>\u00a0Dac\u0103 ave\u021bi o ran\u0103 deschis\u0103, pielea r\u0103nit\u0103 sau iritat\u0103<\/li>\n<li>\u00a0Dac\u0103 ave\u021bi sub 12 ani<\/li>\n<li>\u00a0Dac\u0103 urma\u021bi tratament anticoagulant oral (warfarin\u0103, acenocumarol) din cauza riscului de s\u00e2ngerare<\/li>\n<\/ul>\n<p><strong>C\u00e2nd lua\u021bi crem\u0103 BENGAY, fi\u021bi deosebit de aten\u021bi:<br \/>\n\u00cenainte de a aplica BENGAY, crem\u0103, trebuie s\u0103 v\u0103 adresa\u021bi medicului dumneavoastr\u0103 dac\u0103:<\/strong><\/p>\n<ul>\n<li>\u00a0sunte\u021bi predispus la alergii sau a\u021bi avut deja o reac\u021bie alergic\u0103 la medicamente, \u00een special la aspirin\u0103<\/li>\n<li>\u00a0esti insarcinata<\/li>\n<li>\u00a0al\u0103pteaz\u0103<\/li>\n<\/ul>\n<p><strong>Avertiz\u0103ri:<\/strong><\/p>\n<ul>\n<li>BENGAY, crema este destinat\u0103 numai uzului cutanat<\/li>\n<li>Nu trebuie aplicat pe membranele mucoase ale ochilor, nasului, gurii sau organelor genitale<\/li>\n<li>M\u00e2inile trebuie sp\u0103late imediat dup\u0103 aplicarea cremei<\/li>\n<li>Nu trebuie s\u0103 face\u021bi plaj\u0103 \u00een zona p\u0103tat\u0103<\/li>\n<li>Nu trebuie s\u0103 folosi\u021bi cantit\u0103\u021bi mari de creme, nici s\u0103 pune\u021bi comprese \u00eenc\u0103lzite sau sticle cu ap\u0103 fierbinte pe zona uns\u0103<\/li>\n<li>Crema BENGAY nu trebuie aplicat\u0103 \u00een caz de iritare sau orice alte leziuni ale pielii<\/li>\n<li>Crema BENGAY con\u021bine lanolin\u0103 care poate provoca reac\u021bii cutanate locale (dermatit\u0103 de contact).<\/li>\n<\/ul>\n<p>Este necesar s\u0103 v\u0103 adresa\u021bi medicului dumneavoastr\u0103, dac\u0103 nu exist\u0103 o ameliorare a durerii timp de 10 sau mai multe zile de la \u00eenceputul aplic\u0103rii cremei BENGAY.<\/p>\n<p><strong>Aplicarea altor medicamente:<\/strong><br \/>\nO prelungire semnificativ\u0103 a INR a fost demonstrat\u0103 la pacien\u021bii care au luat simultan warfarin\u0103 pe cale oral\u0103 \u0219i au aplicat pe piele un preparat care con\u021bine metilsalicilat.<\/p>\n<p><strong>Administrarea cremei BENGAY cu alimente sau b\u0103uturi:<\/strong><br \/>\nNu se aplic\u0103.<\/p>\n<p><strong>Aplicarea cremei BENGAY \u00een timpul sarcinii \u0219i al\u0103pt\u0103rii:<\/strong><br \/>\n\u00cenainte de a \u00eencepe s\u0103 lua\u021bi orice medicament, consulta\u021bi medicul sau farmacistul.<br \/>\nAv\u00e2nd \u00een vedere c\u0103 metilsalicilatul, substan\u021ba activ\u0103 a cremei BENGAY, se absoarbe prin piele \u0219i poate avea un efect iritant asupra sistemului nervos central al bebelu\u0219ului, mai ales dup\u0103 aplicarea produsului pe zone mai mari ale corpului, crema BENGAY nu trebuie utilizat\u0103 \u00een timpul sarcinii \u0219i al\u0103ptarea f\u0103r\u0103 consultarea medicului. Medicul va evalua dac\u0103 beneficiul utiliz\u0103rii acestui preparat este mai mare dec\u00e2t riscul posibil pentru copilul dumneavoastr\u0103.<\/p>\n<p><strong>Efectul medicamentului BENGAY, crem\u0103 asupra conducerii autovehiculelor \u0219i a ma\u0219inilor<\/strong>:<br \/>\nNu exist\u0103 date privind influen\u021ba cremei BENGAY asupra capacit\u0103\u021bii de a conduce vehicule \u0219i utilaje.<\/p>\n<p><strong>Cum se utilizeaz\u0103 crema BENGAY?<\/strong><\/p>\n<ul>\n<li>Dac\u0103 crede\u021bi c\u0103 medicamentul BENGAY crem\u0103 este prea slab sau prea puternic pentru corpul dumneavoastr\u0103, adresa\u021bi-v\u0103 medicului dumneavoastr\u0103 sau farmacistului.<\/li>\n<li>Crema BENGAY este destinat\u0103 numai uzului extern<\/li>\n<li>Crema BENGAY este destinat\u0103 adul\u021bilor \u0219i adolescen\u021bilor cu v\u00e2rsta peste 12 ani<\/li>\n<li>Crema se aplica pe pielea zonei afectate prin frecare usoara; procedura se poate repeta dupa cateva ore (de obicei de 3-4 ori pe zi)<\/li>\n<li>Medicul dumneavoastr\u0103 v\u0103 va sf\u0103tui c\u00e2t timp s\u0103 lua\u021bi crema BENGAY<\/li>\n<\/ul>\n<p><strong>Dac\u0103 ave\u021bi nevoie de alte informa\u021bii sau ave\u021bi \u00eentreb\u0103ri suplimentare despre acest medicament sau boala dumneavoastr\u0103, contacta\u021bi medicul sau farmacistul.<\/strong><\/p>\n<p><strong>Dac\u0103 a\u021bi luat mai mult\u0103 crem\u0103 BENGAY dec\u00e2t trebuie:<\/strong><br \/>\nDac\u0103 a\u021bi luat o doz\u0103 de crem\u0103 BENGAY mai mare dec\u00e2t ar trebui, discuta\u021bi imediat cu medicul dumneavoastr\u0103 sau cu farmacistul! Ei vor lua m\u0103surile necesare \u0219i v\u0103 vor oferi sfaturi adecvate.<\/p>\n<p><strong>Dac\u0103 uita\u021bi s\u0103 lua\u021bi crema BENGAY:<\/strong><br \/>\nNu lua\u021bi niciodat\u0103 o doz\u0103 dubl\u0103 pentru a compensa doza omis\u0103! Continua\u021bi s\u0103 utiliza\u021bi preparatul atunci c\u00e2nd v\u0103 aminti\u021bi sau ave\u021bi ocazia s\u0103 face\u021bi acest lucru, dar cu utilizarea dozei recomandate \u0219i \u00een modul recomandat.<\/p>\n<p><strong>Dac\u0103 \u00eenceta\u021bi brusc s\u0103 lua\u021bi crem\u0103 BENGAY:<\/strong><br \/>\nNu se aplic\u0103.<\/p>\n<p><strong>Reac\u021bii adverse posibile:<\/strong><br \/>\nCa \u0219i alte medicamente, crema BENGAY poate provoca efecte nedorite la unele persoane, care sunt rareori grave. Ele se manifest\u0103 \u00een principal la locul aplic\u0103rii, ca reac\u021bii la nivelul pielii (de exemplu, ro\u0219ea\u021b\u0103, erup\u021bii cutanate, arsuri).<br \/>\n\u00cen cazul aplic\u0103rii unei cantit\u0103\u021bi mari de crem\u0103 BENGAY, adic\u0103 aplicarea pe zone mari ale pielii, pot ap\u0103rea reac\u021bii adverse similare cu cele care apar dup\u0103 administrarea oral\u0103 a preparatelor pe baz\u0103 de mentol: grea\u021b\u0103, dureri abdominale, v\u0103rs\u0103turi \u0219i simptome de depresie. a sistemului nervos central (dureri de cap, mers instabil, somnolen\u021b\u0103, respira\u021bie lent\u0103 \u0219i com\u0103). Dac\u0103 vreo reac\u021bie advers\u0103 devine grav\u0103 sau observa\u021bi orice reac\u021bie advers\u0103 care nu este men\u021bionat\u0103 \u00een acest ghid, v\u0103 rug\u0103m s\u0103 v\u0103 informa\u021bi medicul sau farmacistul.<\/p>\n<p><strong>Cum se p\u0103streaz\u0103 crema BENGAY?<\/strong><br \/>\nNu l\u0103sa\u021bi medicamentul BENGAY, crema la \u00eendem\u00e2na \u0219i vederea copiilor!<\/p>\n<p><strong>Data expir\u0103rii:<\/strong><br \/>\nTermenul de utilizare este de 2 ani<br \/>\nPreparatul nu trebuie utilizat dup\u0103 data de expirare marcat\u0103 pe ambalaj<\/p>\n<p><strong>Depozitare:<\/strong><br \/>\nMedicamentul se p\u0103streaz\u0103 la o temperatur\u0103 de p\u00e2n\u0103 la 25oC, \u00een ambalajul original<\/p>\n<p><strong>Ambalare:<\/strong>\u00a050 de grame<\/p>\n<p><strong>\u00cenainte de utilizare, studia\u021bi instruc\u021biunile \u00een detaliu.Consulta\u021bi un medic sau farmacist despre indica\u021bii, precau\u021bii \u0219i reac\u021bii adverse la medicament.<\/strong><\/p>\n<p>&nbsp;<\/p>\n<p>&nbsp;<\/p>\n<p>&nbsp;<\/p>","protected":false},"featured_media":4232,"template":"","meta":[],"product_brand":[],"product_cat":[82],"product_tag":[551,1375,1376,268],"class_list":{"0":"post-4214","1":"product","2":"type-product","3":"status-publish","4":"has-post-thumbnail","6":"product_cat-kosti-zglobovi-i-neuropatski-bol","7":"product_tag-mentol","8":"product_tag-metilsalicilat","9":"product_tag-poboljsava-cirkulaciju","10":"product_tag-zglobovi","12":"first","13":"instock","14":"shipping-taxable","15":"product-type-simple"},"ams_default_variation_id":0,"ams_product_points_reward":[],"ams_product_discount_percentage":0,"ams_price_to_display":0,"ams_acf":[],"jetpack_sharing_enabled":true,"_links":{"self":[{"href":"https:\/\/apotekar-online.rs\/ro\/wp-json\/wp\/v2\/product\/4214","targetHints":{"allow":["GET"]}}],"collection":[{"href":"https:\/\/apotekar-online.rs\/ro\/wp-json\/wp\/v2\/product"}],"about":[{"href":"https:\/\/apotekar-online.rs\/ro\/wp-json\/wp\/v2\/types\/product"}],"wp:featuredmedia":[{"embeddable":true,"href":"https:\/\/apotekar-online.rs\/ro\/wp-json\/wp\/v2\/media\/4232"}],"wp:attachment":[{"href":"https:\/\/apotekar-online.rs\/ro\/wp-json\/wp\/v2\/media?parent=4214"}],"wp:term":[{"taxonomy":"product_brand","embeddable":true,"href":"https:\/\/apotekar-online.rs\/ro\/wp-json\/wp\/v2\/product_brand?post=4214"},{"taxonomy":"product_cat","embeddable":true,"href":"https:\/\/apotekar-online.rs\/ro\/wp-json\/wp\/v2\/product_cat?post=4214"},{"taxonomy":"product_tag","embeddable":true,"href":"https:\/\/apotekar-online.rs\/ro\/wp-json\/wp\/v2\/product_tag?post=4214"}],"curies":[{"name":"wp","href":"https:\/\/api.w.org\/{rel}","templated":true}]}}