{"id":4218,"date":"2023-09-12T08:05:59","date_gmt":"2023-09-12T10:05:59","guid":{"rendered":"https:\/\/apotekar-online.rs\/?post_type=product&#038;p=4218"},"modified":"2026-03-05T08:13:29","modified_gmt":"2026-03-05T10:13:29","slug":"fluxiv-tablete-30x","status":"publish","type":"product","link":"https:\/\/apotekar-online.rs\/ro\/p\/fluxiv-tablete-30x\/","title":{"rendered":"Fluxiv comprimate 30x"},"content":{"rendered":"","protected":false},"excerpt":{"rendered":"<p><strong>Fluxiv<\/strong>\u00a0este un supliment alimentar care contribuie la o circula\u021bie vascular\u0103 s\u0103n\u0103toas\u0103.<\/p>\n<p><strong>Opera\u021biune:<\/strong><br \/>\nTrei ingrediente active \u00een combina\u021bie prelungesc efectul vasoconstrictor asupra peretelui venelor:<br \/>\n- creste tonusul venos<br \/>\n- reduce hipertensiunea venoas\u0103<\/p>\n<p>Cui \u00eei recomand\u0103m:<br \/>\n- pentru persoanele cu insuficien\u021b\u0103 venoas\u0103 cronic\u0103 (senza\u021bie de picioare grele, durere, oboseal\u0103 diminea\u021b\u0103 a picioarelor)<br \/>\n- la persoanele cu sindrom hemoroidal acut<\/p>\n<p><strong>Compozi\u0163ie:<\/strong><br \/>\nDiosmina, hesperidina, troxerutina si vitamina C, care actioneaza sinergic. Efectul acestei combina\u021bii este superior oric\u0103rei componente utilizate ca monoterapie. O combina\u021bie unic\u0103 de 500 mg de bioflavonoide.<\/p>\n<p><strong>Mod de aplicare:\u00a0<\/strong><br \/>\n1 capsul\u0103 de 2 ori pe zi, cu mult lichid<\/p>\n<p>\u200b<strong>Ambalare:<\/strong>\u00a030 comprimate filmate<\/p>\n<p>&nbsp;<\/p>\n<p>&nbsp;<\/p>","protected":false},"featured_media":4219,"template":"","meta":[],"product_brand":[],"product_cat":[79],"product_tag":[592,274,1133,275,1383,1385,1384,1382,245],"class_list":{"0":"post-4218","1":"product","2":"type-product","3":"status-publish","4":"has-post-thumbnail","6":"product_cat-srce-krvni-sudovi-i-holesterol","7":"product_tag-dijetetski-suplement","8":"product_tag-diosmin","9":"product_tag-hemoridi","10":"product_tag-hesperidin","11":"product_tag-hipertenzija","12":"product_tag-trokserutin","13":"product_tag-venska-insuficijencija","14":"product_tag-venski-tonus","15":"product_tag-vitamin-c","16":"pa_brend-antibiotice","18":"first","19":"instock","20":"shipping-taxable","21":"purchasable","22":"product-type-simple"},"ams_default_variation_id":0,"ams_product_points_reward":[],"ams_product_discount_percentage":0,"ams_price_to_display":950,"ams_acf":[],"jetpack_sharing_enabled":true,"_links":{"self":[{"href":"https:\/\/apotekar-online.rs\/ro\/wp-json\/wp\/v2\/product\/4218","targetHints":{"allow":["GET"]}}],"collection":[{"href":"https:\/\/apotekar-online.rs\/ro\/wp-json\/wp\/v2\/product"}],"about":[{"href":"https:\/\/apotekar-online.rs\/ro\/wp-json\/wp\/v2\/types\/product"}],"wp:featuredmedia":[{"embeddable":true,"href":"https:\/\/apotekar-online.rs\/ro\/wp-json\/wp\/v2\/media\/4219"}],"wp:attachment":[{"href":"https:\/\/apotekar-online.rs\/ro\/wp-json\/wp\/v2\/media?parent=4218"}],"wp:term":[{"taxonomy":"product_brand","embeddable":true,"href":"https:\/\/apotekar-online.rs\/ro\/wp-json\/wp\/v2\/product_brand?post=4218"},{"taxonomy":"product_cat","embeddable":true,"href":"https:\/\/apotekar-online.rs\/ro\/wp-json\/wp\/v2\/product_cat?post=4218"},{"taxonomy":"product_tag","embeddable":true,"href":"https:\/\/apotekar-online.rs\/ro\/wp-json\/wp\/v2\/product_tag?post=4218"}],"curies":[{"name":"wp","href":"https:\/\/api.w.org\/{rel}","templated":true}]}}