{"id":4222,"date":"2023-09-12T09:08:41","date_gmt":"2023-09-12T11:08:41","guid":{"rendered":"https:\/\/apotekar-online.rs\/?post_type=product&#038;p=4222"},"modified":"2026-03-05T08:13:29","modified_gmt":"2026-03-05T10:13:29","slug":"avaricon-kapsule-a30","status":"publish","type":"product","link":"https:\/\/apotekar-online.rs\/ro\/p\/avaricon-kapsule-a30\/","title":{"rendered":"Avaricon capsule a30"},"content":{"rendered":"","protected":false},"excerpt":{"rendered":"<p style=\"font-weight: 400;\">Distribu\u021bia acestui medicament pe Internet este strict interzis\u0103 \u0219i reglementat\u0103 de legile Republicii Serbia, \u00een timp ce prezentarea lui pe Internet este permis\u0103, exclusiv \u00een scopul inform\u0103rii publicului larg \u0219i profesional cu privire la scopul s\u0103u \u0219i o mai bun\u0103 familiarizare cu caracteristicile de baz\u0103 ale medicamentului \u00een sine.<\/p>\n<p>PUTE\u021aI VIZIONA REGULAMENTUL PRIVIND METODA MEDICAMENTULUI PUBLICIT\u0102\u021aI, PRIVIND MEDICINA (\u201eSl. Gl. RS\u201d, nr. 79\/2010)\u00a0<a href=\"http:\/\/paragraf.rs\/propisi_download\/pravilnik_o_nacinu_oglasavanja_leka_odnosno_medicinskog_sredstva.pdf\" data-saferedirecturl=\"https:\/\/www.google.com\/url?hl=en&amp;q=http:\/\/paragraf.rs\/propisi_download\/pravilnik_o_nacinu_oglasavanja_leka_odnosno_medicinskog_sredstva.pdf&amp;source=gmail&amp;ust=1527759702945000&amp;usg=AFQjCNGYXe-NLcMZz1Xgddqwd6WvI3_6uw\">AICI<\/a>.<\/p>\n<p style=\"font-weight: 400;\"><b><strong>Citi\u021bi cu aten\u021bie acest manual, deoarece con\u021bine informa\u021bii care sunt importante pentru dvs.<\/strong><\/b><\/p>\n<p style=\"font-weight: 400;\">Acest medicament poate fi ob\u021binut f\u0103r\u0103 prescrip\u021bie medical\u0103. Cu toate acestea, este necesar s\u0103 utiliza\u021bi Avaricon cu aten\u021bie pentru a ob\u021bine cele mai bune rezultate cu acesta.<\/p>\n<p style=\"font-weight: 400;\">Salva\u021bi instruc\u021biunile. Este posibil s\u0103 fie nevoie s\u0103-l citi\u021bi din nou.<\/p>\n<p style=\"font-weight: 400;\">Dac\u0103 mai ave\u021bi \u00eentreb\u0103ri, adresa\u021bi-v\u0103 farmacistului.<\/p>\n<p style=\"font-weight: 400;\">Dac\u0103 simptomele dumneavoastr\u0103 se agraveaz\u0103 sau nu v\u0103 sim\u021bi\u021bi mai bine dup\u0103 c\u00e2teva zile, trebuie s\u0103 v\u0103 adresa\u021bi medicului dumneavoastr\u0103.<\/p>\n<p style=\"font-weight: 400;\">Dac\u0103 vreo reac\u021bie advers\u0103 devine grav\u0103 sau observa\u021bi orice reac\u021bie advers\u0103 care nu este men\u021bionat\u0103 \u00een acest ghid, v\u0103 rug\u0103m s\u0103 v\u0103 informa\u021bi medicul sau farmacistul.<\/p>\n<p style=\"font-weight: 400;\">\u00cen acest ghid ve\u021bi citi:<\/p>\n<p style=\"font-weight: 400;\">Ce este Avaricon \u0219i pentru ce este?<\/p>\n<p style=\"font-weight: 400;\">Ce trebuie s\u0103 \u0219ti\u021bi \u00eenainte de a lua Avaricon<\/p>\n<p style=\"font-weight: 400;\">Cum se utilizeaz\u0103 Avaricon<\/p>\n<p style=\"font-weight: 400;\">Reac\u021bii adverse posibile<\/p>\n<p style=\"font-weight: 400;\">Cum se p\u0103streaz\u0103 Avaricon<\/p>\n<p style=\"font-weight: 400;\">Informa\u021bii suplimentare<\/p>\n<ol>\n<li style=\"font-weight: 400;\"><b><strong> CE ESTE MEDICAMENTUL AVARICON SI LA CE ESTE?<\/strong><\/b><\/li>\n<\/ol>\n<p style=\"font-weight: 400;\">Avaricon este utilizat pentru a trata simptomele insuficien\u021bei venoase cronice (CVI) (picioare obosite, grele, umflate, dureroase, crampe, amor\u021beal\u0103 \u0219i picioare \u201enelini\u0219tite\u201d) \u0219i sindromul hemoroidal acut.<\/p>\n<p style=\"font-weight: 400;\">Avaricon ac\u021bioneaz\u0103 \u0219i asupra celor mai mici vase de s\u00e2nge (capilare) prin reducerea permeabilit\u0103\u021bii apei \u0219i a altor substan\u021be prin perete. La pacien\u021bii cu vene varicoase \u0219i alte boli ale venelor de la picioare, aceste vase de s\u00e2nge mici au permeabilitate ridicat\u0103, ceea ce provoac\u0103 umflarea gleznelor. Avaricon reduce aceast\u0103 umflare \u0219i amelioreaz\u0103 simptomele generale precum dureri, oboseal\u0103, picioare grele \u0219i crampe. Se recomand\u0103 ca astfel de pacien\u021bi s\u0103 poarte bandaje elastice (de ex. ciorapi compresivi).<\/p>\n<p style=\"font-weight: 400;\">\u00cen cazul hemoroizilor, Avaricon va reduce umflarea din jurul anusului \u0219i va ameliora simptome precum m\u00e2nc\u0103rime, s\u00e2ngerare \u0219i umezire.<\/p>\n<p style=\"font-weight: 400;\"><b><strong>2. CE TREBUIE S\u0102 \u0218TI\u021aI \u00ceNAINTE S\u0102 LUA\u021aI AVARICON<\/strong><\/b><\/p>\n<p style=\"font-weight: 400;\"><b><strong>Avaricon nu trebuie utilizat:<\/strong><\/b><\/p>\n<p style=\"font-weight: 400;\">dac\u0103 sunte\u021bi hipersensibil la substan\u021ba activ\u0103 sau la orice alt ingredient al Avaricon.<\/p>\n<p style=\"font-weight: 400;\"><b><strong>C\u00e2nd lua\u021bi Avaricon, ave\u021bi grij\u0103 deosebit\u0103:<\/strong><\/b><\/p>\n<p style=\"font-weight: 400;\">Nu exist\u0103 avertismente speciale.<\/p>\n<p style=\"font-weight: 400;\"><b><strong>Aplicarea altor medicamente:<\/strong><\/b><\/p>\n<p style=\"font-weight: 400;\">Nu se cunosc interac\u021biuni<\/p>\n<p style=\"font-weight: 400;\"><b><strong>Utilizarea Avaricon cu alimente sau b\u0103uturi:<\/strong><\/b><\/p>\n<p style=\"font-weight: 400;\">Se recomand\u0103 s\u0103 lua\u021bi Avaricon cu o mas\u0103.<\/p>\n<p style=\"font-weight: 400;\"><b><strong>Utilizarea Avaricon \u00een timpul sarcinii \u0219i al\u0103pt\u0103rii:<\/strong><\/b><\/p>\n<p style=\"font-weight: 400;\">Av\u00e2nd \u00een vedere c\u0103 datele privind utilizarea Avaricon \u00een primele luni de sarcin\u0103 sunt pu\u021bine, acest medicament trebuie utilizat \u00een timpul sarcinii numai dup\u0103 consultarea medicului dumneavoastr\u0103.<\/p>\n<p style=\"font-weight: 400;\">Nu au fost efectuate studii la oameni care s\u0103 arate dac\u0103 troxerutina trece \u00een lapte. \u00cen studiile la animale, s-a observat o cantitate mic\u0103 de troxerutin \u00een lapte, chiar \u0219i la doze mari administrate, f\u0103r\u0103 a afecta descenden\u021bii.<\/p>\n<p style=\"font-weight: 400;\">\u00cenainte de a \u00eencepe s\u0103 lua\u021bi orice medicament, consulta\u021bi medicul sau farmacistul.<\/p>\n<p style=\"font-weight: 400;\"><b><strong>Efectul Avariconna asupra conducerii vehiculelor \u0219i folosirii utilajelor:<\/strong><\/b><\/p>\n<p style=\"font-weight: 400;\">Medicamentul Avaricon nu afecteaz\u0103 capacitatea de a conduce vehicule \u0219i de a folosi utilaje.<\/p>\n<ol start=\"3\">\n<li style=\"font-weight: 400;\"><b><strong> CUM S\u0102 UTILIZA\u021aI MEDICAMENTELE AVARICON<\/strong><\/b><\/li>\n<\/ol>\n<p style=\"font-weight: 400;\">Lua\u021bi Avaricon exact a\u0219a cum v-a spus medicul dumneavoastr\u0103. Dac\u0103 nu sunte\u021bi absolut sigur, consulta\u021bi medicul sau farmacistul.<\/p>\n<p style=\"font-weight: 400;\">Medicamentul Avaricon este destinat administr\u0103rii orale.<\/p>\n<p style=\"font-weight: 400;\"><b><strong>Doza ini\u021bial\u0103 recomandat\u0103 este:<\/strong><\/b><\/p>\n<p style=\"font-weight: 400;\">300 mg (1 capsul\u0103) de trei ori pe zi p\u00e2n\u0103 c\u00e2nd simptomele dispar. Doza de \u00eentre\u021binere este de 300 mg (1 capsul\u0103) de dou\u0103 ori pe zi. Terapia trebuie s\u0103 dureze cel pu\u021bin 2-4 s\u0103pt\u0103m\u00e2ni.<\/p>\n<p style=\"font-weight: 400;\">Capsulele trebuie \u00eenghi\u021bite \u00eentregi, cu o cantitate suficient\u0103 de lichid, de preferin\u021b\u0103 \u00een timpul mesei, pentru a preveni iritarea tractului gastro-intestinal.<\/p>\n<p style=\"font-weight: 400;\"><b><strong>Hemoroizi:<\/strong><\/b><\/p>\n<p style=\"font-weight: 400;\">Dac\u0103 semnele simptomelor hemoroidale acute nu dispar \u00een decurs de 15 zile, consulta\u021bi medicul sau farmacistul pentru sfaturi.<\/p>\n<p style=\"font-weight: 400;\"><b><strong>Insuficien\u021b\u0103 venoas\u0103:<\/strong><\/b><\/p>\n<p style=\"font-weight: 400;\">Aceast\u0103 terapie ob\u021bine cele mai bune rezultate \u00een combina\u021bie cu obiceiuri de via\u021b\u0103 s\u0103n\u0103toase. Trebuie evitate expunerea la soare, c\u0103ldur\u0103, statul \u00een picioare prelungit \u0219i cre\u0219terea \u00een greutate. Mersul pe jos \u0219i purtarea \u0219osetelor speciale pentru vene \u00eembun\u0103t\u0103\u021besc circula\u021bia venoas\u0103.<\/p>\n<p style=\"font-weight: 400;\"><b><strong>Dac\u0103 a\u021bi luat mai mult Avaricon dec\u00e2t trebuie:<\/strong><\/b><\/p>\n<p style=\"font-weight: 400;\">Nu exist\u0103 cazuri cunoscute de otr\u0103vire din cauza unei supradoze de Avaricon.<\/p>\n<p style=\"font-weight: 400;\"><b><strong>Dac\u0103 uita\u0163i s\u0103 lua\u0163i Avaricon:<\/strong><\/b><\/p>\n<p style=\"font-weight: 400;\">Nu lua\u021bi niciodat\u0103 o doz\u0103 dubl\u0103 de medicament pentru a compensa doza omis\u0103! Continua\u021bi s\u0103 lua\u021bi urm\u0103toarea doz\u0103 de medicament la ora obi\u0219nuit\u0103\/programat\u0103.<\/p>\n<p style=\"font-weight: 400;\">Dac\u0103 ave\u021bi \u00eentreb\u0103ri suplimentare despre utilizarea acestui medicament, adresa\u021bi-v\u0103 medicului dumneavoastr\u0103 sau farmacistului.<\/p>\n<ol start=\"4\">\n<li style=\"font-weight: 400;\"><b><strong> POSIBILE EFECTE ADVERSE<\/strong><\/b><\/li>\n<\/ol>\n<p style=\"font-weight: 400;\">Medicamentul Avaricon, ca \u0219i alte medicamente, poate avea reac\u021bii adverse, de\u0219i acestea nu pot ap\u0103rea la toat\u0103 lumea.<\/p>\n<p style=\"font-weight: 400;\">La utilizarea medicamentului, au fost raportate urm\u0103toarele reac\u021bii adverse, care au fost clasificate \u00een func\u021bie de frecven\u021b\u0103: foarte frecvente (&gt;1\/10), frecvente (&gt;1\/100, &lt;1\/10), ocazionale (&gt;1\/1000, &lt;1). \/100), rare (&gt;1\/10000, &lt;1\/1000), foarte rare (&lt;1\/10000), frecven\u021b\u0103 necunoscut\u0103 (nu poate fi estimat\u0103 din datele disponibile).<\/p>\n<p style=\"font-weight: 400;\">Foarte rar au fost raportate reac\u021bii adverse u\u0219oare (reac\u021bii alergice cutanate, tulbur\u0103ri gastrointestinale, cefalee, \u00eenro\u0219irea fe\u021bei), care au disp\u0103rut rapid dup\u0103 \u00eentreruperea tratamentului.<\/p>\n<p style=\"font-weight: 400;\">Dac\u0103 vreo reac\u021bie advers\u0103 devine grav\u0103 sau observa\u021bi orice reac\u021bie advers\u0103 care nu este men\u021bionat\u0103 \u00een aceast\u0103 instruc\u021biune, v\u0103 rug\u0103m s\u0103 v\u0103 informa\u021bi medicul sau farmacistul.<\/p>\n<ol start=\"5\">\n<li style=\"font-weight: 400;\"><b><strong>CUM SE P\u0102STREAZ\u0102 MEDICAMENTUL AVARICON\u00a0<\/strong><\/b><\/li>\n<\/ol>\n<p style=\"font-weight: 400;\"><b><strong>Depozitare:<\/strong><\/b><br \/>\nA se pastra in ambalajul original la o temperatura de pana la 30\u00b0C.<\/p>\n<ol start=\"6\">\n<li style=\"font-weight: 400;\"><b><strong> INFORMA\u021aII SUPLIMENTARE<\/strong><\/b><\/li>\n<\/ol>\n<p style=\"font-weight: 400;\"><b><strong>Cum arat\u0103 medicamentul Avaricon \u0219i con\u021binutul ambalajului.<\/strong><\/b><\/p>\n<p style=\"font-weight: 400;\">Capsulele de Avaricon 300 mg con\u021bin granule galbene \u00een capsule din dou\u0103 p\u0103r\u021bi, opace, de culoare negru-visiniu. Corpul capsulei este visiniu, opac, iar capacul este negru, opac.<br \/>\nUn pachet original con\u021bine trei blistere cu c\u00e2te 10 capsule \u0219i instruc\u021biuni de utilizare \u00eentr-o cutie de carton.<\/p>\n<p style=\"font-weight: 400;\"><b><strong>Mod de administrare a medicamentului:<\/strong><\/b><br \/>\nMedicamentul este eliberat f\u0103r\u0103 prescrip\u021bie medical\u0103.<\/p>\n<h4><b><strong>\u00cenainte de utilizare, studia\u021bi instruc\u021biunile \u00een detaliu. Consulta\u021bi-v\u0103 medicul sau farmacistul despre indica\u021bii, precau\u021bii \u0219i reac\u021bii adverse la medicamente.<\/strong><\/b><\/h4>\n<p>&nbsp;<\/p>\n<p>&nbsp;<\/p>","protected":false},"featured_media":4223,"template":"","meta":[],"product_brand":[],"product_cat":[79],"product_tag":[271,1133,1388,1285,277],"class_list":{"0":"post-4222","1":"product","2":"type-product","3":"status-publish","4":"has-post-thumbnail","6":"product_cat-srce-krvni-sudovi-i-holesterol","7":"product_tag-grcevi","8":"product_tag-hemoridi","9":"product_tag-nemirne-noge","10":"product_tag-umorne-noge","11":"product_tag-vene","13":"first","14":"instock","15":"shipping-taxable","16":"product-type-simple"},"ams_default_variation_id":0,"ams_product_points_reward":[],"ams_product_discount_percentage":0,"ams_price_to_display":0,"ams_acf":[],"jetpack_sharing_enabled":true,"_links":{"self":[{"href":"https:\/\/apotekar-online.rs\/ro\/wp-json\/wp\/v2\/product\/4222","targetHints":{"allow":["GET"]}}],"collection":[{"href":"https:\/\/apotekar-online.rs\/ro\/wp-json\/wp\/v2\/product"}],"about":[{"href":"https:\/\/apotekar-online.rs\/ro\/wp-json\/wp\/v2\/types\/product"}],"wp:featuredmedia":[{"embeddable":true,"href":"https:\/\/apotekar-online.rs\/ro\/wp-json\/wp\/v2\/media\/4223"}],"wp:attachment":[{"href":"https:\/\/apotekar-online.rs\/ro\/wp-json\/wp\/v2\/media?parent=4222"}],"wp:term":[{"taxonomy":"product_brand","embeddable":true,"href":"https:\/\/apotekar-online.rs\/ro\/wp-json\/wp\/v2\/product_brand?post=4222"},{"taxonomy":"product_cat","embeddable":true,"href":"https:\/\/apotekar-online.rs\/ro\/wp-json\/wp\/v2\/product_cat?post=4222"},{"taxonomy":"product_tag","embeddable":true,"href":"https:\/\/apotekar-online.rs\/ro\/wp-json\/wp\/v2\/product_tag?post=4222"}],"curies":[{"name":"wp","href":"https:\/\/api.w.org\/{rel}","templated":true}]}}