{"id":4224,"date":"2023-09-12T09:23:49","date_gmt":"2023-09-12T11:23:49","guid":{"rendered":"https:\/\/apotekar-online.rs\/?post_type=product&#038;p=4224"},"modified":"2026-03-05T08:13:29","modified_gmt":"2026-03-05T10:13:29","slug":"jomelop-e-melem-145ml","status":"publish","type":"product","link":"https:\/\/apotekar-online.rs\/ro\/p\/jomelop-e-melem145ml\/","title":{"rendered":"Balsam Jomelop E 145ml"},"content":{"rendered":"","protected":false},"excerpt":{"rendered":"<p>Balsamul Jomelop E pentru indepartarea cicatricilor, cheloidelor si a efectelor arsurilor Balsamul Jomelop E este o emulsie special formulata pentru uz extern a carei componenta activa consta din uleiuri esentiale si extracte de plante medicinale de calitate standardizata. O component\u0103 foarte important\u0103 a fitopreparatului JOMELOP E este un substrat special selectat, care include ulei de m\u0103sline nerafinat. Rolul s\u0103u principal este de a asigura o func\u021bie reologic\u0103 optim\u0103, datorit\u0103 compozi\u021biei sale chimice (vitamine, polifenoli, steroli). Unguentul a ar\u0103tat rezultate excelente \u00een \u00eendep\u0103rtarea cicatricilor \u0219i cheloidelor cauzate de arsuri \u0219i alte tipuri de leziuni.<\/p>\n<p><strong>Compozi\u0163ie:<\/strong>\u00a0Aqua, ulei de m\u0103sline extravirgin, Lanolinum anhydricum, Acidum stearicum, ulei de lavand\u0103, extract de plante, Euxyl K100 0,04%.<\/p>\n<p><strong>Ambalare:<\/strong>\u00a0150 ml<\/p>\n<p><strong>Mod de aplicare si dozare:\u00a0<\/strong>Sp\u0103la\u021bi cheloizii, \u021besuturile ridate deformate (cunoscute \u00een mod popular sub numele de carne s\u0103lbatic\u0103) \u0219i cicatricile cu ap\u0103 c\u0103ldu\u021b\u0103 folosind s\u0103pun pentru copii sau cu glicerin\u0103, apoi usca\u021bi zona cu un prosop curat \u0219i moale. \u00cenmuia\u021bi zona preg\u0103tit\u0103 astfel cu unguent \u0219i masa\u021bi-o u\u0219or cu v\u00e2rful degetelor timp de 5-10 minute, ad\u0103ug\u00e2nd ocazional unguent. Face\u021bi acest lucru diminea\u021ba \u0219i seara \u00eenainte de a merge la culcare. Pentru cicatricile si cheloidele vechi, procedura este aceeasi, cu exceptia faptului ca masajul dureaza 20-30 de minute cu aplicarea unui masaj mai puternic. \u00cen ambele cazuri, seara \u00eenainte de culcare, pune\u021bi pe cicatrici \u0219i cheloizi un tifon de patru ori \u00eembibat cu unguent \u0219i fixa\u021bi-l cu un bandaj sau plasture \u0219i petrece\u021bi noaptea a\u0219a. Terapia dureaz\u0103 \u00een func\u021bie de v\u00e2rsta \u0219i dimensiunea cicatricilor sau a cheloidului. Acest unguent, cu compozi\u021bia sa medicinal\u0103 adecvat\u0103, func\u021bioneaz\u0103 foarte eficient pentru arsurile de gradul \u00eent\u00e2i de intensitate, astfel \u00eenc\u00e2t imediat dup\u0103 ce a fost aplicat pe locul ars, durerea s\u0103 dispar\u0103 \u0219i eritemul (ro\u0219ea\u021ba) s\u0103 dispar\u0103 \u00eentr-un timp relativ scurt. Acest unguent a ar\u0103tat un rezultat excelent \u00een reducerea aproape complet\u0103, adic\u0103 \u00eendep\u0103rtarea cicatricilor \u0219i cheloizilor cauzate de arsuri \u0219i alte tipuri de leziuni.<\/p>\n<p><strong>Not\u0103:<\/strong>\u00a0Doar pentru uz extern.<\/p>\n<p><strong>Produc\u0103tor:<\/strong>\u00a0Menta Padei<\/p>\n<p>&nbsp;<\/p>\n<p>&nbsp;<\/p>\n<p>&nbsp;<\/p>","protected":false},"featured_media":4225,"template":"","meta":[],"product_brand":[],"product_cat":[547],"product_tag":[899,1109,1363],"class_list":{"0":"post-4224","1":"product","2":"type-product","3":"status-publish","4":"has-post-thumbnail","6":"product_cat-kozmetika-i-nega-za-odrasle","7":"product_tag-melem","8":"product_tag-opekotine","9":"product_tag-oziljke","10":"pa_brend-menta-padej","12":"first","13":"instock","14":"shipping-taxable","15":"purchasable","16":"product-type-simple"},"ams_default_variation_id":0,"ams_product_points_reward":[],"ams_product_discount_percentage":0,"ams_price_to_display":998,"ams_acf":[],"jetpack_sharing_enabled":true,"_links":{"self":[{"href":"https:\/\/apotekar-online.rs\/ro\/wp-json\/wp\/v2\/product\/4224","targetHints":{"allow":["GET"]}}],"collection":[{"href":"https:\/\/apotekar-online.rs\/ro\/wp-json\/wp\/v2\/product"}],"about":[{"href":"https:\/\/apotekar-online.rs\/ro\/wp-json\/wp\/v2\/types\/product"}],"wp:featuredmedia":[{"embeddable":true,"href":"https:\/\/apotekar-online.rs\/ro\/wp-json\/wp\/v2\/media\/4225"}],"wp:attachment":[{"href":"https:\/\/apotekar-online.rs\/ro\/wp-json\/wp\/v2\/media?parent=4224"}],"wp:term":[{"taxonomy":"product_brand","embeddable":true,"href":"https:\/\/apotekar-online.rs\/ro\/wp-json\/wp\/v2\/product_brand?post=4224"},{"taxonomy":"product_cat","embeddable":true,"href":"https:\/\/apotekar-online.rs\/ro\/wp-json\/wp\/v2\/product_cat?post=4224"},{"taxonomy":"product_tag","embeddable":true,"href":"https:\/\/apotekar-online.rs\/ro\/wp-json\/wp\/v2\/product_tag?post=4224"}],"curies":[{"name":"wp","href":"https:\/\/api.w.org\/{rel}","templated":true}]}}