{"id":4235,"date":"2023-09-13T08:43:37","date_gmt":"2023-09-13T10:43:37","guid":{"rendered":"https:\/\/apotekar-online.rs\/?post_type=product&#038;p=4235"},"modified":"2026-03-05T08:13:29","modified_gmt":"2026-03-05T10:13:29","slug":"silben-nano-spray-reparator-pentru-rani-125ml","status":"publish","type":"product","link":"https:\/\/apotekar-online.rs\/ro\/p\/silben-nano-repair-sprej-za-rane-125ml\/","title":{"rendered":"Silben Nano spray reparator pentru r\u0103ni 125ml"},"content":{"rendered":"","protected":false},"excerpt":{"rendered":"<p>SILBEN nano repair\u00a0medicinsko sredstvo u obliku pra\u0161ka u spreju, zahvaljuju\u0107i svojim svojstvima, deluje kao za\u0161titna barijera koja spre\u010davaju\u0107i omek\u0161avanje povre\u0111ene ko\u017ee, posebno kod rana sa sekrecijom poma\u017ee da se ponovo uspostavi normalno fiziolo\u0161ko stanje, \u0161to podsti\u010de prirodno obnavljanje ko\u017ee.<\/p>\n<p>Funkcija barijere se posti\u017ee kombinacijom kaolina i hijaluronske kiseline, gde svaki sastojak ima specifi\u010dno delovanje.<\/p>\n<p>Tiab je kompleks u kome je nanokristalni titanijum dioksid kovalentno vezan sa monovalentnim jonima srebra, Ag + [Tiab] koji je ugra\u0111en u barijeru formiranu od kaolina i hijaluronske kiseline, obezbe\u0111uje da je ona otporna na delovanje mikroorganizama, tako pobolj\u0161avaju\u0107i efekat za\u0161tite rane.<\/p>\n<p>Kaolin &#8211; deluje kao materijal koji upija kod rana sa sekretom.<\/p>\n<p>Hijaluronska kiselina &#8211; zahvaljuju\u0107i sposobnosti da vezuje hidrofilne molekule, stvara tanak vla\u017ean film. Hijaluronska kiselina je sastavni deo humane ko\u017ee.<\/p>\n<p>&#8212;<br \/>\nTiab je patentovan kompleks u kome je nanokristalni titanijum dioksid kovalentno vezan sa monovalentnim jonima srebra, Ag + [Tiab].<\/p>\n<p>Kao unikatan kompleks, Tiab ima dokumentovano sna\u017eno:<\/p>\n<p>antibakterijsko,<br \/>\nantifungalno i<br \/>\nantivirusno dejstvo.<br \/>\nOstale informacije:<\/p>\n<p>Tiab ima u svom sastavu isklju\u010divo jone srebra, Ag + oblik.<\/p>\n<p>Tiab ne oksidi\u0161e tako da srebro ne gubi svoju antimikrobnu aktivnost kao \u0161to je to u slu\u010dajevima koloidnog srebra ili srebra u jedinjenjima soli.<\/p>\n<p>Tiab je temeljno testiran, bezbedan i ne pokazuje citotoksi\u010dno delovanje na ljudske \u0107elije i tkiva.<\/p>\n<p>Tiab je kori\u0161\u0107en u stomatologiji, ginekologiji i dermatologiji u proizvodima iz EU od 2012. godine kao novi kompleks sa jakim antimikrobnim svojstvima.<\/p>\n<p>&#8212;<br \/>\nSILBEN nano repair je pra\u0161ak u spreju za lokalnu primenu, namenjen stvaranju efikasne barijere u vidu filma, poma\u017ee prirodni proces zarastanja rane na dva na\u010dina:<\/p>\n<p>izolovanjem rane, on uspostavlja za\u0161titnu mikro sredinu oko povrede, \u0161to je savr\u0161en uslov za brzo spontano zarastanje;<br \/>\nograni\u010davanjem prodora mikroorganizama i antimikrobnom aktivno\u0161\u0107u, stvara najbolje uslove za regeneraciju tkiva.<\/p>\n<p>SILBEN nano repair, medicinsko sredstvo u obliku pra\u0161ka u spreju se koristi kod:<\/p>\n<p>posekotina, poderotina, ogrebotina.<br \/>\nrana sa poja\u010danim lu\u010denjem sekreta,<br \/>\ndijabetesnog stopala,<br \/>\natletskog stopala (tinea pedis),<br \/>\ndekubita,<br \/>\nopekotina prvog i drugog stepena<br \/>\nSilben nano se preporu\u010duje da bude sastavni deo svake ku\u0107ne i putne apoteke.<\/p>\n<p>&nbsp;<\/p>\n<p>1. Pre upotrebe ozle\u0111eno mesto o\u010distiti i dobro osu\u0161iti.<\/p>\n<p>2. Promu\u0107kati bo\u010dicu pre upotrebe nekoliko puta<\/p>\n<p>3. Naprskati tanak sloj pra\u0161ka samo na ozle\u0111eno mesto.<\/p>\n<p>4. Ne masirati.<\/p>\n<p>5. Ponoviti postupak dva puta dnevno.<\/p>\n<p><strong>Sastav:<\/strong> Tiab kompleks, kaolin, hijaluronska kiselina<\/p>\n","protected":false},"featured_media":4236,"template":"","meta":[],"product_brand":[],"product_cat":[150,80],"product_tag":[1394,1118,977,541,1395,298,1393,1134],"class_list":{"0":"post-4235","1":"product","2":"type-product","3":"status-publish","4":"has-post-thumbnail","6":"product_cat-dezinficijensi","7":"product_cat-koza-kosa-i-nokti","8":"product_tag-antibakterijsko","9":"product_tag-antivirusno","10":"product_tag-dekubitus","11":"product_tag-hijaluronska-kiselina","12":"product_tag-ogrebotina","13":"product_tag-povreda","14":"product_tag-prasak-u-spreju","15":"product_tag-rane","16":"pa_brend-epsilon-health","18":"first","19":"instock","20":"shipping-taxable","21":"purchasable","22":"product-type-simple"},"ams_default_variation_id":0,"ams_product_points_reward":[],"ams_product_discount_percentage":0,"ams_price_to_display":1380,"ams_acf":[],"jetpack_sharing_enabled":true,"_links":{"self":[{"href":"https:\/\/apotekar-online.rs\/ro\/wp-json\/wp\/v2\/product\/4235","targetHints":{"allow":["GET"]}}],"collection":[{"href":"https:\/\/apotekar-online.rs\/ro\/wp-json\/wp\/v2\/product"}],"about":[{"href":"https:\/\/apotekar-online.rs\/ro\/wp-json\/wp\/v2\/types\/product"}],"wp:featuredmedia":[{"embeddable":true,"href":"https:\/\/apotekar-online.rs\/ro\/wp-json\/wp\/v2\/media\/4236"}],"wp:attachment":[{"href":"https:\/\/apotekar-online.rs\/ro\/wp-json\/wp\/v2\/media?parent=4235"}],"wp:term":[{"taxonomy":"product_brand","embeddable":true,"href":"https:\/\/apotekar-online.rs\/ro\/wp-json\/wp\/v2\/product_brand?post=4235"},{"taxonomy":"product_cat","embeddable":true,"href":"https:\/\/apotekar-online.rs\/ro\/wp-json\/wp\/v2\/product_cat?post=4235"},{"taxonomy":"product_tag","embeddable":true,"href":"https:\/\/apotekar-online.rs\/ro\/wp-json\/wp\/v2\/product_tag?post=4235"}],"curies":[{"name":"wp","href":"https:\/\/api.w.org\/{rel}","templated":true}]}}