{"id":425,"date":"2022-07-12T09:33:04","date_gmt":"2022-07-12T09:33:04","guid":{"rendered":"https:\/\/apotekar-online.rs\/product\/supradyn-energy-30-film-tableta\/"},"modified":"2026-03-05T08:29:07","modified_gmt":"2026-03-05T10:29:07","slug":"supradyn-energy-30-film-tableta","status":"publish","type":"product","link":"https:\/\/apotekar-online.rs\/ro\/p\/supradyn-energy-30-film-tableta\/","title":{"rendered":"Supradyn Energy 30 comprimate de film"},"content":{"rendered":"","protected":false},"excerpt":{"rendered":"<p>Produsul Supradyn\u00ae Energy, comprimate film este un supliment alimentar care reprezinta o sursa suplimentara de vitamine, minerale si coenzima Q10 in alimentatie, si care reprezinta suport nutritiv pentru metabolismul energetic. Multivitaminele num\u0103rul 1 din Europa. Vitamine: B6, B12, C, tiamina, riboflavina, biotina, niacina, acidul pantotenic si minerale: calciu, cupru, iod, fier, mangan si magneziu contribuie la metabolismul energetic normal. Stimuleaz\u0103 crearea de energie. Poate func\u021biona dup\u0103 prima administrare. Starea nutri\u021bional\u0103 poate fi \u00eembun\u0103t\u0103\u021bit\u0103 cu aportul pe termen lung.<\/p>\n<p><strong>Dozaj \u0219i mod de utilizare<\/strong><br \/>\nAdul\u021bi \u0219i copii cu v\u00e2rsta peste 14 ani: Lua\u021bi 1 comprimat o dat\u0103 pe zi cu mult\u0103 ap\u0103, indiferent de mas\u0103.<\/p>\n<p>&nbsp;<\/p>\n<p><strong>Not\u0103:<\/strong>\u00a0Ne str\u0103duim s\u0103 fim c\u00e2t mai precisi \u00een descrierea tuturor produselor, dar nu putem garanta c\u0103 toate descrierile sunt complete \u0219i f\u0103r\u0103 erori. Multumesc pentru intelegere.<br \/>\nToate articolele afi\u0219ate pe site fac parte din oferta noastr\u0103, dar nu \u00eenseamn\u0103 c\u0103 sunt disponibile \u00een orice moment.<\/p>","protected":false},"featured_media":352,"template":"","meta":[],"product_brand":[],"product_cat":[77,78],"product_tag":[179,283,278,232,245,246,209,280],"class_list":{"0":"post-425","1":"product","2":"type-product","3":"status-publish","4":"has-post-thumbnail","6":"product_cat-imunitet","7":"product_cat-vitamini-i-minerali","8":"product_tag-imunitet","9":"product_tag-q10","10":"product_tag-vitamin-a","11":"product_tag-vitamin-b6","12":"product_tag-vitamin-c","13":"product_tag-vitamin-d","14":"product_tag-vitamin-e","15":"product_tag-vitamin-k","16":"pa_brend-bayer-health-care","18":"first","19":"instock","20":"purchasable","21":"product-type-simple"},"ams_default_variation_id":0,"ams_product_points_reward":[],"ams_product_discount_percentage":0,"ams_price_to_display":1630,"ams_acf":[],"jetpack_sharing_enabled":true,"_links":{"self":[{"href":"https:\/\/apotekar-online.rs\/ro\/wp-json\/wp\/v2\/product\/425","targetHints":{"allow":["GET"]}}],"collection":[{"href":"https:\/\/apotekar-online.rs\/ro\/wp-json\/wp\/v2\/product"}],"about":[{"href":"https:\/\/apotekar-online.rs\/ro\/wp-json\/wp\/v2\/types\/product"}],"wp:featuredmedia":[{"embeddable":true,"href":"https:\/\/apotekar-online.rs\/ro\/wp-json\/wp\/v2\/media\/352"}],"wp:attachment":[{"href":"https:\/\/apotekar-online.rs\/ro\/wp-json\/wp\/v2\/media?parent=425"}],"wp:term":[{"taxonomy":"product_brand","embeddable":true,"href":"https:\/\/apotekar-online.rs\/ro\/wp-json\/wp\/v2\/product_brand?post=425"},{"taxonomy":"product_cat","embeddable":true,"href":"https:\/\/apotekar-online.rs\/ro\/wp-json\/wp\/v2\/product_cat?post=425"},{"taxonomy":"product_tag","embeddable":true,"href":"https:\/\/apotekar-online.rs\/ro\/wp-json\/wp\/v2\/product_tag?post=425"}],"curies":[{"name":"wp","href":"https:\/\/api.w.org\/{rel}","templated":true}]}}