{"id":4341,"date":"2023-09-26T07:23:04","date_gmt":"2023-09-26T09:23:04","guid":{"rendered":"https:\/\/apotekar-online.rs\/?post_type=product&#038;p=4341"},"modified":"2026-03-05T08:12:40","modified_gmt":"2026-03-05T10:12:40","slug":"sana-krema-za-omeksavanje-peta-i-kurjih-ociju-100ml","status":"publish","type":"product","link":"https:\/\/apotekar-online.rs\/ro\/p\/sana-krema-za-omeksavanje-peta-i-kurjih-ociju-100ml\/","title":{"rendered":"Sana crema pentru catifelarea calcaielor si bataturii 100ml"},"content":{"rendered":"","protected":false},"excerpt":{"rendered":"<p>Formula koja trenutno umiruje i ulep\u0161ava ko\u017eu donosi o se\u0107aj lako\u0107e i meko\u0107u te vidljivo smanjuje suvo\u0107u ko\u017ee. Odabrana biljna ulja \u0161tite ko\u017eu i spre\u010davaju gubitak vode dok urea, kao komponentna prirodnog vla\u017ee\u0107eg faktora, vezuje vodu i trenutno hidrira ko\u017eu. Dodatno, zahvaljuju\u0107i urei usled umerenog odstranjivanja nagomilanih mrtvih \u0107elija sa povr\u0161ine ko\u017ee, gruba ko\u017ea peta postaje glatka i gipka.<\/p>","protected":false},"featured_media":4342,"template":"","meta":[],"product_brand":[],"product_cat":[547,177],"product_tag":[1171,1532,1533,630],"class_list":{"0":"post-4341","1":"product","2":"type-product","3":"status-publish","4":"has-post-thumbnail","6":"product_cat-kozmetika-i-nega-za-odrasle","7":"product_cat-nega-tela","8":"product_tag-gruba-koza","9":"product_tag-krema-za-pete","10":"product_tag-kuije-oko","11":"product_tag-urea","12":"pa_brend-brandoline","14":"first","15":"outofstock","16":"shipping-taxable","17":"purchasable","18":"product-type-simple"},"ams_default_variation_id":0,"ams_product_points_reward":[],"ams_product_discount_percentage":0,"ams_price_to_display":290,"ams_acf":[],"jetpack_sharing_enabled":true,"_links":{"self":[{"href":"https:\/\/apotekar-online.rs\/ro\/wp-json\/wp\/v2\/product\/4341","targetHints":{"allow":["GET"]}}],"collection":[{"href":"https:\/\/apotekar-online.rs\/ro\/wp-json\/wp\/v2\/product"}],"about":[{"href":"https:\/\/apotekar-online.rs\/ro\/wp-json\/wp\/v2\/types\/product"}],"wp:featuredmedia":[{"embeddable":true,"href":"https:\/\/apotekar-online.rs\/ro\/wp-json\/wp\/v2\/media\/4342"}],"wp:attachment":[{"href":"https:\/\/apotekar-online.rs\/ro\/wp-json\/wp\/v2\/media?parent=4341"}],"wp:term":[{"taxonomy":"product_brand","embeddable":true,"href":"https:\/\/apotekar-online.rs\/ro\/wp-json\/wp\/v2\/product_brand?post=4341"},{"taxonomy":"product_cat","embeddable":true,"href":"https:\/\/apotekar-online.rs\/ro\/wp-json\/wp\/v2\/product_cat?post=4341"},{"taxonomy":"product_tag","embeddable":true,"href":"https:\/\/apotekar-online.rs\/ro\/wp-json\/wp\/v2\/product_tag?post=4341"}],"curies":[{"name":"wp","href":"https:\/\/api.w.org\/{rel}","templated":true}]}}