{"id":4352,"date":"2023-09-26T08:29:08","date_gmt":"2023-09-26T10:29:08","guid":{"rendered":"https:\/\/apotekar-online.rs\/?post_type=product&#038;p=4352"},"modified":"2026-03-05T08:12:40","modified_gmt":"2026-03-05T10:12:40","slug":"propromint-lisaj-islandez-tdi-150gr","status":"publish","type":"product","link":"https:\/\/apotekar-online.rs\/ro\/p\/propomint-islandski-lisaj-tdi-150gr\/","title":{"rendered":"Propomint lichen islandez, tdi 150gr"},"content":{"rendered":"","protected":false},"excerpt":{"rendered":"<div class=\"entry-content article-product-content\">\n<p><strong>Promomint<sup>\u00ae<\/sup>\u00a0lichen islandez\u00a0<\/strong>este un supliment nutritiv lichid destinat copiilor si adultilor, formulat pe baza de propolis, lichen islandez, mur si vitamina C. Datorita efectelor ingredientelor active,\u00a0<strong>Promomint<sup>\u00ae<\/sup>\u00a0lichen islandez<\/strong>\u00a0contribuie la \u00eent\u0103rirea imunit\u0103\u021bii \u0219i are un efect benefic \u00een cazurile de r\u0103ceal\u0103 \u0219i grip\u0103. Aplicarea sa preventiv\u0103 ofer\u0103 o protec\u021bie excelent\u0103 \u00eempotriva viru\u0219ilor, de aceea este recomandat\u0103 \u00een perioadele \u00een care infec\u021biile respiratorii sunt frecvente.<\/p>\n<p>Are un gust placut de zmeura.<\/p>\n<p><strong>lichen islandez<\/strong> este important pentru buna functionare a sistemului respirator iar aplicarea lui are ca rezultat ameliorarea senzatiei de iritatie si zgarietura a gatului si faringelui. Lichenul islandez este utilizat \u00een mod tradi\u021bional pentru tratamentul simptomatic al irita\u021biilor bucale \u0219i faringiene \u00eenso\u021bite de o tuse uscat\u0103 deoarece con\u021bine mucus care acoper\u0103 \u0219i protejeaz\u0103 membrana mucoas\u0103 a tractului respirator superior, ceea ce duce la ameliorarea tusei uscate. Fructul este bogat \u00een flavonoide (antociani), minerale \u0219i vitamine B<sub>1<\/sub>, B<sub>2<\/sub>, B<sub>6<\/sub>\u00a0\u0219i C.<\/p>\n<\/div>\n<div class=\"summary entry-summary\">\n<p>Din punct de vedere clinic, s-au dovedit efectele pozitive ale fructelor de coac\u0103ze negre \u00een ceea ce prive\u0219te reducerea intensit\u0103\u021bii \u0219i duratei simptomelor infec\u021biilor virale ale p\u0103r\u021bilor superioare ale tractului respirator. \u00cen studii, s-a demonstrat c\u0103 componentele active ale extractului de fructe de mure, prin legarea de virus, \u00eempiedic\u0103 intrarea acestuia \u00een celule, inhib\u0103 replicarea virusului \u0219i \u00eembun\u0103t\u0103\u021be\u0219te r\u0103spunsul imunitar prin stimularea sintezei anumitor citokine.<\/p>\n<p>U\u00a0<strong>Promomint<sup>\u00ae<\/sup>\u00a0lichen islandez\u00a0<\/strong>este incorporat extract de propolis produs de un special, patentat<strong>\u00a0MED<sup>\u00ae<\/sup>\u00a0<\/strong>tehnologie de extrac\u021bie. Extractul de propolis ob\u021binut este standardizat pentru polifenoli, unde complexul polifenolic de quercetin\u0103, apigenin\u0103, pinobanksin\u0103, crizin\u0103, pinocembrin\u0103 \u0219i galangin este cel mai important pentru efectele benefice asupra sistemului imunitar \u0219i s\u0103n\u0103t\u0103\u021bii c\u0103ilor respiratorii superioare. Efect antibacterian, antioxidant \u0219i antiinflamator\u00a0<strong>Propolis MED<\/strong>\u00a0extractul este deosebit de util \u00een prevenirea \u0219i tratamentul infec\u021biilor respiratorii.<\/p>\n<p><strong>Vitamina C<\/strong>\u00a0\u00a0contribuie la buna functionare a sistemului imunitar si nervos, la reducerea oboselii si extenuarii si la protejarea celulelor de stresul oxidativ.<\/p>\n<\/div>\n<div class=\"woocommerce-tabs wc-tabs-wrapper\">\n<ul>\n<li>Extract standardizat de propolis<\/li>\n<li>lichen islandez<\/li>\n<li>Chemarea Neagr\u0103<\/li>\n<li>Vitamina C<\/li>\n<\/ul>\n<p><strong>Promomint<sup>\u00ae<\/sup>\u00a0lichen islandez<\/strong>\u00a0este recomandat:<\/p>\n<ul>\n<li>Pentru \u00eent\u0103rirea imunit\u0103\u021bii la copii \u0219i adul\u021bi<\/li>\n<li>Pentru buna func\u021bionare a sistemului respirator<\/li>\n<li>Pentru dureri de gat, raceli si gripa<\/li>\n<li>Cu tuse uscat\u0103 \u0219i r\u0103gu\u0219eal\u0103<\/li>\n<\/ul>\n<p>&nbsp;<\/p>\n<p><strong>Dozaj \u0219i mod de utilizare\u00a0<\/strong><\/p>\n<p>Copii de la 3 la 6 ani - De dou\u0103 ori pe zi, o lingur\u0103 de cafea (5 ml).<\/p>\n<p>Adul\u021bi \u0219i copii cu v\u00e2rsta peste 6 ani - De dou\u0103 ori pe zi per lingur\u0103 (15 ml).<\/p>\n<p>Agita\u021bi \u00eenainte de utilizare.<br \/>\n<b><\/b><\/p>\n<p><b>Compozi\u0163ie:\u00a0<\/b>\u00cen 10 ml - Extract lichid de hidroglicerin\u0103 de propolis (standardizat la 12 mg\/ml polifenoli) 600 mg, Extract uscat din talul lichenului islandez (standardizat la polizaharide 30%) 324 mg, Extract uscat din fructe de zove (standardizat la min. antocianidine 6%) ) 195 mg, Vitamina C ( acid L-ascorbic) 80,4 mg<\/p>\n<p><b>Ambalare:\u00a0<\/b>150 g<\/p>\n<\/div>","protected":false},"featured_media":4353,"template":"","meta":[],"product_brand":[],"product_cat":[340,77,106,148],"product_tag":[1540,180,1543,1542,1541,532,248,1544,245],"class_list":{"0":"post-4352","1":"product","2":"type-product","3":"status-publish","4":"has-post-thumbnail","6":"product_cat-deciji-program","7":"product_cat-imunitet","8":"product_cat-preparati-za-apetit-i-imunitet-kod-dece","9":"product_cat-preparati-za-prehladu-i-kasalj-kod-dece","10":"product_tag-crna-zova","11":"product_tag-deca","12":"product_tag-grebanje-u-grlu","13":"product_tag-imnitet","14":"product_tag-islandski-lisaj","15":"product_tag-odrasli","16":"product_tag-propolis","17":"product_tag-suvi-kasalj","18":"product_tag-vitamin-c","19":"pa_brend-esensa","21":"first","22":"instock","23":"sale","24":"shipping-taxable","25":"purchasable","26":"product-type-simple"},"ams_default_variation_id":0,"ams_product_points_reward":[],"ams_product_discount_percentage":20,"ams_price_to_display":673.44,"ams_acf":[],"jetpack_sharing_enabled":true,"_links":{"self":[{"href":"https:\/\/apotekar-online.rs\/ro\/wp-json\/wp\/v2\/product\/4352","targetHints":{"allow":["GET"]}}],"collection":[{"href":"https:\/\/apotekar-online.rs\/ro\/wp-json\/wp\/v2\/product"}],"about":[{"href":"https:\/\/apotekar-online.rs\/ro\/wp-json\/wp\/v2\/types\/product"}],"wp:featuredmedia":[{"embeddable":true,"href":"https:\/\/apotekar-online.rs\/ro\/wp-json\/wp\/v2\/media\/4353"}],"wp:attachment":[{"href":"https:\/\/apotekar-online.rs\/ro\/wp-json\/wp\/v2\/media?parent=4352"}],"wp:term":[{"taxonomy":"product_brand","embeddable":true,"href":"https:\/\/apotekar-online.rs\/ro\/wp-json\/wp\/v2\/product_brand?post=4352"},{"taxonomy":"product_cat","embeddable":true,"href":"https:\/\/apotekar-online.rs\/ro\/wp-json\/wp\/v2\/product_cat?post=4352"},{"taxonomy":"product_tag","embeddable":true,"href":"https:\/\/apotekar-online.rs\/ro\/wp-json\/wp\/v2\/product_tag?post=4352"}],"curies":[{"name":"wp","href":"https:\/\/api.w.org\/{rel}","templated":true}]}}