{"id":4395,"date":"2023-09-27T09:18:36","date_gmt":"2023-09-27T11:18:36","guid":{"rendered":"https:\/\/apotekar-online.rs\/?post_type=product&#038;p=4395"},"modified":"2026-03-05T08:12:38","modified_gmt":"2026-03-05T10:12:38","slug":"mixa-niacinamide-glow-micelarna-voda-400ml","status":"publish","type":"product","link":"https:\/\/apotekar-online.rs\/ro\/p\/mixa-niacinamide-glow-micelarna-voda-400ml\/","title":{"rendered":"Mixa Niacinamide Glow apa micelara 400ml"},"content":{"rendered":"","protected":false},"excerpt":{"rendered":"<p><b>Mixa Micelarna voda Niacinamide Glow<\/b>\u00a0je efikasno sredstvo za uklanjanje \u0161minke za umornu, osetljivu ko\u017eu bez sjaja.<\/p>\n<p>* Nakon upotrebe, ko\u017ea i o\u010di su efikasno o\u010di\u0161\u0107eni od \u0161minke, a ko\u017ea je blistavija, hidrirana, zdravog izgleda i meka na dodir.<\/p>\n<p>* Neutralna pH formula oboga\u0107ena niacinamidom i vitaminom C vra\u0107a ko\u017ei sjaj i blistavost.<\/p>\n<p>* Namenjena za sve tipove ko\u017ee.<\/p>\n<p><b>Na\u010din upotrebe Mixa Micelarne vode Niacinamide Glow:\u00a0<\/b>Naneti pamu\u010dnim tuferom na lice i o\u010di. Ne ispirati.<\/p>\n<p><b>Compozi\u0163ie:\u00a0<\/b>AQUA \/ WATER, HEXYLENE GLYCOL. GLYCERIN, POLOXAMER 184, NIACINAMIDE, PEG-60 HYDROGENATED CASTOR OIL, ASCORBYL GLUCOSIDE. DISODIUM COCO- AMPHODIACETATE. DISODIUM EDTA<b><\/b><\/p>","protected":false},"featured_media":4396,"template":"","meta":[],"product_brand":[],"product_cat":[178,547],"product_tag":[1576,300,1127,1575,245,1485],"class_list":{"0":"post-4395","1":"product","2":"type-product","3":"status-publish","4":"has-post-thumbnail","6":"product_cat-nega-lica","7":"product_cat-kozmetika-i-nega-za-odrasle","8":"product_tag-niacinamid","9":"product_tag-osetljiva-koza","10":"product_tag-skidanje-sminke","11":"product_tag-umorna","12":"product_tag-vitamin-c","13":"product_tag-za-sve-tipove-koze","14":"pa_brend-mixa","16":"first","17":"instock","18":"shipping-taxable","19":"purchasable","20":"product-type-simple"},"ams_default_variation_id":0,"ams_product_points_reward":[],"ams_product_discount_percentage":0,"ams_price_to_display":580,"ams_acf":[],"jetpack_sharing_enabled":true,"_links":{"self":[{"href":"https:\/\/apotekar-online.rs\/ro\/wp-json\/wp\/v2\/product\/4395","targetHints":{"allow":["GET"]}}],"collection":[{"href":"https:\/\/apotekar-online.rs\/ro\/wp-json\/wp\/v2\/product"}],"about":[{"href":"https:\/\/apotekar-online.rs\/ro\/wp-json\/wp\/v2\/types\/product"}],"wp:featuredmedia":[{"embeddable":true,"href":"https:\/\/apotekar-online.rs\/ro\/wp-json\/wp\/v2\/media\/4396"}],"wp:attachment":[{"href":"https:\/\/apotekar-online.rs\/ro\/wp-json\/wp\/v2\/media?parent=4395"}],"wp:term":[{"taxonomy":"product_brand","embeddable":true,"href":"https:\/\/apotekar-online.rs\/ro\/wp-json\/wp\/v2\/product_brand?post=4395"},{"taxonomy":"product_cat","embeddable":true,"href":"https:\/\/apotekar-online.rs\/ro\/wp-json\/wp\/v2\/product_cat?post=4395"},{"taxonomy":"product_tag","embeddable":true,"href":"https:\/\/apotekar-online.rs\/ro\/wp-json\/wp\/v2\/product_tag?post=4395"}],"curies":[{"name":"wp","href":"https:\/\/api.w.org\/{rel}","templated":true}]}}