{"id":4411,"date":"2023-09-28T05:49:56","date_gmt":"2023-09-28T07:49:56","guid":{"rendered":"https:\/\/apotekar-online.rs\/?post_type=product&#038;p=4411"},"modified":"2026-03-05T08:12:37","modified_gmt":"2026-03-05T10:12:37","slug":"remebiotic-protect-10-kapsula-11-gratis","status":"publish","type":"product","link":"https:\/\/apotekar-online.rs\/ro\/p\/remebiotic-protect-10-kapsula-11-gratis\/","title":{"rendered":"Remebiotic Protect 10 capsule 1+1 gratuit"},"content":{"rendered":"","protected":false},"excerpt":{"rendered":"<p>Remebiotic PROTECT je dodatak ishrani u kapsulama koji se koristi kod deficita vitamina D i cinka kod odraslih i dece starije od 12 godina.Sadr\u017ei 9 milijardi probiotskih \u0107elijam tri razli\u010dita probiotska soja.Preporu\u010duje se kao pomo\u0107 u terapiji putni\u010dke dijareje i dijareje izazvane primenom antibiotika, odr\u017eavanju normalne funkcije imunog sistema, digestivne flore, gastrointestinalnog i respiratornog zdravlja.<br \/>\nLactobacillus acidophilus La-14\u00ae i Bifidobacterium lactis Bl-04\u00ae, su bakterije koje imaju pozitivan u\u010dinak na organizampobolj\u0161avaju\u0107i ravnote\u017eu intestinalne mikroflore. Saccharomyces boulardii je nepatogeni kvasac sa probiotskim svojstvima koji se koristi za tretman dijareje prouzrokovane upotrebom antibiotika ili prouzrokovane patogenima koji dovode do razvoja putni\u010dke dijareje.<br \/>\nPrebiotik INULIN je rastvorljivo prehrambeno vlakno koje poma\u017ee razvoju antizapaljenskog odgovora, dok KOLOSTRUM (prvo mleko kod sisara) poma\u017ee kod razli\u010ditih oboljenja ili stanja zahvaljuju\u0107i visokom procentu imunoglobulina IgG i IgA klase, laktoferina,faktora rasta,masnih kiselina,citokina, enzima, aminokiselina, vitamina i minerala.<br \/>\nVitamin D doprinosi normalnoj funkciji imunog sistema, normalnom rastu i razvoju kostiju dece, kao i normalnom funkcionisanjumi\u0161i\u0107a.Cink doprinosi za\u0161titi \u0107elija od oksidativnog stresa, normalnom metabolizmu makronutrijenata i normalnoj kognitivnoj funkciji, kao i odr\u017eavanju normalnih kostiju, ko\u017ee, kose i noktiju.<\/p>\n<p>Lactobacillus acidophilus LA-14 2 x109 CFU<br \/>\nBifidobacterium lactis BL-04 2 x 109 CFU<br \/>\nSaccharomyces Boulardii 5 x 109 CFU<br \/>\nInulin 100 mg<br \/>\nColostru 50 mg<br \/>\nVitamina D3 1000 UI (25 \u00b5g)<br \/>\nCink 20 mg &#8220;<\/p>\n<p><strong>Mod de aplicare:<\/strong>\u00a0Deca od 12-te godine i odrasli: popiti 1 kapsulu dnevno pre obroka, bez \u017evakanja i uz dovoljnu koli\u010dinu te\u010dnosti.<\/p>\n<p>&nbsp;<\/p>","protected":false},"featured_media":4412,"template":"","meta":[],"product_brand":[],"product_cat":[105,81],"product_tag":[185,1583,1584,255,1586,1587,337,1585,1243],"class_list":{"0":"post-4411","1":"product","2":"type-product","3":"status-publish","4":"has-post-thumbnail","6":"product_cat-dijareja-i-rehidratacija","7":"product_cat-probiotici-i-enzimi","8":"product_tag-cink","9":"product_tag-deficit-vitamin-d","10":"product_tag-digestivna-flora","11":"product_tag-dijareja","12":"product_tag-inulin","13":"product_tag-kolostrum","14":"product_tag-probiotik","15":"product_tag-putnicka-dijareja","16":"product_tag-vitamini-i-minerali","17":"pa_brend-jugoremedija","19":"first","20":"instock","21":"shipping-taxable","22":"purchasable","23":"product-type-simple"},"ams_default_variation_id":0,"ams_product_points_reward":[],"ams_product_discount_percentage":0,"ams_price_to_display":800.25,"ams_acf":[],"jetpack_sharing_enabled":true,"_links":{"self":[{"href":"https:\/\/apotekar-online.rs\/ro\/wp-json\/wp\/v2\/product\/4411","targetHints":{"allow":["GET"]}}],"collection":[{"href":"https:\/\/apotekar-online.rs\/ro\/wp-json\/wp\/v2\/product"}],"about":[{"href":"https:\/\/apotekar-online.rs\/ro\/wp-json\/wp\/v2\/types\/product"}],"wp:featuredmedia":[{"embeddable":true,"href":"https:\/\/apotekar-online.rs\/ro\/wp-json\/wp\/v2\/media\/4412"}],"wp:attachment":[{"href":"https:\/\/apotekar-online.rs\/ro\/wp-json\/wp\/v2\/media?parent=4411"}],"wp:term":[{"taxonomy":"product_brand","embeddable":true,"href":"https:\/\/apotekar-online.rs\/ro\/wp-json\/wp\/v2\/product_brand?post=4411"},{"taxonomy":"product_cat","embeddable":true,"href":"https:\/\/apotekar-online.rs\/ro\/wp-json\/wp\/v2\/product_cat?post=4411"},{"taxonomy":"product_tag","embeddable":true,"href":"https:\/\/apotekar-online.rs\/ro\/wp-json\/wp\/v2\/product_tag?post=4411"}],"curies":[{"name":"wp","href":"https:\/\/api.w.org\/{rel}","templated":true}]}}