{"id":4443,"date":"2023-09-28T08:33:11","date_gmt":"2023-09-28T10:33:11","guid":{"rendered":"https:\/\/apotekar-online.rs\/?post_type=product&#038;p=4443"},"modified":"2026-03-05T08:38:29","modified_gmt":"2026-03-05T10:38:29","slug":"linex-16-capsula","status":"publish","type":"product","link":"https:\/\/apotekar-online.rs\/ro\/p\/linex-16-kapsula\/","title":{"rendered":"Linex 16 capsule"},"content":{"rendered":"","protected":false},"excerpt":{"rendered":"<h4><b><strong>Distribu\u021bia acestui medicament pe Internet este strict interzis\u0103 \u0219i reglementat\u0103 de legile Republicii Serbia, \u00een timp ce prezentarea lui pe Internet este permis\u0103, exclusiv \u00een scopul inform\u0103rii publicului larg \u0219i profesional cu privire la scopul s\u0103u \u0219i o mai bun\u0103 familiarizare cu caracteristicile de baz\u0103 ale medicamentului \u00een sine.<\/strong><\/b><\/h4>\n<p>PUTE\u021aI VIZIONA REGULAMENTUL PRIVIND METODA MEDICAMENTULUI PUBLICIT\u0102\u021aI, PRIVIND MEDICINA (\u201eSl. Gl. RS\u201d, nr. 79\/2010)\u00a0<a href=\"http:\/\/www.alims.gov.rs\/ciril\/files\/2012\/06\/p-oglasavanje-79-2010.pdf\">AICI<\/a>.<\/p>\n<p>&nbsp;<\/p>\n<p>&nbsp;<\/p>\n<p>Linex\u00ae, capsul\u0103, tare, 1,2 x 107 CFU\/capsul\u0103<\/p>\n<p>INN: bacterii lactice<br \/>\nCiti\u021bi cu aten\u021bie acest prospect \u00eenainte de a \u00eencepe s\u0103 lua\u021bi acest medicament deoarece con\u021bine informa\u021bii<br \/>\ncare sunt importante pentru tine.<br \/>\nLua\u021bi \u00eentotdeauna acest medicament exact a\u0219a cum este men\u021bionat \u00een acest prospect sau a\u0219a cum v-a explicat medicul dumneavoastr\u0103<br \/>\nsau un farmacist.<br \/>\n\uf02d Salva\u021bi instruc\u021biunile. Este posibil s\u0103 fie nevoie s\u0103-l citi\u021bi din nou.<br \/>\n\uf02d Dac\u0103 ave\u021bi \u00eentreb\u0103ri suplimentare sau ave\u021bi nevoie de sfaturi, contacta\u021bi-v\u0103 farmacistul.<br \/>\n\uf02d Dac\u0103 prezenta\u0163i orice reac\u0163ii adverse, adresa\u0163i-v\u0103 medicului dumneavoastr\u0103 sau farmacistului. Acest<br \/>\ninclude orice reac\u021bii adverse care nu sunt enumerate \u00een acest ghid. Vezi sec\u021biunea 4.<br \/>\n\uf02d Dac\u0103 nu v\u0103 sim\u021bi\u021bi mai bine sau v\u0103 sim\u021bi\u021bi mai r\u0103u dup\u0103 dou\u0103 zile, trebuie s\u0103 v\u0103 adresa\u021bi medicului dumneavoastr\u0103.<br \/>\n\u00cen acest ghid ve\u021bi citi:<br \/>\n1. Ce este medicamentul Linex \u0219i pentru ce este destinat<br \/>\n2. Ce trebuie s\u0103 \u0219ti\u021bi \u00eenainte de a lua Linex<br \/>\n3. Cum s\u0103 utiliza\u021bi medicamentul Linex<br \/>\n4. Reac\u021bii adverse posibile<br \/>\n5. Cum se p\u0103streaz\u0103 medicamentul Linex<br \/>\n6. Con\u021binutul pachetului \u0219i alte informa\u021bii<br \/>\n1. Ce este medicamentul Linex \u0219i pentru ce este destinat<br \/>\nMedicamentul Linex este un probiotic, ceea ce \u00eenseamn\u0103 c\u0103 con\u021bine bacterii lactice care ajut\u0103 \u00een cantitatea potrivit\u0103<br \/>\n\u00een stabilirea \u0219i men\u021binerea unei microflore intestinale echilibrate \u0219i s\u0103n\u0103toase. Medicamentul Linex con\u021bine trei tipuri de mercur<br \/>\nbacterii lactice liofilizate care regleaz\u0103 echilibrul fiziologic al microflorei intestinale, \u0219i rezistente<br \/>\nsunt la anumite antibiotice \u0219i chimioterapice.<br \/>\nBacteriile lactice sunt prezente \u00een mod normal \u00een intestinul sub\u021bire \u0219i gros, unde men\u021bin echilibrul acido-bazic<br \/>\nechilibrul necesar pentru func\u021bionarea normal\u0103 a enzimelor digestive (digestia normal\u0103), a sistemului imunitar uman \u0219i<br \/>\nmotilitatea (peristaltismul intestinal). Atunci c\u00e2nd cantitatea de bacterii lactice nu este adecvat\u0103, aceasta este afectat\u0103<br \/>\nechilibrul florei bacteriene intestinale interne, ceea ce duce la diferite boli digestive.<br \/>\nBacteriile de acid lactic din Linex sunt liofilizate (adic\u0103 uscate la temperatur\u0103 sc\u0103zut\u0103). Acest<br \/>\npermite ca medicamentul s\u0103 fie p\u0103strat la temperatura camerei f\u0103r\u0103 efecte asupra form\u0103rii sau activ\u0103rii bacteriilor.<br \/>\nMedicamentul Linex este utilizat ca terapie preventiv\u0103 \u0219i de sus\u021binere pentru diaree, flatulen\u021b\u0103 \u0219i alte probleme digestive<br \/>\ntulbur\u0103ri cauzate de dezechilibrul microflorei.<br \/>\nAcest dezechilibru poate ap\u0103rea din cauza:<br \/>\n- infec\u021bii virale \u0219i bacteriene ale tractului digestiv la sugari, copii \u0219i adul\u021bi (de exemplu, infec\u021bii cu rotavirus,<br \/>\ndiareea calatorului),<br \/>\n- terapie cu antibiotice cu spectru larg \u0219i agen\u021bi chimioterapeutici,<br \/>\n- radioterapia organelor din abdomen si pelvis.<br \/>\nUtilizarea probioticelor sau a bacteriilor lactice reduce \u00een mod eficient frecven\u021ba \u0219i severitatea bolilor u\u0219oare p\u00e2n\u0103 la moderate<br \/>\ntulbur\u0103ri digestive cauzate de un dezechilibru al microflorei intestinale.<br \/>\n2. Ce trebuie s\u0103 \u0219ti\u021bi \u00eenainte de a lua Linex<br \/>\nNu trebuie s\u0103 utiliza\u021bi Linex:<br \/>\n2 din 5<br \/>\n- dac\u0103 sunte\u021bi alergic (hipersensibil) la substan\u021bele active sau la oricare dintre substan\u021bele auxiliare incluse \u00een<br \/>\ncompozi\u021bia medicamentului.<br \/>\nC\u00e2nd lua\u021bi Linex, ave\u021bi grij\u0103 deosebit\u0103:<br \/>\n\u00cenainte de a lua Linex, consulta\u021bi-v\u0103 medicul dac\u0103:<br \/>\n- ave\u021bi o temperatur\u0103 corporal\u0103 de peste 38 \u00baC,<br \/>\n\u2013 observa\u021bi urme de s\u00e2nge sau mucus \u00een scaun,<br \/>\n- diareea dureaz\u0103 mai mult de dou\u0103 zile,<br \/>\n- ave\u021bi diaree sever\u0103 \u00eenso\u021bit\u0103 de deshidratare \u0219i pierdere \u00een greutate,<br \/>\n- este diaree \u00eenso\u021bit\u0103 de dureri severe de stomac,<br \/>\n- ave\u021bi o alt\u0103 boal\u0103 cronic\u0103 (de exemplu, diabet zaharat, boli cardiovasculare) sau persoane cu o boal\u0103 redus\u0103<br \/>\nimunitatea (de exemplu, infec\u021bia cu HIV).<br \/>\nDac\u0103 oricare dintre situa\u021biile de mai sus se aplic\u0103 \u00een cazul dumneavoastr\u0103, consulta\u021bi-v\u0103 medicul \u00eenainte de a lua acest medicament.<br \/>\nAvertisment pentru toate grupele de v\u00e2rst\u0103:<br \/>\nDac\u0103 trata\u021bi singur diareea, prima \u0219i cea mai important\u0103 m\u0103sur\u0103 este \u00eenlocuirea lichidelor \u0219i electroli\u021bilor pierdute.<br \/>\nAvertisment pentru sugari \u0219i copii sub 6 ani:<br \/>\nDiareea la sugari \u0219i copii cu v\u00e2rsta sub 6 ani nu trebuie tratat\u0103 f\u0103r\u0103 supraveghere medical\u0103.<br \/>\nDac\u0103 nu sunte\u021bi sigur de oricare dintre cele de mai sus, adresa\u021bi-v\u0103 medicului dumneavoastr\u0103 sau farmacistului.<br \/>\nAdministrarea altor medicamente<br \/>\nSpune\u021bi medicului dumneavoastr\u0103 \u0219i farmacistului dac\u0103 lua\u021bi sau a\u021bi luat recent orice alte medicamente, inclusiv acestea<br \/>\ncare se poate ob\u021bine f\u0103r\u0103 prescrip\u021bie medical\u0103.<br \/>\nP\u00e2n\u0103 \u00een prezent, nu a fost stabilit\u0103 nicio interac\u021biune semnificativ\u0103 clinic cu alte medicamente.<br \/>\n\u00cen testele de laborator, s-a stabilit rezisten\u021ba natural\u0103 a bacteriilor din medicamentul Linex, capsule, sus\u021bin ace\u0219tia<br \/>\nanumite antibiotice \u0219i chimioterapice. Medicamentul Linex capsule, sus\u021bin ei, poate fi luat cu antibiotice \u0219i<br \/>\nagen\u021bi chimioterapeutici, dar, dac\u0103 este posibil, nu \u00een acela\u0219i timp. Pentru o mai bun\u0103 eficacitate a medicamentului, se recomand\u0103 s\u0103-l lua\u021bi<br \/>\nmedicamente Linex capsule, tari, la cel pu\u021bin 3 ore dup\u0103 administrarea de antibiotice sau chimioterapice.<br \/>\nLua\u021bi Linex cu alimente sau b\u0103uturi<br \/>\nPentru a evita efectele d\u0103un\u0103toare ale sucului gastric acid asupra bacteriilor lactice, se recomand\u0103 s\u0103 lua\u021bi<br \/>\nmedicamente Linex capsule, tari, \u00een timpul meselor. Capsulele de droguri Linex, sus\u021bin ei, nu trebuie luate cu alcool sau<br \/>\nbauturi calde.<br \/>\nSarcina, al\u0103ptarea \u0219i fertilitatea<br \/>\nDac\u0103 sunte\u021bi gravid\u0103 sau al\u0103pta\u021bi, crede\u021bi c\u0103 sunte\u021bi gravid\u0103 sau inten\u021biona\u021bi s\u0103 r\u0103m\u00e2ne\u021bi gravid\u0103, consulta\u021bi-v\u0103 medicul sau farmacistul<br \/>\n\u00eenainte de a lua acest medicament.<br \/>\nTratamentul diareei \u00een timpul sarcinii \u0219i al\u0103pt\u0103rii trebuie efectuat sub supravegherea unui medic.<br \/>\nAv\u00e2nd \u00een vedere c\u0103 nu exist\u0103 suficiente date privind siguran\u021ba capsulelor Linex \u00een timpul sarcinii \u0219i al\u0103pt\u0103rii, nu<br \/>\nse recomand\u0103 utilizarea acestui medicament.<br \/>\nInfluen\u021ba medicamentului Linex asupra conducerii autovehiculelor \u0219i a func\u021bion\u0103rii ma\u0219inilor<br \/>\n3 din 5<br \/>\nNu s-au efectuat studii privind efectul Linex asupra capacit\u0103\u021bii de a conduce un autovehicul sau de a conduce un vehicul<br \/>\nmasini.<br \/>\nInforma\u021bii importante despre unele componente ale Linex<br \/>\nAcest medicament con\u021bine lactoz\u0103. \u00cen caz de intoleran\u021b\u0103 la unele dintre zaharuri, consulta\u021bi medicul \u00eenainte de utilizare<br \/>\na acestui medicament.<br \/>\nMedicamentul Linex poate con\u021bine reziduuri de proteine din lapte care pot provoca reac\u021bii alergice.<br \/>\n3. Cum se administreaz\u0103 medicamentul Linex<br \/>\nLua\u021bi \u00eentotdeauna Linex exact a\u0219a cum v-a explicat medicul dumneavoastr\u0103. Dac\u0103 nu e\u0219ti sigur, verific\u0103<br \/>\ncu medicul dumneavoastr\u0103 sau farmacistul.<br \/>\nLua\u021bi \u00eentotdeauna Linex exact a\u0219a cum v-a explicat medicul dumneavoastr\u0103. Dac\u0103 nu e\u0219ti sigur, verific\u0103<br \/>\ncu medicul dumneavoastr\u0103 sau farmacistul.<br \/>\nPentru uz oral.<br \/>\nMedicamentul este destinat adul\u021bilor, copiilor \u0219i sugarilor.<br \/>\nInstruc\u021biuni pentru utilizarea corect\u0103:<br \/>\n\u2013 Linex trebuie administrat oral.<br \/>\n- Dac\u0103 copilul nu poate sau nu poate \u00eenghi\u021bi capsula, este necesar s\u0103 deschide\u021bi capsula, s\u0103 goli\u021bi con\u021binutul \u00een<br \/>\nlingurita si amestecati cu putin lichid.<br \/>\n- Pentru a evita efectele nocive ale sucului gastric acid asupra bacteriilor lactice, se recomanda<br \/>\nlu\u00e2nd capsule Linex \u00een timpul meselor. Capsulele Lek Linex nu trebuie luate cu alcool sau ap\u0103 fierbinte<br \/>\nb\u0103uturi.<br \/>\nDozele uzuale \u0219i durata terapiei:<br \/>\nSugari \u0219i copii cu v\u00e2rsta de p\u00e2n\u0103 la 2 ani: 1 capsul\u0103, tare, de trei ori pe zi (de exemplu, diminea\u021ba, pr\u00e2nzul \u0219i seara)<br \/>\nCopii cu v\u00e2rsta cuprins\u0103 \u00eentre 2 \u0219i 12 ani: 1-2 capsule, tari, de trei ori pe zi (de exemplu diminea\u021ba, pr\u00e2nzul \u0219i seara)<br \/>\nAdul\u021bi \u0219i copii peste 12 ani: 2 capsule, tari, de trei ori pe zi (de exemplu diminea\u021ba, pr\u00e2nzul \u0219i seara)<br \/>\nMedicamentul Linex poate fi luat p\u00e2n\u0103 c\u00e2nd simptomele se amelioreaz\u0103.<br \/>\nDac\u0103 simptomele de diaree (diaree) dumneavoastr\u0103 sau ale copilului dumneavoastr\u0103 nu se amelioreaz\u0103 dup\u0103 dou\u0103 zile de la \u00eenceput<br \/>\n\u00eenainte de a lua capsule, tari, este necesar s\u0103 consulta\u021bi un medic.<br \/>\nDac\u0103 trata\u021bi singur diareea, prima \u0219i cea mai important\u0103 m\u0103sur\u0103 este \u00eenlocuirea lichidelor \u0219i electroli\u021bilor pierdute.<br \/>\nDac\u0103 a\u021bi luat mai mult Linex dec\u00e2t ar trebui<br \/>\nDac\u0103 apar reac\u021bii adverse, informa\u021bi medicul sau farmacistul. Nu au fost raportate cazuri de supradozaj.<br \/>\nDac\u0103 uita\u021bi s\u0103 lua\u021bi Linex<br \/>\nNu lua\u021bi o doz\u0103 dubl\u0103 pentru a compensa doza omis\u0103.<br \/>\nLua\u021bi medicamentul c\u00e2nd este timpul pentru urm\u0103toarea doz\u0103 \u0219i apoi continua\u021bi conform programului stabilit.<br \/>\nDac\u0103 \u00eenceta\u021bi brusc s\u0103 lua\u021bi Linex<br \/>\nDac\u0103 ave\u021bi orice \u00eentreb\u0103ri suplimentare cu privire la utilizarea acestui medicament, adresa\u021bi-v\u0103 medicului dumneavoastr\u0103 sau farmacistului.<br \/>\n4. Reac\u021bii adverse posibile<br \/>\nMedicamentul Linex, ca \u0219i alte medicamente, poate avea reac\u021bii adverse, de\u0219i este posibil s\u0103 nu apar\u0103 la toat\u0103 lumea.<br \/>\n4 din 5<br \/>\nEfectele secundare dup\u0103 administrarea de bacterii lactice sunt foarte rare (pot ap\u0103rea \u00een cel mult 1<br \/>\nla 10.000 de pacien\u021bi care iau medicamentul). Pot ap\u0103rea reac\u021bii de hipersensibilitate.<br \/>\nDac\u0103 vreo reac\u021bie advers\u0103 devine grav\u0103 sau observa\u021bi orice reac\u021bie advers\u0103 care nu este men\u021bionat\u0103 \u00een<br \/>\naceast\u0103 instruc\u021biune, v\u0103 rug\u0103m s\u0103 v\u0103 informa\u021bi medicul sau farmacistul despre aceasta.<br \/>\nRaportarea reac\u021biilor adverse<br \/>\nDac\u0103 ave\u021bi orice reac\u021bie nedorit\u0103, trebuie s\u0103 v\u0103 informa\u021bi medicul, farmacistul sau<br \/>\nasistent medical. Aceasta include orice posibile efecte secundare care nu sunt enumerate \u00een acest ghid.<br \/>\nPrin raportarea reac\u021biilor adverse, pute\u021bi contribui la evaluarea siguran\u021bei acestui medicament. \u00cendoial\u0103<br \/>\nPute\u021bi raporta reac\u021biile adverse Agen\u021biei pentru Medicamente \u0219i Dispozitive Medicale din Serbia (ALIMS):<br \/>\nAgen\u021bia pentru Medicamente \u0219i Dispozitive Medicale din Serbia<br \/>\nCentrul Na\u021bional de Farmacovigilen\u021b\u0103<br \/>\nVojvode Stepe 458, 11221 Belgrad<br \/>\nRepublica Serbia<br \/>\nsite: www.alims.gov.rs<br \/>\ne-mail: nezeljene.reakcije@alims.gov.rs<br \/>\n5. Cum se p\u0103streaz\u0103 medicamentul Linex<br \/>\nNu l\u0103sa\u021bi medicamentul la vederea \u0219i \u00eendem\u00e2na copiilor.<br \/>\nNu trebuie s\u0103 utiliza\u021bi medicamentul Linex dup\u0103 data de expirare indicat\u0103 pe ambalaj dup\u0103: Data (&quot;Valabil p\u00e2n\u0103 la&quot;)<br \/>\nde utilizare expir\u0103 \u00een ultima zi a lunii specificate.<br \/>\nA se pastra la o temperatura de pana la 25\u00baC, in ambalajul original.<br \/>\nMedicamentele neutilizate se predau la farmacie unde este afisat avizul ca sunt ridicate<br \/>\nmedicamentele neutilizate de la cet\u0103\u021beni. Nu arunca\u021bi medicamentele uzate \u00een canalizare sau \u00eempreun\u0103 cu<br \/>\nde\u0219euri comunale. Aceste m\u0103suri vor contribui la conservarea mediului.<br \/>\n6. Con\u021binutul pachetului \u0219i alte informa\u021bii<br \/>\nCe con\u021bine Linex?<br \/>\nSubstan\u021bele active sunt:<br \/>\nO capsul\u0103 con\u021bine cel pu\u021bin 1,2 x 107 CFU cel pu\u021bin 4,5 x 106 CFU Lactobacillus acidophilus (L.<br \/>\nGasseri), cel pu\u021bin 3,0 x 106 UFC Bifidobacterium infantis \u0219i cel pu\u021bin 4,5 x 106 UFC Enterococcus faecium)<br \/>\nSubstantele auxiliare sunt:<br \/>\nMiezul capsulei, sus\u021bin ei:<br \/>\nLactoz\u0103<br \/>\ndextrin\u0103,<br \/>\nAmidon, cartofi<br \/>\nStearat de magneziu<br \/>\n\u00cenveli\u0219ul capsulei:<br \/>\ngelatina<br \/>\nDioxid de titan (E171)<br \/>\nCum arat\u0103 Linex \u0219i con\u021binutul pachetului<br \/>\nCapsule gelatinoase albe, opace, cu corp \u0219i capac albe, umplute cu pulbere alb\u0103.<br \/>\n5 din 5<br \/>\nPachetul interior este un blister de Al\/Al cu 8 capsule, tari.<br \/>\nAmbalajul exterior este o cutie de carton pliabil\u0103 care con\u021bine dou\u0103 blistere din Al\/Al cu c\u00e2te 8 capsule fiecare, tari.<br \/>\n(\u00een total 16 capsule, tari) \u0219i Instruc\u021biuni pentru medicament.<br \/>\nDe\u021bin\u0103torul licen\u021bei \u0219i produc\u0103torul<br \/>\nDe\u021bin\u0103torul licen\u021bei<br \/>\nBIROUL REPREZENTANT AL SANDOZ PHARMACEUTICALS DD BELGRAD<br \/>\nKneginje Zorke 2, Belgrad<br \/>\nProduc\u0103tor:<br \/>\nCOMPANIA FARMACEUTIC\u0102 LEK DD,<br \/>\nVerov\u0161kova 57, Ljubljana, Slovenia<br \/>\nAceast\u0103 instruc\u021biune a fost aprobat\u0103 ultima dat\u0103:<br \/>\nmartie, 2017<br \/>\nMod de administrare a medicamentului:<br \/>\nMedicamentul este eliberat f\u0103r\u0103 prescrip\u021bie medical\u0103.<br \/>\nNum\u0103rul \u0219i data licen\u021bei:<br \/>\n515-01-02588-16-001 din 31.03.2017<\/p>","protected":false},"featured_media":4444,"template":"","meta":[],"product_brand":[3103],"product_cat":[81,3054],"product_tag":[1596,1709,255,3007,1616,337],"class_list":{"0":"post-4443","1":"product","2":"type-product","3":"status-publish","4":"has-post-thumbnail","6":"product_brand-sandoz","7":"product_cat-probiotici-i-enzimi","8":"product_cat-akcija","9":"product_tag-antibiotska-terapija","10":"product_tag-betty","11":"product_tag-dijareja","12":"product_tag-linex","13":"product_tag-nadim","14":"product_tag-probiotik","15":"pa_brend-sandoz","17":"first","18":"instock","19":"shipping-taxable","20":"product-type-simple"},"ams_default_variation_id":0,"ams_product_points_reward":[],"ams_product_discount_percentage":0,"ams_price_to_display":0,"ams_acf":[],"jetpack_sharing_enabled":true,"_links":{"self":[{"href":"https:\/\/apotekar-online.rs\/ro\/wp-json\/wp\/v2\/product\/4443","targetHints":{"allow":["GET"]}}],"collection":[{"href":"https:\/\/apotekar-online.rs\/ro\/wp-json\/wp\/v2\/product"}],"about":[{"href":"https:\/\/apotekar-online.rs\/ro\/wp-json\/wp\/v2\/types\/product"}],"wp:featuredmedia":[{"embeddable":true,"href":"https:\/\/apotekar-online.rs\/ro\/wp-json\/wp\/v2\/media\/4444"}],"wp:attachment":[{"href":"https:\/\/apotekar-online.rs\/ro\/wp-json\/wp\/v2\/media?parent=4443"}],"wp:term":[{"taxonomy":"product_brand","embeddable":true,"href":"https:\/\/apotekar-online.rs\/ro\/wp-json\/wp\/v2\/product_brand?post=4443"},{"taxonomy":"product_cat","embeddable":true,"href":"https:\/\/apotekar-online.rs\/ro\/wp-json\/wp\/v2\/product_cat?post=4443"},{"taxonomy":"product_tag","embeddable":true,"href":"https:\/\/apotekar-online.rs\/ro\/wp-json\/wp\/v2\/product_tag?post=4443"}],"curies":[{"name":"wp","href":"https:\/\/api.w.org\/{rel}","templated":true}]}}