{"id":4445,"date":"2023-09-28T08:42:10","date_gmt":"2023-09-28T10:42:10","guid":{"rendered":"https:\/\/apotekar-online.rs\/?post_type=product&#038;p=4445"},"modified":"2026-03-05T08:38:29","modified_gmt":"2026-03-05T10:38:29","slug":"linex-forte-14-capsule","status":"publish","type":"product","link":"https:\/\/apotekar-online.rs\/ro\/p\/linex-forte-14-kapsule\/","title":{"rendered":"Linex Forte 14 capsule"},"content":{"rendered":"","protected":false},"excerpt":{"rendered":"<h4><b><strong>Distribu\u021bia acestui medicament pe Internet este strict interzis\u0103 \u0219i reglementat\u0103 de legile Republicii Serbia, \u00een timp ce prezentarea lui pe Internet este permis\u0103, exclusiv \u00een scopul inform\u0103rii publicului larg \u0219i profesional cu privire la scopul s\u0103u \u0219i o mai bun\u0103 familiarizare cu caracteristicile de baz\u0103 ale medicamentului \u00een sine.<\/strong><\/b><\/h4>\n<p>PUTE\u021aI VIZIONA REGULAMENTUL PRIVIND METODA MEDICAMENTULUI PUBLICIT\u0102\u021aI, PRIVIND MEDICINA (\u201eSl. Gl. RS\u201d, nr. 79\/2010)\u00a0<a href=\"http:\/\/www.alims.gov.rs\/ciril\/files\/2012\/06\/p-oglasavanje-79-2010.pdf\">AICI<\/a>.<\/p>\n<p>Linex\u00ae<br \/>\nForte, 2 x 109 CFU, capsule, tari<br \/>\nbacterii lactice<br \/>\nCiti\u021bi cu aten\u021bie acest prospect \u00eenainte de a \u00eencepe s\u0103 lua\u021bi acest medicament deoarece con\u021bine informa\u021bii<br \/>\ncare sunt importante pentru tine.<br \/>\nLua\u021bi \u00eentotdeauna acest medicament exact a\u0219a cum este men\u021bionat \u00een acest prospect sau a\u0219a cum v-a explicat medicul dumneavoastr\u0103<br \/>\nsau un farmacist.<br \/>\n\uf02d Salva\u021bi instruc\u021biunile. Este posibil s\u0103 fie nevoie s\u0103-l citi\u021bi din nou.<br \/>\n\uf02d Dac\u0103 ave\u021bi \u00eentreb\u0103ri suplimentare sau ave\u021bi nevoie de sfaturi, contacta\u021bi-v\u0103 farmacistul.<br \/>\n\uf02d Dac\u0103 prezenta\u0163i orice reac\u0163ii adverse, adresa\u0163i-v\u0103 medicului dumneavoastr\u0103 sau farmacistului. Acest<br \/>\ninclude orice reac\u021bii adverse care nu sunt enumerate \u00een acest ghid. Vezi sec\u021biunea 4.<br \/>\n\uf02d Dac\u0103 dumneavoastr\u0103 sau copilul dumneavoastr\u0103 nu v\u0103 sim\u021bi\u021bi mai bine sau v\u0103 sim\u021bi\u021bi mai r\u0103u dup\u0103 dou\u0103 zile, trebuie s\u0103 v\u0103 muta\u021bi<br \/>\nla medicul dumneavoastr\u0103.<br \/>\n\u00cen acest ghid ve\u021bi citi:<br \/>\n1. Ce este medicamentul Linex Forte \u0219i pentru ce este destinat<br \/>\n2. Ce trebuie s\u0103 \u015fti\u0163i \u00eenainte de a lua Linex Forte<br \/>\n3. Cum s\u0103 lua\u021bi Linex Forte<br \/>\n4. Reac\u021bii adverse posibile<br \/>\n5. Cum se p\u0103streaz\u0103 medicamentul Linex Forte<br \/>\n6. Con\u021binutul pachetului \u0219i alte informa\u021bii<br \/>\n2 din 6<br \/>\n1. Ce este medicamentul Linex Forte \u0219i pentru ce este destinat<br \/>\nMedicamentul Linex Forte este un probiotic, ceea ce \u00eenseamn\u0103 c\u0103 con\u021bine microorganisme care ajut\u0103 la reglarea echilibrului<br \/>\nflora intestinala. Medicamentul Linex Forte con\u021bine dou\u0103 tulpini de bacterii lactice (Lactobacillus acidophilus<br \/>\n(LA-5<br \/>\n\u00ae<br \/>\n) \u0219i Bifidobacterium animalis subsp. lactis (BB-12\u00ae<br \/>\n)) care ajut\u0103 la stabilirea \u0219i men\u021binerea<br \/>\nechilibrul si functia microorganismelor intestinale (flora intestinala).<br \/>\nBacteriile lactice sunt prezente \u00een mod normal \u00een intestinul sub\u021bire \u0219i gros, unde men\u021bin echilibrul acido-bazic<br \/>\nechilibrul necesar pentru func\u021bionarea normal\u0103 a enzimelor digestive (digestia normal\u0103), a sistemului imunitar<br \/>\noameni \u0219i motilitatea intestinal\u0103 (peristalsis). \u00cen plus, aceste bacterii \u00eempiedic\u0103 \u0219i mai mult reproducerea<br \/>\nbacterii d\u0103un\u0103toare.<br \/>\nBacteriile de acid lactic din Linex Forte sunt liofilizate (adic\u0103 uscate la temperatur\u0103 sc\u0103zut\u0103). Acest<br \/>\npermite p\u0103strarea medicamentului la temperatura camerei f\u0103r\u0103 a afecta forma sau activarea bacteriilor.<br \/>\nMedicamentul Linex Forte este utilizat ca terapie preventiv\u0103 \u0219i de sus\u021binere la adul\u021bi, copii \u0219i sugari cu diaree.<br \/>\n(diaree), flatulen\u021b\u0103 \u0219i alte tulbur\u0103ri digestive cauzate de:<br \/>\n- infec\u021bii virale \u0219i bacteriene ale tractului digestiv (de exemplu, infec\u021bii cu rotavirus, diaree de c\u0103l\u0103torie)<br \/>\n- tratament cu medicamente antimicrobiene (de exemplu, antibiotice \u0219i\/sau alte medicamente antimicrobiene sintetice)<br \/>\n- radioterapie a organelor abdominale \u0219i pelvine.<br \/>\nAplicarea regulat\u0103 a bacteriilor lactice reduce \u00een mod eficient frecven\u021ba \u0219i severitatea bolilor u\u0219oare p\u00e2n\u0103 la moderate<br \/>\nprobleme digestive (\u00een principal diaree) asociate cu perturbarea microflorei intestinale normale \u0219i<br \/>\nmen\u021bine peristaltismul intestinal normal.<br \/>\n2. Ce trebuie s\u0103 \u0219ti\u021bi \u00eenainte de a lua Linex<br \/>\nForte Lek Linex Forte nu trebuie luat:<br \/>\n- dac\u0103 sunte\u021bi alergic (hipersensibil) la substan\u021ba activ\u0103 sau la oricare dintre substan\u021bele auxiliare ale acesteia<br \/>\nmedicamente (enumerate la sec\u021biunea 6.)<br \/>\nAvertismente \u0219i precau\u021bii<br \/>\nDiscuta\u021bi cu medicul dumneavoastr\u0103 \u00eenainte de a lua LinexForte dac\u0103:<br \/>\n- ai o temperatura corpului peste 38\u00baC;<br \/>\n- observa\u021bi s\u00e2nge sau mucus \u00een scaun;<br \/>\n- diareea (diareea) dureaza mai mult de doua zile;<br \/>\n- aveti diaree pronuntata urmata de deshidratare si scadere in greutate;<br \/>\n- este diaree \u00eenso\u021bit\u0103 de dureri abdominale severe, astfel \u00eenc\u00e2t este necesar\u0103 asisten\u021b\u0103 medical\u0103;<br \/>\n- ave\u021bi boli grave care necesit\u0103 tratament intensiv (de exemplu, boli structurale ale inimii, prezen\u021ba a<br \/>\ncateter venos central);<br \/>\n- utilizarea terapiei cu medicamente imunosupresoare (ex. \u00een timpul transplantului);<br \/>\n- ave\u021bi alterarea func\u021biei intestinale (de exemplu, sindromul intestinului scurt);<br \/>\n\u2013 ave\u021bi alte afec\u021biuni cronice (de exemplu diabet, boli cardiovasculare) sau<br \/>\n\u2013 ave\u021bi condi\u021bii de rezisten\u021b\u0103 imunitar\u0103 redus\u0103 (de exemplu, infec\u021bie cu HIV)<br \/>\nDac\u0103 dumneavoastr\u0103 sau simptomele copilului dumneavoastr\u0103 de diaree (diaree) nu se amelioreaz\u0103 dup\u0103 dou\u0103 zile de la<br \/>\n\u00eenainte de a \u00eencepe s\u0103 lua\u021bi capsule, este necesar s\u0103 consulta\u021bi un medic.<br \/>\n3 din 6<br \/>\nAvertisment pentru toate grupele de v\u00e2rst\u0103:<br \/>\n\u00cen tratamentul diareei, prima \u0219i cea mai important\u0103 m\u0103sur\u0103 este \u00eenlocuirea lichidului pierdut \u0219i a electroli\u021bilor (sare), care<br \/>\neste deosebit de important \u00een bolile preexistente cu reglare mai dificil\u0103 a fluidelor \u0219i electroli\u021bilor.<br \/>\nAvertisment pentru sugari \u0219i copii sub 6 ani:<br \/>\nDiareea la copiii cu v\u00e2rsta sub 6 ani nu trebuie tratat\u0103 f\u0103r\u0103 supraveghere medical\u0103.<br \/>\nPrin urmare, medicamentul Linex Forte poate fi utilizat la copiii sub 6 ani numai dup\u0103 cel precedent<br \/>\nconsulta\u021bie cu un medic.<br \/>\nAlte medicamente \u0219i medicamentul LinexForte<br \/>\nSpune\u021bi medicului dumneavoastr\u0103 sau farmacistului dac\u0103 dumneavoastr\u0103 sau copilul dumneavoastr\u0103 lua\u021bi sau pute\u021bi lua oricare<br \/>\nalte medicamente, inclusiv cele care pot fi ob\u021binute f\u0103r\u0103 prescrip\u021bie medical\u0103.<br \/>\nP\u00e2n\u0103 \u00een prezent, nu au fost efectuate studii de interac\u021biune cu alte medicamente.<br \/>\nBacteriile lactice din Linex Forte sunt, ca \u0219i alte bacterii, sensibile la anumite<br \/>\nantibiotice. Dac\u0103 lua\u021bi acest medicament \u00een acela\u0219i timp cu antibiotice, se recomand\u0103 ca medicamentul Linex Forte<br \/>\ncapsule, tare se iau la cel pu\u021bin trei ore dup\u0103 administrarea antibioticelor.<br \/>\nUtilizarea Linex Forte cu alimente, b\u0103uturi \u0219i alcool<br \/>\nEste de preferat s\u0103 lua\u021bi Linex Forte cu o mas\u0103, deoarece acest lucru permite o eficacitate maxim\u0103<br \/>\nmedicament. Linex Forte nu trebuie luat \u00eempreun\u0103 cu alcool \u0219i b\u0103uturi calde.<br \/>\nSarcina, al\u0103ptarea \u0219i fertilitatea<br \/>\nDac\u0103 sunte\u021bi gravid\u0103 sau al\u0103pta\u021bi, crede\u021bi c\u0103 sunte\u021bi gravid\u0103 sau inten\u021biona\u021bi s\u0103 r\u0103m\u00e2ne\u021bi gravid\u0103, adresa\u021bi-v\u0103 medicului dumneavoastr\u0103 sau<br \/>\nfarmacistului \u00eenainte de a lua acest medicament.<br \/>\nTratamentul diareei \u00een timpul sarcinii \u0219i al\u0103pt\u0103rii trebuie efectuat sub supravegherea unui medic. Nu sunt raportate<br \/>\nreac\u021bii adverse asociate cu utilizarea medicamentului Linex Forte, capsule, \u00een timpul sarcinii \u0219i al\u0103pt\u0103rii.<br \/>\nNu exist\u0103 date suficiente pentru a confirma siguran\u021ba utiliz\u0103rii capsulelor Linex, sus\u021bin ei<br \/>\nsarcina si alaptarea. Cu toate acestea, \u00een caz de diaree acut\u0103 \u00een timpul sarcinii \u0219i al\u0103pt\u0103rii, este necesar s\u0103 se ia m\u0103suri<br \/>\nm\u0103suri preventive pentru a preveni pierderea de lichide \u0219i electroli\u021bi sau orice alte efecte secundare<br \/>\nceea ce ar putea pune \u00een pericol copilul nen\u0103scut sau femeia \u00eens\u0103rcinat\u0103.<br \/>\nAv\u00e2nd \u00een vedere c\u0103 nu exist\u0103 suficiente date privind siguran\u021ba utiliz\u0103rii Linex Forte \u00een timpul<br \/>\nutilizarea acestui medicament nu este recomandat\u0103 \u00een timpul sarcinii \u0219i al\u0103pt\u0103rii.<br \/>\nNu exist\u0103 date despre efectul acestui medicament asupra fertilit\u0103\u021bii.<br \/>\nConducerea vehiculelor \u0219i operarea ma\u0219inilor<br \/>\nNu au fost efectuate studii privind efectul Linex Forte asupra capacit\u0103\u0163ii de a conduce sau de a conduce vehicule<br \/>\nmasini.<br \/>\nCapsulele Linex Forte con\u021bin oligofructoz\u0103.<br \/>\nOligofructoza este o oligozaharid\u0103 format\u0103 din fructoz\u0103, glucoz\u0103, zaharoz\u0103 \u0219i posibile reziduuri de lactoz\u0103.<br \/>\n4 din 6<br \/>\n\u00cen caz de intoleran\u021b\u0103 la anumite zaharuri, consulta\u021bi medicul \u00eenainte de a utiliza acest medicament<br \/>\nmedicament. Linex Forte con\u021bine reziduuri de proteine din lapte care pot provoca reac\u021bii alergice.<br \/>\nAcest medicament con\u021bine mai pu\u021bin de 1 mmol (23 mg) de sodiu per doz\u0103, de exemplu. este \u00een esen\u021b\u0103 \u201ef\u0103r\u0103 sodiu\u201d.<br \/>\n3. Cum s\u0103 lua\u021bi Linex Forte<br \/>\nLua\u021bi \u00eentotdeauna acest medicament exact a\u0219a cum este men\u021bionat \u00een acest prospect sau a\u0219a cum v-a explicat medicul dumneavoastr\u0103<br \/>\ndoctor. Dac\u0103 nu sunte\u021bi sigur, consulta\u021bi medicul sau farmacistul.<br \/>\nMedicamentul Linex Forte este destinat utiliz\u0103rii orale.<br \/>\n- Capsule, tari, pentru a fi \u00eenghi\u021bite cu lichid \u00een timpul meselor. La copiii sub 6 ani \u0219i persoanele care<br \/>\nnu pot sau nu \u0219tiu cum s\u0103 \u00eenghit\u0103 capsula, este necesar s\u0103 deschide\u021bi capsula, s\u0103 goli\u021bi con\u021binutul \u00een<br \/>\nlingura si amestecati cu putina apa.<br \/>\n- Lua\u021bi medicamentul Linex Forte capsule, tari \u00een timpul mesei, av\u00e2nd \u00een vedere c\u0103 astfel<br \/>\nasigur\u0103 cel mai bun efect al medicamentului.<br \/>\n- Linex Forte nu trebuie luat cu alcool sau b\u0103uturi calde.<br \/>\nDurata \u0219i durata terapiei:<br \/>\nAdul\u021bi \u0219i adolescen\u021bi cu v\u00e2rsta de 12 ani \u0219i peste: o capsul\u0103, tare, de una p\u00e2n\u0103 la trei ori pe zi<br \/>\n(\u00een func\u021bie de severitatea simptomelor).<br \/>\nCopii cu v\u00e2rsta cuprins\u0103 \u00eentre 2 \u0219i 12 ani: o capsul\u0103, tare, o dat\u0103 sau de dou\u0103 ori pe zi (in<br \/>\n\u00een func\u021bie de severitatea simptomelor)<br \/>\nSugari p\u00e2n\u0103 la 2 ani: o capsul\u0103, tare, o dat\u0103 pe zi.<br \/>\nPute\u021bi administra Linex Forte copilului dumneavoastr\u0103 p\u00e2n\u0103 c\u00e2nd simptomele se amelioreaz\u0103.<br \/>\nDac\u0103 nu exist\u0103 nicio ameliorare a simptomelor de diaree (diaree) dup\u0103 2 zile de la \u00eenceperea tratamentului cu Linex<br \/>\nForte, este necesar s\u0103 consulta\u021bi un medic.<br \/>\nDac\u0103 diareea dureaz\u0103 mai mult de dou\u0103 zile, p\u0103rin\u021bii ar trebui s\u0103 consulte cu siguran\u021b\u0103 un medic. U<br \/>\n\u00een tratamentul diareei, prima \u0219i cea mai important\u0103 m\u0103sur\u0103 este \u00eenlocuirea lichidelor \u0219i electroli\u021bilor pierdute.<br \/>\nCapsulele Linex Forte se iau la cel pu\u021bin trei ore dup\u0103 administrarea antibioticelor.<br \/>\nDac\u0103 a\u0163i luat mai mult Linex Forte dec\u00e2t ar trebui<br \/>\nDac\u0103 apar reac\u021bii adverse, adresa\u021bi-v\u0103 medicului dumneavoastr\u0103 sau farmacistului. Nu au fost raportate cazuri<br \/>\nsupradoze.<br \/>\nDac\u0103 uita\u0163i s\u0103 lua\u0163i Linex Forte<br \/>\nNu lua\u021bi o doz\u0103 dubl\u0103 pentru a compensa doza omis\u0103.<br \/>\nContinua\u021bi tratamentul conform programului stabilit.<br \/>\nDac\u0103 ave\u021bi orice \u00eentreb\u0103ri suplimentare cu privire la utilizarea acestui medicament, adresa\u021bi-v\u0103 medicului dumneavoastr\u0103 sau farmacistului.<br \/>\n4. Reac\u021bii adverse posibile<br \/>\nCa toate medicamentele, acest medicament poate provoca reac\u021bii adverse, de\u0219i acestea pot s\u0103 nu apar\u0103<br \/>\nla to\u021bi pacien\u021bii care iau acest medicament.<br \/>\n5 din 6<br \/>\nEfectele adverse dup\u0103 administrarea de bacterii lactice sunt foarte rare (pot ap\u0103rea \u00een<br \/>\nmaxim 1 din 10.000 de pacien\u021bi care iau medicamentul). Pot ap\u0103rea reac\u021bii de hipersensibilitate.<br \/>\nDac\u0103 vreo reac\u021bie advers\u0103 devine grav\u0103 sau observa\u021bi orice reac\u021bie advers\u0103 care nu este men\u021bionat\u0103<br \/>\n\u00een acest ghid, v\u0103 rug\u0103m s\u0103 v\u0103 informa\u021bi medicul sau farmacistul.<br \/>\nRaportarea reac\u021biilor adverse<br \/>\nDac\u0103 ave\u021bi orice reac\u021bie nedorit\u0103, trebuie s\u0103 v\u0103 informa\u021bi medicul sau<br \/>\nfarmacist. Aceasta include orice posibile efecte secundare care nu sunt enumerate \u00een acest ghid.<br \/>\nPrin raportarea reac\u021biilor adverse, pute\u021bi contribui la evaluarea siguran\u021bei acestui medicament. \u00cendoial\u0103<br \/>\nPute\u021bi raporta reac\u021biile adverse Agen\u021biei pentru Medicamente \u0219i Dispozitive Medicale din Serbia (ALIMS):<br \/>\nAgen\u021bia pentru Medicamente \u0219i Dispozitive Medicale din Serbia<br \/>\nCentrul Na\u021bional de Farmacovigilen\u021b\u0103<br \/>\nVojvode Stepe 458, 11221 Belgrad<br \/>\nRepublica Serbia<br \/>\nsite: www.alims.gov.rs<br \/>\ne-mail: nezeljene.reakcije@alims.gov.rs<br \/>\n5. Cum se p\u0103streaz\u0103 medicamentul Linex Forte<br \/>\nNu l\u0103sa\u021bi medicamentul la vederea \u0219i \u00eendem\u00e2na copiilor.<br \/>\nNu trebuie s\u0103 utiliza\u021bi medicamentul Linex Forte dup\u0103 data de expirare indicat\u0103 pe ambalaj (\u201eValid<br \/>\nla:&quot;). Termenul de utilizare expir\u0103 \u00een ultima zi a lunii specificate.<br \/>\nA se pastra la o temperatura de pana la 25 \u00baC, in ambalajul original.<br \/>\nMedicamentele inutilizabile se predau farmaciei unde este afisata avizul catre farmacia respectiva<br \/>\ncolecteaz\u0103 medicamente inutilizabile de la cet\u0103\u021beni. Medicamentele inutilizabile nu trebuie aruncate<br \/>\ncanalizare sau \u00eempreun\u0103 cu de\u0219eurile municipale. Aceste m\u0103suri vor ajuta la protejarea mediului.<br \/>\n6. Con\u021binutul pachetului \u0219i alte informa\u021bii<br \/>\nCe con\u021bine Linex Forte?<br \/>\nSubstan\u021bele active sunt:<br \/>\nO capsul\u0103 con\u021bine cel pu\u021bin 2 x 109 CFU de bacterii lactice liofilizate vii:<br \/>\n- Lactobacillus acidophilus (LA-5<br \/>\n\u00ae<br \/>\n): cel pu\u021bin 1 x 109 CFU,<br \/>\n\u2013 Bifidobacterium animalis subsp. lactis (BB-12\u00ae<br \/>\n): minim 1 x 109 CFU.<br \/>\nSubstantele auxiliare sunt:<br \/>\nCon\u021binutul capsulei, ei sus\u021bin:<br \/>\ninulin\u0103; oligofluctoz\u0103 (glucoz\u0103, fructoz\u0103, zaharoz\u0103); maltodextrin\u0103; stearat de magneziu.<br \/>\nCompozi\u021bia capsulei, ei sus\u021bin:<br \/>\nCorp al capsulei: dioxid de titan (E171); Hidroxipropilmetilceluloz\u0103.<br \/>\nCapsul\u0103 galben\u0103 a capsulei: dioxid de titan (E171); Hidroxipropilmetilceluloz\u0103; oxid de fier (III), galben<br \/>\n6 din 6<br \/>\n(E172).<br \/>\nCum arat\u0103 medicamentul Linex Forte \u0219i con\u021binutul ambalajului<\/p>\n<p>Capsula, tare<br \/>\nCapsula nr. 2 cu corp alb al capsulei \u0219i capac galben. Este o capsul\u0103<br \/>\numplut cu pudr\u0103 maro deschis p\u00e2n\u0103 la roz deschis cu puncte mai \u00eenchise.<br \/>\nAmbalajul interior este un blister (Al\/Al) cu 7 capsule.<br \/>\nAmbalajul exterior este o cutie de carton pliabil\u0103 care con\u021bine dou\u0103 blistere cu c\u00e2te 7 capsule fiecare<br \/>\n(\u00een total 14 capsule, tari) \u0219i Instruc\u021biuni pentru medicament.<br \/>\nDe\u021bin\u0103torul licen\u021bei \u0219i produc\u0103torul<br \/>\nTitularul licen\u021bei:<br \/>\nBIROUL REPREZENTANT AL SANDOZ PHARMACEUTICALS DD BELGRAD<br \/>\nKneginje Zorke 2, Belgrad<br \/>\nProduc\u0103tor:<br \/>\nSOCIETATEA FARMACEUTIC\u0102 LEK DD<br \/>\nVerov\u0161kova 57, Ljubljana, Slovenia<br \/>\nAceast\u0103 instruc\u021biune este ultima aprobat\u0103<br \/>\nseptembrie 2022.<br \/>\nMod de administrare a medicamentului:<br \/>\nMedicamentul este eliberat f\u0103r\u0103 prescrip\u021bie medical\u0103.<br \/>\nNum\u0103rul \u0219i data licen\u021bei:<br \/>\n515-01-04391-21-001 din 29 septembrie 2022.<\/p>","protected":false},"featured_media":4446,"template":"","meta":[],"product_brand":[3103],"product_cat":[81,3054],"product_tag":[1709,1617,1618,1594,1619,1620,774,1585],"class_list":{"0":"post-4445","1":"product","2":"type-product","3":"status-publish","4":"has-post-thumbnail","6":"product_brand-sandoz","7":"product_cat-probiotici-i-enzimi","8":"product_cat-akcija","9":"product_tag-betty","10":"product_tag-bifidobacterium-animalis-subsp-lactis","11":"product_tag-crevne-flore","12":"product_tag-lactobacillus-acidophilus","13":"product_tag-normalno-varenje","14":"product_tag-peristaltika","15":"product_tag-probiotic","16":"product_tag-putnicka-dijareja","17":"pa_brend-sandoz","19":"first","20":"instock","21":"shipping-taxable","22":"product-type-simple"},"ams_default_variation_id":0,"ams_product_points_reward":[],"ams_product_discount_percentage":0,"ams_price_to_display":0,"ams_acf":[],"jetpack_sharing_enabled":true,"_links":{"self":[{"href":"https:\/\/apotekar-online.rs\/ro\/wp-json\/wp\/v2\/product\/4445","targetHints":{"allow":["GET"]}}],"collection":[{"href":"https:\/\/apotekar-online.rs\/ro\/wp-json\/wp\/v2\/product"}],"about":[{"href":"https:\/\/apotekar-online.rs\/ro\/wp-json\/wp\/v2\/types\/product"}],"wp:featuredmedia":[{"embeddable":true,"href":"https:\/\/apotekar-online.rs\/ro\/wp-json\/wp\/v2\/media\/4446"}],"wp:attachment":[{"href":"https:\/\/apotekar-online.rs\/ro\/wp-json\/wp\/v2\/media?parent=4445"}],"wp:term":[{"taxonomy":"product_brand","embeddable":true,"href":"https:\/\/apotekar-online.rs\/ro\/wp-json\/wp\/v2\/product_brand?post=4445"},{"taxonomy":"product_cat","embeddable":true,"href":"https:\/\/apotekar-online.rs\/ro\/wp-json\/wp\/v2\/product_cat?post=4445"},{"taxonomy":"product_tag","embeddable":true,"href":"https:\/\/apotekar-online.rs\/ro\/wp-json\/wp\/v2\/product_tag?post=4445"}],"curies":[{"name":"wp","href":"https:\/\/api.w.org\/{rel}","templated":true}]}}