{"id":4447,"date":"2023-09-28T08:51:18","date_gmt":"2023-09-28T10:51:18","guid":{"rendered":"https:\/\/apotekar-online.rs\/?post_type=product&#038;p=4447"},"modified":"2026-03-05T08:32:48","modified_gmt":"2026-03-05T10:32:48","slug":"propomucil-600-5-pliculete","status":"publish","type":"product","link":"https:\/\/apotekar-online.rs\/ro\/p\/propomucil-600-5-kesica\/","title":{"rendered":"PropoMucil 600, 5 plicuri"},"content":{"rendered":"","protected":false},"excerpt":{"rendered":"<p><strong>PropoMucil<sup>\u00ae<\/sup>\u00a0600 de pungi<\/strong>\u00a0- antimicrobian natural - propolis purificat, non-alergenic cu N-acetilcistein\u0103 (NAC) natural\u0103 la persoanele cu probleme ale tractului respirator \u00eenso\u021bite de produc\u021bie de mucus.<\/p>\n<p><strong>PropoMucil<sup>\u00ae<\/sup><\/strong>\u00a0este un produs natural inovator cu efecte duble:<br \/>\n<i class=\"fa fa-share\"><\/i>\u00a0Mucolitic la alegere \u2013 descompune secre\u021biile<br \/>\n<i class=\"fa fa-share\"><\/i>\u00a0Un puternic antimicrobian natural<\/p>\n<p><strong>PropoMucil<sup>\u00ae<\/sup>\u00a0600 de pungi<\/strong><\/p>\n<ul>\n<li><i class=\"fa fa-share\"><\/i>\u00a0Descompune rapid \u0219i direct secre\u021biile din tractul respirator<\/li>\n<li><i class=\"fa fa-share\"><\/i>\u00a0U\u0219ureaz\u0103 respira\u021bia \u0219i reduce congestia toracic\u0103<\/li>\n<li><i class=\"fa fa-share\"><\/i>\u00a0Previne r\u0103sp\u00e2ndirea infec\u021biilor bacteriene, virale \u0219i fungice<\/li>\n<li><i class=\"fa fa-share\"><\/i>\u00a0\u00cent\u0103re\u0219te imunitatea<\/li>\n<\/ul>\n<p><strong>Ambalare:<\/strong>\u00a05 pungi<\/p>","protected":false},"featured_media":4448,"template":"","meta":[],"product_brand":[3082],"product_cat":[151,3054],"product_tag":[1624,1621,1622,1623],"class_list":{"0":"post-4447","1":"product","2":"type-product","3":"status-publish","4":"has-post-thumbnail","6":"product_brand-herbiko","7":"product_cat-prehlada-i-kasalj","8":"product_cat-akcija","9":"product_tag-nealergen-propolis-sa-prirodnim-n-acetilcisteinom","10":"product_tag-produktivni-kasalj","11":"product_tag-sekret","12":"product_tag-slajm","13":"pa_brend-abela-pharm","15":"first","16":"instock","17":"shipping-taxable","18":"purchasable","19":"product-type-simple"},"ams_default_variation_id":0,"ams_product_points_reward":[],"ams_product_discount_percentage":0,"ams_price_to_display":490,"ams_acf":[],"jetpack_sharing_enabled":true,"_links":{"self":[{"href":"https:\/\/apotekar-online.rs\/ro\/wp-json\/wp\/v2\/product\/4447","targetHints":{"allow":["GET"]}}],"collection":[{"href":"https:\/\/apotekar-online.rs\/ro\/wp-json\/wp\/v2\/product"}],"about":[{"href":"https:\/\/apotekar-online.rs\/ro\/wp-json\/wp\/v2\/types\/product"}],"wp:featuredmedia":[{"embeddable":true,"href":"https:\/\/apotekar-online.rs\/ro\/wp-json\/wp\/v2\/media\/4448"}],"wp:attachment":[{"href":"https:\/\/apotekar-online.rs\/ro\/wp-json\/wp\/v2\/media?parent=4447"}],"wp:term":[{"taxonomy":"product_brand","embeddable":true,"href":"https:\/\/apotekar-online.rs\/ro\/wp-json\/wp\/v2\/product_brand?post=4447"},{"taxonomy":"product_cat","embeddable":true,"href":"https:\/\/apotekar-online.rs\/ro\/wp-json\/wp\/v2\/product_cat?post=4447"},{"taxonomy":"product_tag","embeddable":true,"href":"https:\/\/apotekar-online.rs\/ro\/wp-json\/wp\/v2\/product_tag?post=4447"}],"curies":[{"name":"wp","href":"https:\/\/api.w.org\/{rel}","templated":true}]}}