{"id":4454,"date":"2023-09-28T09:34:47","date_gmt":"2023-09-28T11:34:47","guid":{"rendered":"https:\/\/apotekar-online.rs\/?post_type=product&#038;p=4454"},"modified":"2026-03-05T08:12:36","modified_gmt":"2026-03-05T10:12:36","slug":"gel-gingival-15gr","status":"publish","type":"product","link":"https:\/\/apotekar-online.rs\/ro\/p\/gingival-gel-15gr\/","title":{"rendered":"Gel gingival 15gr"},"content":{"rendered":"","protected":false},"excerpt":{"rendered":"<p>Gelul gingival este utilizat pentru masajul gingiilor, ca instrument auxiliar pentru men\u021binerea \u0219i sus\u021binerea rezultatelor ob\u021binute de medicul stomatolog, implement\u00e2nd terapia standard (conservatoare) la pacien\u021bii cu semne pronun\u021bate de inflamare a gingiilor, cauzate de gingivite, parodontopatii, depuneri de tartru \u0219i alte cauze.<\/p>\n<p>De asemenea, este potrivit pentru utilizare dup\u0103 alte interven\u021bii stomatologice, deoarece sus\u021bine s\u0103n\u0103tatea gingiilor:<\/p>\n<ul>\n<li>dup\u0103 \u0219i \u00een timpul pred\u0103rii restaur\u0103rilor dentare mobile - proteze totale \u0219i par\u021biale;<\/li>\n<li>dup\u0103 predarea restaur\u0103rilor dentare protetice fixe - coroane \u0219i pun\u021bi;<\/li>\n<li>dup\u0103 \u0219lefuirea din\u021bilor pentru restaur\u0103ri protetice fixe.<\/li>\n<\/ul>\n<p>Amelioreaz\u0103 eficient simptomele inflama\u021biei \u0219i durerii;<br \/>\nAccelereaz\u0103 epitelizarea \u0219i vindecarea r\u0103nilor;<br \/>\nReduce nevoia de a vomita si a secreta saliva atunci cand porti proteze dentare;<br \/>\nAre un miros \u0219i gust pl\u0103cut.<\/p>\n<p><strong>Utilizarea :<\/strong><\/p>\n<p>\u00cenainte de fiecare aplicare a gelului gingival, din\u021bii trebuie sp\u0103la\u021bi bine cu o perie \u0219i past\u0103 de din\u021bi. Str\u00e2nge\u021bi aproximativ 0,5 cm de gel pe pometul degetului \u0219i aplica\u021bi-l pe \u0219i \u00een jurul gingiilor din exterior cu mi\u0219c\u0103ri circulare bl\u00e2nde, mas\u00e2nd-le u\u0219or; repetati acelasi lucru pe interiorul gingiilor.Dupa aplicarea gelului nu luati alimente sau lichide timp de o ora pentru ca gelul sa isi faca efectul.Gelul GINGIVAL se foloseste de doua-trei ori pe zi, minim 7 zile .<\/p>\n<p>&nbsp;<\/p>\n<p class=\"mainTitle oswald\"><strong>Compozi\u0163ie<\/strong><\/p>\n<div class=\"text\">\n<p>O combina\u021bie unic\u0103 de ierburi medicinale: mu\u0219e\u021bel, fenicul \u0219i ment\u0103 bl\u00e2nd\u0103.<\/p>\n<p>&nbsp;<\/p>\n<p>1 g de gel con\u021bine: extract lichid de mu\u0219e\u021bel 90 mg, tinctur\u0103 de sr\u010denakae 90 mg, tinctur\u0103 de sr\u010denkaa 30 mg, ulei esen\u021bial de ment\u0103 bl\u00e2nd\u0103 6 mg.<br \/>\nAlte ingrediente: carbomer 974 P, edetat de sodiu, propilenglicol, etanol concentrat, benzoat de sodiu, hidroxid de sodiu \u0219i ap\u0103 purificat\u0103<\/p>\n<\/div>","protected":false},"featured_media":4455,"template":"","meta":[],"product_brand":[],"product_cat":[121],"product_tag":[1116,1629,1632,1631,1630],"class_list":{"0":"post-4454","1":"product","2":"type-product","3":"status-publish","4":"has-post-thumbnail","6":"product_cat-higijena-usta-i-zuba","7":"product_tag-gingivitis","8":"product_tag-masazu-desni","9":"product_tag-naslaga-kamenca","10":"product_tag-paradontopatije","11":"product_tag-zapaljenja-desni","12":"pa_brend-galenika","14":"first","15":"instock","16":"shipping-taxable","17":"purchasable","18":"product-type-simple"},"ams_default_variation_id":0,"ams_product_points_reward":[],"ams_product_discount_percentage":0,"ams_price_to_display":525,"ams_acf":[],"jetpack_sharing_enabled":true,"_links":{"self":[{"href":"https:\/\/apotekar-online.rs\/ro\/wp-json\/wp\/v2\/product\/4454","targetHints":{"allow":["GET"]}}],"collection":[{"href":"https:\/\/apotekar-online.rs\/ro\/wp-json\/wp\/v2\/product"}],"about":[{"href":"https:\/\/apotekar-online.rs\/ro\/wp-json\/wp\/v2\/types\/product"}],"wp:featuredmedia":[{"embeddable":true,"href":"https:\/\/apotekar-online.rs\/ro\/wp-json\/wp\/v2\/media\/4455"}],"wp:attachment":[{"href":"https:\/\/apotekar-online.rs\/ro\/wp-json\/wp\/v2\/media?parent=4454"}],"wp:term":[{"taxonomy":"product_brand","embeddable":true,"href":"https:\/\/apotekar-online.rs\/ro\/wp-json\/wp\/v2\/product_brand?post=4454"},{"taxonomy":"product_cat","embeddable":true,"href":"https:\/\/apotekar-online.rs\/ro\/wp-json\/wp\/v2\/product_cat?post=4454"},{"taxonomy":"product_tag","embeddable":true,"href":"https:\/\/apotekar-online.rs\/ro\/wp-json\/wp\/v2\/product_tag?post=4454"}],"curies":[{"name":"wp","href":"https:\/\/api.w.org\/{rel}","templated":true}]}}