{"id":4458,"date":"2023-09-28T10:08:43","date_gmt":"2023-09-28T12:08:43","guid":{"rendered":"https:\/\/apotekar-online.rs\/?post_type=product&#038;p=4458"},"modified":"2026-03-05T08:12:36","modified_gmt":"2026-03-05T10:12:36","slug":"dentokind-tablete-a150-2","status":"publish","type":"product","link":"https:\/\/apotekar-online.rs\/ro\/p\/dentokind-tablete-a150\/","title":{"rendered":"tablete Dentokind a150"},"content":{"rendered":"","protected":false},"excerpt":{"rendered":"<h4><b>Distribu\u021bia acestui medicament pe Internet este strict interzis\u0103 \u0219i reglementat\u0103 de legile Republicii Serbia, \u00een timp ce prezentarea lui pe Internet este permis\u0103, exclusiv \u00een scopul inform\u0103rii publicului larg \u0219i profesional cu privire la scopul s\u0103u \u0219i o mai bun\u0103 familiarizare cu caracteristicile de baz\u0103 ale medicamentului \u00een sine.<\/b><\/h4>\n<p>PUTE\u021aI VIZIONA REGULAMENTUL PRIVIND METODA MEDICAMENTULUI PUBLICIT\u0102\u021aI, PRIVIND MEDICINA (\u201eSl. Gl. RS\u201d, nr. 79\/2010)\u00a0<a href=\"http:\/\/www.alims.gov.rs\/ciril\/files\/2012\/06\/p-oglasavanje-79-2010.pdf\">AICI<\/a>.<\/p>\n<p>DENTOKIND, comprimate, 15 mg + 15 mg + 15 mg + 15 mg + 15 mg<br \/>\nINN: Belladonna trit. D6, Chamomilla trit. D6, Ferrum phosphoricum trit. D6, Hepar sulfuris trit. D12, Pulsatilla trit. D6<\/p>\n<p><b>Citi\u021bi cu aten\u021bie acest manual, deoarece con\u021bine informa\u021bii care sunt importante pentru dvs.<\/b><br \/>\nAcest medicament poate fi ob\u021binut f\u0103r\u0103 prescrip\u021bie medical\u0103. Cu toate acestea, este necesar s\u0103 utiliza\u021bi Dentokind cu aten\u021bie pentru a ob\u021bine cele mai bune rezultate.<\/p>\n<ul>\n<li>Salva\u021bi instruc\u021biunile. Este posibil s\u0103 fie nevoie s\u0103-l citi\u021bi din nou.<\/li>\n<li>Dac\u0103 mai ave\u021bi \u00eentreb\u0103ri, adresa\u021bi-v\u0103 farmacistului.<\/li>\n<li>Dac\u0103 simptomele dumneavoastr\u0103 se agraveaz\u0103 sau nu v\u0103 sim\u021bi\u021bi mai bine dup\u0103 c\u00e2teva zile, trebuie s\u0103 v\u0103 adresa\u021bi medicului dumneavoastr\u0103.<\/li>\n<li>Dac\u0103 vreo reac\u021bie advers\u0103 devine grav\u0103 sau observa\u021bi orice reac\u021bie advers\u0103 care nu este men\u021bionat\u0103 \u00een acest ghid, v\u0103 rug\u0103m s\u0103 v\u0103 informa\u021bi medicul sau farmacistul.<\/li>\n<\/ul>\n<p><b>\u00cen acest ghid ve\u021bi citi:<\/b><br \/>\n1. Ce este medicamentul Dentokind \u0219i pentru ce este destinat<br \/>\n2. Ce trebuie s\u0103 \u0219ti\u021bi \u00eenainte de a lua Dentokind<br \/>\n3. Cum se utilizeaz\u0103 Dentokind<br \/>\n4. Reac\u021bii adverse posibile<br \/>\n5. Cum se p\u0103streaz\u0103 medicamentul Dentokind<br \/>\n6. Informa\u021bii suplimentare<\/p>\n<p><b>1. CE ESTE DENTOKIND SI PENTRU CE ESTE?<\/b><br \/>\nDentokind este un medicament homeopat menit s\u0103 u\u0219ureze problemele cauzate \u00een timpul denti\u021biei, cum ar fi irita\u021bia, febra, diareea \u0219i durerile de urechi la sugari \u0219i copii.<\/p>\n<p><b>2. CE TREBUIE S\u0102 \u0218TI\u021aI \u00ceNAINTE S\u0102 LUA\u021aI DENTOKIND<\/b><br \/>\n<b>Nu trebuie s\u0103 utiliza\u021bi Dentokind: \u00a0<\/b><br \/>\nNu exist\u0103 condi\u021bii cunoscute c\u00e2nd Dentokind nu trebuie utilizat sau c\u00e2nd trebuie luat\u0103 o precau\u021bie special\u0103.<\/p>\n<p><b>C\u00e2nd lua\u021bi Dentokind, ave\u021bi grij\u0103 deosebit\u0103:<\/b><br \/>\nDac\u0103 observa\u021bi c\u0103 copilul dumneavoastr\u0103 reac\u021bioneaz\u0103 prost la terapie sau apar reac\u021bii nea\u0219teptate, adresa\u021bi-v\u0103 medicului dumneavoastr\u0103. \u00cen caz de reapari\u021bie sau agravare a afec\u021biunii, adresa\u021bi-v\u0103 medicului dumneavoastr\u0103 sau homeopatului.<\/p>\n<p><b>Administrarea altor medicamente<\/b><br \/>\nNu exist\u0103 interac\u021biuni cunoscute cu alte medicamente. Spune\u021bi medicului sau farmacistului dac\u0103 copilul dumneavoastr\u0103 ia sau a luat recent orice alt medicament, inclusiv cele care pot fi eliberate f\u0103r\u0103 prescrip\u021bie medical\u0103.<\/p>\n<p><b>Luarea Dentokind cu alimente sau b\u0103uturi<\/b><br \/>\nDentokind trebuie luat cu o jum\u0103tate de or\u0103 \u00eenainte sau dup\u0103 mas\u0103.<\/p>\n<p><b>Aplicarea medicamentului Dentokind \u00een timpul sarcinii \u0219i al\u0103pt\u0103rii<\/b><br \/>\nNu se aplic\u0103. Medicamentul este destinat copiilor.<\/p>\n<p><b>Influen\u021ba medicamentului Dentokind asupra conducerii autovehiculelor \u0219i exploat\u0103rii utilajelor<\/b><br \/>\nNu se aplic\u0103. Medicamentul este destinat copiilor.<\/p>\n<p><b>Informa\u021bii importante despre unele dintre componentele Dentokind<\/b><br \/>\n\u00cen caz de intoleran\u021b\u0103 la unele dintre zaharuri, consulta\u021bi medicul \u00eenainte de a utiliza acest medicament, deoarece con\u021bine lactoz\u0103.<\/p>\n<p><b>3. CUM S\u0102 UTILIZA\u021aI MEDICAMENTUL<\/b><br \/>\nDentokind Copii de la 0 la 1 an:<br \/>\nIn caz de afectiuni acute, administrati 1 comprimat la fiecare ora, maxim 6 comprimate pe zi. Dup\u0103 ce starea se amelioreaz\u0103, administra\u021bi 1 comprimat de 3 ori pe zi.<br \/>\nCopii de la 1 la 6 ani:<br \/>\nIn caz de afectiuni acute se administreaza cate 2 comprimate la fiecare ora, maxim 12 comprimate pe zi. Dup\u0103 ce starea se amelioreaz\u0103, administra\u021bi 2 comprimate de 3 ori pe zi.<\/p>\n<p>Se recomand\u0103 s\u0103 lua\u021bi comprimatul cu o jum\u0103tate de or\u0103 \u00eenainte sau dup\u0103 mas\u0103 \u0219i s\u0103 \u00eel l\u0103sa\u021bi s\u0103 se dizolve \u00eencet \u00een gur\u0103. Pentru bebelusi se recomanda ca tableta sa fie dizolvata in putina apa inainte de administrare.<\/p>\n<p>Dac\u0103 nu exist\u0103 nicio ameliorare sau pl\u00e2ngerile se repet\u0103 frecvent, pacientul trebuie s\u0103 se adreseze medicului s\u0103u.<\/p>\n<p><b>Dac\u0103 a\u021bi luat mai mult Dentokind dec\u00e2t ar trebui<\/b><br \/>\nP\u00e2n\u0103 \u00een prezent, nu au fost \u00eenregistrate cazuri de supradozaj grav cu acest medicament. Dac\u0103 copilul dumneavoastr\u0103 nu se simte bine, adresa\u021bi-v\u0103 medicului dumneavoastr\u0103.<\/p>\n<p><b>Dac\u0103 uita\u021bi s\u0103 lua\u021bi Dentokind<\/b><br \/>\nNu lua\u021bi niciodat\u0103 o doz\u0103 dubl\u0103 pentru a compensa doza omis\u0103!<\/p>\n<p><b>Dac\u0103 \u00eenceta\u021bi brusc s\u0103 lua\u021bi Dentokind<\/b><br \/>\nDac\u0103 \u00eenceta\u021bi brusc s\u0103 lua\u021bi acest medicament, nu sunt de a\u0219teptat efecte negative.<\/p>\n<p><b>4. REAC\u021aI ADVERSE POSIBILE<\/b><br \/>\nNu sunt cunoscute efecte secundare cauzate de utilizarea Dentokind. Dac\u0103 b\u0103nui\u021bi c\u0103 copilul dumneavoastr\u0103 are consecin\u021be nedorite dup\u0103 utilizarea Dentokind, contacta\u021bi medicul dumneavoastr\u0103 sau un homeopat.<\/p>\n<p><b>5. CUM SE P\u0102STREAZ\u0102 DENTOKIND<br \/>\n<\/b>Perioada de valabilitate 5 ani.<br \/>\nPerioada de valabilitate dup\u0103 prima deschidere a flaconului: 12 luni.<br \/>\nP\u0103strarea<br \/>\nA se pastra la o temperatura de pana la 25\u00b0C in ambalajul original. A nu se l\u0103sa la \u00eendem\u00e2na \u0219i vederea copiilor!<\/p>\n<p>Medicamentele nu trebuie aruncate \u00een canalizare sau \u00een gunoiul menajer. \u00centreba\u021bi-v\u0103 farmacistul cum s\u0103 elimina\u021bi medicamentele de care nu mai ave\u021bi nevoie. Aceste m\u0103suri ajut\u0103 la conservarea mediului. Medicamentul neutilizat este distrus \u00een conformitate cu reglement\u0103rile \u00een vigoare.<\/p>\n<p><b>6. INFORMA\u021aII SUPLIMENTARE<\/b><br \/>\nCe con\u021bine Dentokind?<br \/>\n1 comprimat con\u021bine: Belladonna trit. D6 15 mg, Chamomilla trit. D6 15 mg, Ferrum phosphoricum trit. D6 15 mg, Hepar sulfuris trit. D12 15 mg, Pulsatilla trit. D6 15 mg<br \/>\nSubstante auxiliare: celuloza, microcristalina; pudra de talc; lactoz\u0103, monohidrat; stearat de magneziu.<\/p>\n<p><b>Cum arat\u0103 Dentokind \u0219i con\u021binutul ambalajului<\/b><br \/>\nTablete rotunde, plate, fa\u021betate, de culoare alb\u0103. Cutia con\u021bine o sticl\u0103 de sticl\u0103 \u00eenchis\u0103 de tip III cu un capac cu filet HD-PE alb, care con\u021bine 150 de comprimate.<\/p>\n<p><b>\u00cenainte de utilizare, studia\u021bi instruc\u021biunile \u00een detaliu. Consulta\u021bi-v\u0103 medicul sau farmacistul despre indica\u021bii, precau\u021bii \u0219i reac\u021bii adverse la medicamente.<\/b><\/p>","protected":false},"featured_media":4459,"template":"","meta":[],"product_brand":[],"product_cat":[340],"product_tag":[1636,255,1633,1635,1634,1028],"class_list":{"0":"post-4458","1":"product","2":"type-product","3":"status-publish","4":"has-post-thumbnail","6":"product_cat-deciji-program","7":"product_tag-bol-u-uhu","8":"product_tag-dijareja","9":"product_tag-homeopatski-lek","10":"product_tag-iritiranost","11":"product_tag-nicanja-zuba","12":"product_tag-povisena-temperatura","14":"first","15":"instock","16":"shipping-taxable","17":"product-type-simple"},"ams_default_variation_id":0,"ams_product_points_reward":[],"ams_product_discount_percentage":0,"ams_price_to_display":0,"ams_acf":[],"jetpack_sharing_enabled":true,"_links":{"self":[{"href":"https:\/\/apotekar-online.rs\/ro\/wp-json\/wp\/v2\/product\/4458","targetHints":{"allow":["GET"]}}],"collection":[{"href":"https:\/\/apotekar-online.rs\/ro\/wp-json\/wp\/v2\/product"}],"about":[{"href":"https:\/\/apotekar-online.rs\/ro\/wp-json\/wp\/v2\/types\/product"}],"wp:featuredmedia":[{"embeddable":true,"href":"https:\/\/apotekar-online.rs\/ro\/wp-json\/wp\/v2\/media\/4459"}],"wp:attachment":[{"href":"https:\/\/apotekar-online.rs\/ro\/wp-json\/wp\/v2\/media?parent=4458"}],"wp:term":[{"taxonomy":"product_brand","embeddable":true,"href":"https:\/\/apotekar-online.rs\/ro\/wp-json\/wp\/v2\/product_brand?post=4458"},{"taxonomy":"product_cat","embeddable":true,"href":"https:\/\/apotekar-online.rs\/ro\/wp-json\/wp\/v2\/product_cat?post=4458"},{"taxonomy":"product_tag","embeddable":true,"href":"https:\/\/apotekar-online.rs\/ro\/wp-json\/wp\/v2\/product_tag?post=4458"}],"curies":[{"name":"wp","href":"https:\/\/api.w.org\/{rel}","templated":true}]}}