{"id":4471,"date":"2023-10-04T09:25:00","date_gmt":"2023-10-04T11:25:00","guid":{"rendered":"https:\/\/apotekar-online.rs\/?post_type=product&#038;p=4471"},"modified":"2026-03-05T08:12:35","modified_gmt":"2026-03-05T10:12:35","slug":"khan-gel-crema-antireumatica-tigru-200ml","status":"publish","type":"product","link":"https:\/\/apotekar-online.rs\/ro\/p\/khan-antireumatski-tigrov-krem-gel-200ml\/","title":{"rendered":"Gel crema antireumatismal Khan 200ml"},"content":{"rendered":"","protected":false},"excerpt":{"rendered":"<p><strong>Gel crem\u0103 Khan Tiger<\/strong>\u00a0con\u021bine uleiuri esen\u021biale de eucalipt \u0219i cui\u0219oare, precum \u0219i mentol, camfor, ingrediente active care sunt folosite \u00een mod tradi\u021bional pentru a ajuta la bolile cronice degenerative ale articula\u021biilor \u0219i mu\u0219chilor. Este recomandat pentru afectiuni reumatice, lombago, nevralgii si rigiditate, precum si pentru entorse, luxatii si tulpini produse in timpul activitatilor sportive sau recreative.<\/p>\n<p>Datorit\u0103 bazei de gel crem\u0103,\u00a0<strong>Gel crem\u0103 Khan Tiger<\/strong>\u00a0poate fi aplicat \u0219i \u00eentins cu u\u0219urin\u021b\u0103 pe toate p\u0103r\u021bile corpului, inclusiv pe p\u0103r\u021bile p\u0103roase \u0219i expuse, f\u0103r\u0103 a l\u0103sa urme grase.<\/p>\n<div class=\"woocommerce-tabs wc-tabs-wrapper\">\n<div id=\"tab-effects\" class=\"woocommerce-Tabs-panel woocommerce-Tabs-panel--effects panel entry-content wc-tab\" role=\"tabpanel\" aria-labelledby=\"tab-title-effects\">\n<p>\u00cen concentra\u021bia aplicat\u0103\u00a0<strong>mentol<\/strong>\u00a0dilat\u0103 vasele de s\u00e2nge \u0219i \u00eembun\u0103t\u0103\u021be\u0219te circula\u021bia s\u00e2ngelui \u00een piele, provoc\u00e2nd o senza\u021bie de r\u0103coare \u00eenso\u021bit\u0103 de un efect anestezic u\u0219or. Prin stimularea nervilor pentru percep\u021bia frigului, \u00een timp ce deprim\u0103 \u00een acela\u0219i timp nervii pentru percep\u021bia durerii, mentolul provoac\u0103 mai \u00eent\u00e2i o senza\u021bie de frig, urmat\u0103 mai t\u00e2rziu de o senza\u021bie de c\u0103ldur\u0103.<\/p>\n<p><strong>Camfor\u00a0<\/strong>este ingredientul principal al uleiului esen\u021bial al arborelui de camfor (lat. Cinnamomum camphora) \u0219i este folosit \u00een mod tradi\u021bional pentru durerile reumatice, mialgii \u0219i nevralgii. Aplicarea local\u0103 a camforului ajut\u0103 la reducerea durerii de diverse origini - camforul are efecte analgezice \u0219i anestezice. \u00cen concentra\u021bii mai mari de 3%, camforul, aplicat fie singur, fie \u00eempreun\u0103 cu al\u021bi rubefacien\u021bi, stimuleaz\u0103 termina\u021biile nervoase ale pielii \u0219i provoac\u0103 un efect analgezic, masc\u00e2nd durerea moderat\u0103 p\u00e2n\u0103 la sever\u0103.<\/p>\n<p>Pe l\u00e2ng\u0103 mentol \u0219i camfor, este \u00eencorporat \u0219i gelul crem\u0103 antireumatic\u0103 Khan\u00a0<strong>uleiuri esen\u021biale de eucalipt \u0219i cui\u0219oare<\/strong>\u00a0care promoveaz\u0103 circula\u021bia la locul aplic\u0103rii, prezint\u0103 efecte analgezice \u0219i antiinflamatorii \u0219i, prin urmare, contribuie suplimentar la ameliorarea pl\u00e2ngerilor<\/p>\n<p><strong>Recomandat pentru:<\/strong><\/p>\n<ul>\n<li>Pentru ameliorarea durerilor reumatice si nevralgice (in osteoartrita, artrita reumatoida, sciatica, lumbago, spondiloza)<\/li>\n<li>Pentru durere \u0219i rigiditate \u00een mu\u0219chi \u0219i articula\u021bii<\/li>\n<li>Pentru ameliorarea durerii \u00een leziuni ale \u021besuturilor moi \u0219i leziuni sportive (tulpini, entorse, v\u00e2n\u0103t\u0103i)<\/li>\n<\/ul>\n<p><strong>Compozi\u0163ie:<\/strong><\/p>\n<ul>\n<li>10% camfor<\/li>\n<li>5% mentol<\/li>\n<li>Uleiuri esen\u021biale de eucalipt<\/li>\n<li>Uleiuri esen\u021biale de cui\u0219oare<\/li>\n<\/ul>\n<\/div>\n<\/div>","protected":false},"featured_media":4472,"template":"","meta":[],"product_brand":[],"product_cat":[82],"product_tag":[1325,1165,1640,1639,347,1164,1286,1641,1311],"class_list":{"0":"post-4471","1":"product","2":"type-product","3":"status-publish","4":"has-post-thumbnail","6":"product_cat-kosti-zglobovi-i-neuropatski-bol","7":"product_tag-isijas","8":"product_tag-istegnuca","9":"product_tag-lumbaga","10":"product_tag-nagnjecenja","11":"product_tag-reumatoidnog-artritisa","12":"product_tag-reumatske-bolove","13":"product_tag-sportske-povrede","14":"product_tag-tigrov-mast","15":"product_tag-uganuca","16":"pa_brend-esensa","18":"first","19":"instock","20":"shipping-taxable","21":"purchasable","22":"product-type-simple"},"ams_default_variation_id":0,"ams_product_points_reward":[],"ams_product_discount_percentage":0,"ams_price_to_display":960,"ams_acf":[],"jetpack_sharing_enabled":true,"_links":{"self":[{"href":"https:\/\/apotekar-online.rs\/ro\/wp-json\/wp\/v2\/product\/4471","targetHints":{"allow":["GET"]}}],"collection":[{"href":"https:\/\/apotekar-online.rs\/ro\/wp-json\/wp\/v2\/product"}],"about":[{"href":"https:\/\/apotekar-online.rs\/ro\/wp-json\/wp\/v2\/types\/product"}],"wp:featuredmedia":[{"embeddable":true,"href":"https:\/\/apotekar-online.rs\/ro\/wp-json\/wp\/v2\/media\/4472"}],"wp:attachment":[{"href":"https:\/\/apotekar-online.rs\/ro\/wp-json\/wp\/v2\/media?parent=4471"}],"wp:term":[{"taxonomy":"product_brand","embeddable":true,"href":"https:\/\/apotekar-online.rs\/ro\/wp-json\/wp\/v2\/product_brand?post=4471"},{"taxonomy":"product_cat","embeddable":true,"href":"https:\/\/apotekar-online.rs\/ro\/wp-json\/wp\/v2\/product_cat?post=4471"},{"taxonomy":"product_tag","embeddable":true,"href":"https:\/\/apotekar-online.rs\/ro\/wp-json\/wp\/v2\/product_tag?post=4471"}],"curies":[{"name":"wp","href":"https:\/\/api.w.org\/{rel}","templated":true}]}}