{"id":4481,"date":"2023-10-06T10:44:18","date_gmt":"2023-10-06T12:44:18","guid":{"rendered":"https:\/\/apotekar-online.rs\/?post_type=product&#038;p=4481"},"modified":"2026-03-05T08:35:04","modified_gmt":"2026-03-05T10:35:04","slug":"portocale-revita-454g","status":"publish","type":"product","link":"https:\/\/apotekar-online.rs\/ro\/p\/revita-orange-454g\/","title":{"rendered":"Portocal\u0103 Revita (454g)"},"content":{"rendered":"","protected":false},"excerpt":{"rendered":"<div class=\"elementor-column elementor-col-50 elementor-top-column elementor-element elementor-element-254e699f\" data-id=\"254e699f\" data-element_type=\"column\">\n<div class=\"elementor-widget-wrap elementor-element-populated\">\n<div class=\"elementor-element elementor-element-1d031af yes elementor-widget elementor-widget-woocommerce-product-images\" data-id=\"1d031af\" data-element_type=\"widget\" data-widget_type=\"woocommerce-product-images.default\">\n<div class=\"elementor-widget-container\">\n<div class=\"woocommerce-product-gallery woocommerce-product-gallery--with-images woocommerce-product-gallery--columns-4 images\" data-columns=\"4\">\n<div class=\"woocommerce-product-gallery__wrapper\"><\/div>\n<\/div>\n<\/div>\n<\/div>\n<\/div>\n<\/div>\n<div class=\"elementor-column elementor-col-50 elementor-top-column elementor-element elementor-element-49ed032b\" data-id=\"49ed032b\" data-element_type=\"column\">\n<div class=\"elementor-widget-wrap elementor-element-populated\">\n<div class=\"elementor-element elementor-element-16335a14 elementor-widget elementor-widget-woocommerce-product-short-description\" data-id=\"16335a14\" data-element_type=\"widget\" data-widget_type=\"woocommerce-product-short-description.default\">\n<div class=\"elementor-widget-container\">\n<div class=\"woocommerce-product-details__short-description\">\n<p><strong>Revita Orange<\/strong>\u00a0este un produs alimentar pe baza de laptisor de matca. Este aromatizat cu arom\u0103 natural\u0103 de portocale, \u00eembog\u0103\u021bit cu vitamina C \u0219i culoare natural\u0103 beta-caroten.<\/p>\n<p>Potrivit pentru:<br \/>\n\u2022 \u00eent\u0103rirea imunit\u0103\u021bii,<br \/>\n\u2022 rezisten\u021b\u0103 crescut\u0103 la stres,<br \/>\n\u2022 pentru copii,<br \/>\n\u2022 pentru sportivi,<br \/>\n\u2022 pentru persoanele expuse la eforturi psihice \u0219i fizice sporite, precum \u0219i la poluare \u00een mediul de munc\u0103 \u0219i de via\u021b\u0103.<\/p>\n<p><strong>Dozaj \u0219i mod de utilizare:<\/strong><\/p>\n<p>Se dizolv\u0103 dou\u0103 linguri\u021be de produs (12g) \u00eentr-un pahar cu ap\u0103 (0,2l).<\/p>\n<p><strong>Not\u0103:<\/strong><\/p>\n<p>Produsele Revita pot fi consumate \u00een mod liber cu orice medicamente \u0219i alimente, \u00eenainte sau dup\u0103 mas\u0103. Nu este nevoie s\u0103 face\u021bi pauze \u00een utilizarea produselor Revita.<br \/>\nToate produsele Revita contin vitamina C intr-o doza care contribuie semnificativ la aportul zilnic necesar al acestei vitamine. L\u0103pti\u0219orul de matc\u0103 \u0219i vitamina C \u00eempreun\u0103 promoveaz\u0103 produc\u021bia de colagen - proteina tinere\u021bii, care este necesar\u0103 nu numai pentru s\u0103n\u0103tatea \u0219i frumuse\u021bea pielii, ci \u0219i pentru p\u0103strarea elasticit\u0103\u021bii vaselor de s\u00e2nge, \u00een special a celor din creier \u0219i inim\u0103, ca precum \u0219i pentru ap\u0103rarea organismului \u00eempotriva viru\u0219ilor \u0219i bacteriilor.<\/p>\n<\/div>\n<\/div>\n<\/div>\n<\/div>\n<\/div>","protected":false},"featured_media":4566,"template":"","meta":[],"product_brand":[],"product_cat":[106,3054,340,77],"product_tag":[1654,1655,1653,359,245,1406,1656],"class_list":{"0":"post-4481","1":"product","2":"type-product","3":"status-publish","4":"has-post-thumbnail","6":"product_cat-preparati-za-apetit-i-imunitet-kod-dece","7":"product_cat-akcija","8":"product_cat-deciji-program","9":"product_cat-imunitet","10":"product_tag-maticni-mlec","11":"product_tag-otpornosti-na-stres","12":"product_tag-revita","13":"product_tag-super-petak","14":"product_tag-vitamin-c","15":"product_tag-za-decu","16":"product_tag-za-sportiste","18":"first","19":"instock","20":"shipping-taxable","21":"purchasable","22":"product-type-simple"},"ams_default_variation_id":0,"ams_product_points_reward":[],"ams_product_discount_percentage":0,"ams_price_to_display":4025,"ams_acf":[],"jetpack_sharing_enabled":true,"_links":{"self":[{"href":"https:\/\/apotekar-online.rs\/ro\/wp-json\/wp\/v2\/product\/4481","targetHints":{"allow":["GET"]}}],"collection":[{"href":"https:\/\/apotekar-online.rs\/ro\/wp-json\/wp\/v2\/product"}],"about":[{"href":"https:\/\/apotekar-online.rs\/ro\/wp-json\/wp\/v2\/types\/product"}],"wp:featuredmedia":[{"embeddable":true,"href":"https:\/\/apotekar-online.rs\/ro\/wp-json\/wp\/v2\/media\/4566"}],"wp:attachment":[{"href":"https:\/\/apotekar-online.rs\/ro\/wp-json\/wp\/v2\/media?parent=4481"}],"wp:term":[{"taxonomy":"product_brand","embeddable":true,"href":"https:\/\/apotekar-online.rs\/ro\/wp-json\/wp\/v2\/product_brand?post=4481"},{"taxonomy":"product_cat","embeddable":true,"href":"https:\/\/apotekar-online.rs\/ro\/wp-json\/wp\/v2\/product_cat?post=4481"},{"taxonomy":"product_tag","embeddable":true,"href":"https:\/\/apotekar-online.rs\/ro\/wp-json\/wp\/v2\/product_tag?post=4481"}],"curies":[{"name":"wp","href":"https:\/\/api.w.org\/{rel}","templated":true}]}}