{"id":4484,"date":"2023-10-09T10:14:00","date_gmt":"2023-10-09T12:14:00","guid":{"rendered":"https:\/\/apotekar-online.rs\/?post_type=product&#038;p=4484"},"modified":"2026-03-05T08:12:35","modified_gmt":"2026-03-05T10:12:35","slug":"krauterhof-crema-de-corp-cu-cacao-si-unt-250ml","status":"publish","type":"product","link":"https:\/\/apotekar-online.rs\/ro\/p\/krauterhof-krema-za-telo-sa-kakao-i-si-buter-250ml\/","title":{"rendered":"Crema de corp Krauterhof cu cacao si unt de ea.250ml"},"content":{"rendered":"","protected":false},"excerpt":{"rendered":"<p>Crem\u0103 de corp cu cacao \u0219i unt de karit\u00e9 Krauterhof 250 ml pentru piele moale \u0219i m\u0103t\u0103soas\u0103.<\/p>\n<p>Potrivit pentru \u00eengrijirea pielii \u00eentregului corp.<\/p>\n<p>Combina\u021bia perfect\u0103 de ingrediente naturale pentru hidratarea profund\u0103 \u0219i \u00eengrijirea pielii pe care o meri\u021bi.<\/p>\n<p>Untul de shea este un miracol al naturii care \u00ee\u021bi hr\u0103ne\u0219te \u0219i catifeleaz\u0103 pielea.<\/p>\n<p>Untul de cacao ofer\u0103 un parfum irezistibil \u0219i o hidratare suplimentar\u0103.<\/p>\n<p>Alegerea perfect\u0103 dac\u0103 te lup\u021bi cu pielea uscat\u0103.<\/p>\n<p>&nbsp;<\/p>","protected":false},"featured_media":4485,"template":"","meta":[],"product_brand":[],"product_cat":[547,177],"product_tag":[200,971,958,459,227],"class_list":{"0":"post-4484","1":"product","2":"type-product","3":"status-publish","4":"has-post-thumbnail","6":"product_cat-kozmetika-i-nega-za-odrasle","7":"product_cat-nega-tela","8":"product_tag-hidratacija","9":"product_tag-kakao-puter","10":"product_tag-krema-za-telo","11":"product_tag-shea-buter","12":"product_tag-suva-koza","13":"pa_brend-krauterhof","15":"first","16":"instock","17":"shipping-taxable","18":"purchasable","19":"product-type-simple"},"ams_default_variation_id":0,"ams_product_points_reward":[],"ams_product_discount_percentage":0,"ams_price_to_display":395,"ams_acf":[],"jetpack_sharing_enabled":true,"_links":{"self":[{"href":"https:\/\/apotekar-online.rs\/ro\/wp-json\/wp\/v2\/product\/4484","targetHints":{"allow":["GET"]}}],"collection":[{"href":"https:\/\/apotekar-online.rs\/ro\/wp-json\/wp\/v2\/product"}],"about":[{"href":"https:\/\/apotekar-online.rs\/ro\/wp-json\/wp\/v2\/types\/product"}],"wp:featuredmedia":[{"embeddable":true,"href":"https:\/\/apotekar-online.rs\/ro\/wp-json\/wp\/v2\/media\/4485"}],"wp:attachment":[{"href":"https:\/\/apotekar-online.rs\/ro\/wp-json\/wp\/v2\/media?parent=4484"}],"wp:term":[{"taxonomy":"product_brand","embeddable":true,"href":"https:\/\/apotekar-online.rs\/ro\/wp-json\/wp\/v2\/product_brand?post=4484"},{"taxonomy":"product_cat","embeddable":true,"href":"https:\/\/apotekar-online.rs\/ro\/wp-json\/wp\/v2\/product_cat?post=4484"},{"taxonomy":"product_tag","embeddable":true,"href":"https:\/\/apotekar-online.rs\/ro\/wp-json\/wp\/v2\/product_tag?post=4484"}],"curies":[{"name":"wp","href":"https:\/\/api.w.org\/{rel}","templated":true}]}}