{"id":4555,"date":"2023-10-11T10:03:14","date_gmt":"2023-10-11T12:03:14","guid":{"rendered":"https:\/\/apotekar-online.rs\/?post_type=product&#038;p=4555"},"modified":"2026-03-05T08:12:33","modified_gmt":"2026-03-05T10:12:33","slug":"prostarex-30-capsule","status":"publish","type":"product","link":"https:\/\/apotekar-online.rs\/ro\/p\/prostarex-30-kapsula\/","title":{"rendered":"Prostarex 30 capsule"},"content":{"rendered":"","protected":false},"excerpt":{"rendered":"<p>Componentele active ale capsulelor Prostarex\u00ae (fitosteroli) ac\u0163ioneaz\u0103 prin blocarea enzimelor care activeaz\u0103 hormonii sexuali masculini. \u00cen acest fel, \u00eencetinesc cre\u0219terea \u00een continuare a prostatei \u0219i amelioreaz\u0103 problemele care vin din m\u0103rirea acesteia (urinat frecvent, urinare dificil\u0103 \u0219i dureroas\u0103, flux slab de urin\u0103, incapacitatea de a goli vezica urinar\u0103).<\/p>\n<p>Utilizarea capsulelor Prostarex\u00ae nu duce la sc\u0103derea volumului ejaculatului, sc\u0103derea libidoului, impoten\u021b\u0103 sau hipotensiune ortostatic\u0103, oboseal\u0103 \u0219i dureri de cap.<\/p>\n<p>Capsulele Prostarex\u00ae nu afecteaz\u0103 nivelul de PSA (antigen specific prostatic) din plasm\u0103.<\/p>\n<p>INGREDIENTE ACTIVE:<\/p>\n<ul>\n<li aria-checked=\"false\" aria-level=\"1\">Extract din plante din semin\u021be de dovleac<\/li>\n<li aria-checked=\"false\" aria-level=\"1\">R\u0103d\u0103cin\u0103 de urzic\u0103<\/li>\n<li aria-checked=\"false\" aria-level=\"1\">Extract uscat de iarb\u0103 de m\u0103tase<\/li>\n<li aria-checked=\"false\" aria-level=\"1\">Tribulus terrestris<\/li>\n<li aria-checked=\"false\" aria-level=\"1\">Cimbru<\/li>\n<li aria-checked=\"false\" aria-level=\"1\">Vitamina C<\/li>\n<li aria-checked=\"false\" aria-level=\"1\">Zinc<\/li>\n<li aria-checked=\"false\" aria-level=\"1\">Seleniu<\/li>\n<\/ul>\n<div class=\"elementor elementor-7544\" data-elementor-type=\"wp-post\" data-elementor-id=\"7544\">\n<div class=\"elementor-inner\">\n<div class=\"elementor-section-wrap\">\n<section class=\"elementor-section elementor-top-section elementor-element elementor-element-3a2bbc7d elementor-section-boxed elementor-section-height-default elementor-section-height-default default-style\" data-id=\"3a2bbc7d\" data-element_type=\"section\" data-settings=\"{&quot;rt_color_sets&quot;:&quot;default-style&quot;}\">\n<div class=\"elementor-container elementor-column-gap-default\">\n<div class=\"elementor-row\">\n<div class=\"elementor-column elementor-col-100 elementor-top-column elementor-element elementor-element-21c480eb\" data-id=\"21c480eb\" data-element_type=\"column\">\n<div class=\"elementor-column-wrap elementor-element-populated\">\n<div class=\"elementor-widget-wrap\">\n<div class=\"elementor-element elementor-element-177ec9f elementor-widget elementor-widget-rt-tabs\" data-id=\"177ec9f\" data-element_type=\"widget\" data-widget_type=\"rt-tabs.default\">\n<div class=\"elementor-widget-container\">\n<div class=\"rt_tabs tab-position-1 style-4\" data-tab-position=\"tab-position-1\" data-tab-count=\"4\">\n<div class=\"tab_contents\">\n<div id=\"tab-2\" class=\"tab_content_wrapper animation with_icon active\" data-tab-content=\"2\">\n<div class=\"tab_content\">\n<p>INDICA\u021aII:<\/p>\n<ul>\n<li aria-level=\"1\">Hiperplazia benign\u0103 de prostat\u0103<\/li>\n<li aria-level=\"1\">Tulbur\u0103ri urinare la b\u0103rba\u021bi<\/li>\n<\/ul>\n<p>(urinat frecvent, urinare dificil\u0103 \u0219i dureroas\u0103, flux slab de urin\u0103, incapacitatea de a goli vezica urinar\u0103).<\/p>\n<p>DOZARE:<\/p>\n<p>Doza zilnic\u0103 recomandat\u0103 este de 1-2 capsule pe zi sau conform recomand\u0103rii medicului dumneavoastr\u0103 (utiliza\u021bi continuu timp de cel pu\u021bin 3 luni)<\/p>\n<\/div>\n<\/div>\n<div id=\"tab-3\" class=\"tab_content_wrapper animation with_icon\" data-tab-content=\"3\"><\/div>\n<div id=\"tab-4\" class=\"tab_content_wrapper animation with_icon\" data-tab-content=\"4\"><\/div>\n<\/div>\n<\/div>\n<\/div>\n<\/div>\n<\/div>\n<\/div>\n<\/div>\n<\/div>\n<\/div>\n<\/section>\n<section class=\"elementor-section elementor-top-section elementor-element elementor-element-12dab39 elementor-section-boxed elementor-section-height-default elementor-section-height-default default-style\" data-id=\"12dab39\" data-element_type=\"section\" data-settings=\"{&quot;rt_color_sets&quot;:&quot;default-style&quot;}\">\n<div class=\"elementor-container elementor-column-gap-default\">\n<div class=\"elementor-row\">\n<div class=\"elementor-column elementor-col-100 elementor-top-column elementor-element elementor-element-8760eb3\" data-id=\"8760eb3\" data-element_type=\"column\">\n<div class=\"elementor-column-wrap elementor-element-populated\">\n<div class=\"elementor-widget-wrap\">\n<div class=\"elementor-element elementor-element-e12b4b1 elementor-widget elementor-widget-text-editor\" data-id=\"e12b4b1\" data-element_type=\"widget\" data-widget_type=\"text-editor.default\">\n<div class=\"elementor-widget-container\"><\/div>\n<\/div>\n<\/div>\n<\/div>\n<\/div>\n<\/div>\n<\/div>\n<\/section>\n<\/div>\n<\/div>\n<\/div>\n<div class=\"content-row default-style fullwidth naturalife-post-navigation\">\n<div class=\"content-row-wrapper default row align-items-center\">\n<div class=\"col col-12 col-lg-5\"><\/div>\n<div class=\"col col-12 col-lg-2\"><\/div>\n<\/div>\n<\/div>","protected":false},"featured_media":4556,"template":"","meta":[],"product_brand":[],"product_cat":[84,153],"product_tag":[1693,185,603,618,1692,235,1690,1691,1689,245],"class_list":{"0":"post-4555","1":"product","2":"type-product","3":"status-publish","4":"has-post-thumbnail","6":"product_cat-zdravlje-muskaraca","7":"product_cat-prostata","8":"product_tag-bengina-hiperplazija-prostate","9":"product_tag-cink","10":"product_tag-kopriva","11":"product_tag-prostata","12":"product_tag-rimijan","13":"product_tag-selen","14":"product_tag-seme-bundeve","15":"product_tag-svilovina","16":"product_tag-ucestalo-mokrenje","17":"product_tag-vitamin-c","19":"first","20":"instock","21":"shipping-taxable","22":"purchasable","23":"product-type-simple"},"ams_default_variation_id":0,"ams_product_points_reward":[],"ams_product_discount_percentage":0,"ams_price_to_display":1100,"ams_acf":[],"jetpack_sharing_enabled":true,"_links":{"self":[{"href":"https:\/\/apotekar-online.rs\/ro\/wp-json\/wp\/v2\/product\/4555","targetHints":{"allow":["GET"]}}],"collection":[{"href":"https:\/\/apotekar-online.rs\/ro\/wp-json\/wp\/v2\/product"}],"about":[{"href":"https:\/\/apotekar-online.rs\/ro\/wp-json\/wp\/v2\/types\/product"}],"wp:featuredmedia":[{"embeddable":true,"href":"https:\/\/apotekar-online.rs\/ro\/wp-json\/wp\/v2\/media\/4556"}],"wp:attachment":[{"href":"https:\/\/apotekar-online.rs\/ro\/wp-json\/wp\/v2\/media?parent=4555"}],"wp:term":[{"taxonomy":"product_brand","embeddable":true,"href":"https:\/\/apotekar-online.rs\/ro\/wp-json\/wp\/v2\/product_brand?post=4555"},{"taxonomy":"product_cat","embeddable":true,"href":"https:\/\/apotekar-online.rs\/ro\/wp-json\/wp\/v2\/product_cat?post=4555"},{"taxonomy":"product_tag","embeddable":true,"href":"https:\/\/apotekar-online.rs\/ro\/wp-json\/wp\/v2\/product_tag?post=4555"}],"curies":[{"name":"wp","href":"https:\/\/api.w.org\/{rel}","templated":true}]}}