{"id":4562,"date":"2023-10-11T10:48:45","date_gmt":"2023-10-11T12:48:45","guid":{"rendered":"https:\/\/apotekar-online.rs\/?post_type=product&#038;p=4562"},"modified":"2026-03-05T08:12:33","modified_gmt":"2026-03-05T10:12:33","slug":"serrax-forte-10-capsule","status":"publish","type":"product","link":"https:\/\/apotekar-online.rs\/ro\/p\/serrax-forte-10-kapsula\/","title":{"rendered":"Serrax forte 10 capsule"},"content":{"rendered":"","protected":false},"excerpt":{"rendered":"<h5><b>SERRAX FORTE\u00a0<\/b>elimin\u0103 eficient durerea, umflarea \u0219i toate procesele inflamatorii din organism.<\/h5>\n<p><b>SERRAX FORTE\u00a0<\/b>\u00eembun\u0103t\u0103\u021be\u0219te efectul antibioticelor, favorizeaz\u0103 diluarea \u0219i eliminarea mucusului, puroiului \u0219i hematomului, ajut\u0103 la inflama\u021bia sinusurilor \u0219i accelereaz\u0103 semnificativ recuperarea. Este extrem de potrivit\u0103 pentru sportivi deoarece sus\u021bine procesul de vindecare a leziunilor \u0219i este recomandat\u0103 \u0219i pacien\u021bilor \u00een perioada recuper\u0103rii postoperatorii.<\/p>\n<p>Serrapeptaza\u00a0<b>SERRAX FORTE\u00a0<\/b>reduce efectul inflamator, de aceea este recomandat persoanelor care sufera de afectiuni inflamatorii insotite de umflaturi si dureri, precum artrita. De asemenea, este util \u00een bolile obstructive cronice, reduce inflama\u021bia cronic\u0103, precum \u0219i num\u0103rul de neutrofile, care joac\u0103 un rol semnificativ \u00een procesele inflamatorii. De asemenea, dilueaz\u0103 sputa care este tusit\u0103 \u0219i \u00eembun\u0103t\u0103\u021be\u0219te permeabilitatea c\u0103ilor respiratorii \u0219i a nasului.<\/p>\n<p>Serrapeptase SERRAX FORTE se caracterizeaza printr-un efect pozitiv asupra pacientilor cu astm bronsic si boli obstructive cronice prin purificarea cailor respiratorii si astfel facilitarea respiratiei prin capacitatea de a reduce mucusul.<\/p>\n<h4>INDICA\u021aII SERRAX FORTE<\/h4>\n<ol>\n<li aria-level=\"1\">Gingivita, parodontita, interventii chirurgicale in stomatologie, chirurgie orala si maxilo-faciala<\/li>\n<li aria-level=\"1\">Umflare dup\u0103 leziuni \u0219i traume<\/li>\n<li aria-level=\"1\">Umflare \u0219i v\u00e2n\u0103t\u0103i postoperatorii<\/li>\n<li aria-level=\"1\">Artrita reumatoida si osteoartrita<\/li>\n<li aria-level=\"1\">Tendinite, entorse, luxa\u021bii<\/li>\n<li aria-level=\"1\">Dup\u0103 interven\u021bii chirurgicale<\/li>\n<li aria-level=\"1\">Fracturi<\/li>\n<li aria-level=\"1\">Sinuzit\u0103 acut\u0103 \u0219i cronic\u0103<\/li>\n<li aria-level=\"1\">Otita medie<\/li>\n<li aria-level=\"1\">Amigdalita acuta<\/li>\n<li aria-level=\"1\">Bron\u0219it\u0103, bron\u0219iectazie, astm bron\u0219ic, laringit\u0103, faringit\u0103, rinofaringit\u0103<\/li>\n<li aria-level=\"1\">Inflama\u021bia trompei lui Eustachio<\/li>\n<li aria-level=\"1\">Mastopatie \u0219i modific\u0103ri fibromatoase ale s\u00e2nilor<\/li>\n<li aria-level=\"1\">Boli fibrochistice ale s\u00e2nului<\/li>\n<\/ol>\n<h4>SERRAX FORTE IN STOMATOLOGIE<\/h4>\n<p>\u00cen stomatologie\u00a0<b>SERRAX FORTE\u00a0<\/b>se recomanda pacientilor dupa\u00a0<b>interventii chirurgicale, protetice si endodontice.<\/b><\/p>\n<p><b>SERRAX FORTE\u00a0<\/b>favorizeaz\u0103 eliminarea puroiului \u0219i a cheagurilor de s\u00e2nge, dizolv\u00e2nd depozitele de fibrin\u0103 \u0219i cheagurile de s\u00e2nge create.<\/p>\n<p><b>SERRAX FORTE\u00a0<\/b>contribuie la un efect mai eficient al terapiei cu antibiotice prin cre\u0219terea concentra\u021biei de antibiotice \u00een focarul infec\u021biei.<\/p>\n<h4>INDICA\u021aII<\/h4>\n<ul>\n<li aria-level=\"1\">U\u00a0<b>stomatologie \u0219i chirurgie oral\u0103\u00a0<\/b>dup\u0103 interven\u0163ii urmate de insule<\/li>\n<li aria-level=\"1\">La diferit\u00a0<b>leziuni \u0219i edem\u00a0<\/b>(pentru entorse, luxa\u021bii \u0219i alte afec\u021biuni post-leziune care sunt \u00eenso\u021bite de umflarea \u021besuturilor)<\/li>\n<li aria-level=\"1\">Codul\u00a0<b>inflama\u021bie a membranei mucoase a gurii \u0219i a gingiilor\u00a0<\/b>\u00eenso\u0163it de insule<\/li>\n<li aria-level=\"1\">Pentru\u00a0<b>tractului respirator\u00a0<\/b>(pentru un nas \u00eenfundat \u0219i mucus care curge pe g\u00e2t, pentru a ajuta la sub\u021birea mucusului acumulat \u0219i pentru a facilita expectora\u021bia, precum \u0219i pentru a reduce umflarea membranei mucoase)<\/li>\n<li aria-level=\"1\">Pentru\u00a0<b>articula\u021bii osoase, mu\u0219chi \u0219i sistemul reproduc\u0103tor\u00a0<\/b>(dup\u0103 interven\u021bii chirurgicale \u00een ortopedie \u0219i ginecologie \u00een timpul c\u0103rora apare umflarea \u021besuturilor moi)<\/li>\n<\/ul>\n<p>&nbsp;<\/p>","protected":false},"featured_media":4563,"template":"","meta":[],"product_brand":[],"product_cat":[777],"product_tag":[1313,1696,297,1623,1108],"class_list":{"0":"post-4562","1":"product","2":"type-product","3":"status-publish","4":"has-post-thumbnail","6":"product_cat-proizvodi-koji-se-izdaju-bez-recepta","7":"product_tag-hematom","8":"product_tag-oporavak","9":"product_tag-otok","10":"product_tag-slajm","11":"product_tag-upala","13":"first","14":"outofstock","15":"shipping-taxable","16":"purchasable","17":"product-type-simple"},"ams_default_variation_id":0,"ams_product_points_reward":[],"ams_product_discount_percentage":0,"ams_price_to_display":935,"ams_acf":[],"jetpack_sharing_enabled":true,"_links":{"self":[{"href":"https:\/\/apotekar-online.rs\/ro\/wp-json\/wp\/v2\/product\/4562","targetHints":{"allow":["GET"]}}],"collection":[{"href":"https:\/\/apotekar-online.rs\/ro\/wp-json\/wp\/v2\/product"}],"about":[{"href":"https:\/\/apotekar-online.rs\/ro\/wp-json\/wp\/v2\/types\/product"}],"wp:featuredmedia":[{"embeddable":true,"href":"https:\/\/apotekar-online.rs\/ro\/wp-json\/wp\/v2\/media\/4563"}],"wp:attachment":[{"href":"https:\/\/apotekar-online.rs\/ro\/wp-json\/wp\/v2\/media?parent=4562"}],"wp:term":[{"taxonomy":"product_brand","embeddable":true,"href":"https:\/\/apotekar-online.rs\/ro\/wp-json\/wp\/v2\/product_brand?post=4562"},{"taxonomy":"product_cat","embeddable":true,"href":"https:\/\/apotekar-online.rs\/ro\/wp-json\/wp\/v2\/product_cat?post=4562"},{"taxonomy":"product_tag","embeddable":true,"href":"https:\/\/apotekar-online.rs\/ro\/wp-json\/wp\/v2\/product_tag?post=4562"}],"curies":[{"name":"wp","href":"https:\/\/api.w.org\/{rel}","templated":true}]}}