{"id":4586,"date":"2023-10-16T09:21:34","date_gmt":"2023-10-16T11:21:34","guid":{"rendered":"https:\/\/apotekar-online.rs\/?post_type=product&#038;p=4586"},"modified":"2026-03-05T08:38:29","modified_gmt":"2026-03-05T10:38:29","slug":"maxmedica-maxomucil-600-10-pliculete","status":"publish","type":"product","link":"https:\/\/apotekar-online.rs\/ro\/p\/maxmedica-maxomucil-600-10-kesica\/","title":{"rendered":"MaxMedica MaxoMucil 600 10 plicuri"},"content":{"rendered":"","protected":false},"excerpt":{"rendered":"<p>MaxoMucil 600 sub\u021biaz\u0103 secre\u021biile \u0219i permite expectora\u021bia mai u\u0219oar\u0103, ceea ce restabile\u0219te fluxul normal de aer prin c\u0103ile respiratorii \u0219i faciliteaz\u0103 respira\u021bia. Ca mucolitic, N-acetilcisteina sub\u021biaz\u0103 secre\u021biile groase, v\u00e2scoase \u0219i le ajut\u0103 s\u0103 fie expulzate mai u\u0219or din c\u0103ile respiratorii. Propolisul contribuie la func\u021bionarea normal\u0103 a sistemului imunitar \u0219i protejeaz\u0103 membrana mucoas\u0103 a tractului respirator \u00eempotriva dezvolt\u0103rii infec\u021biilor bacteriene, virale \u0219i fungice. Echinacea ca imunostimulator natural \u00eembun\u0103t\u0103\u021be\u0219te r\u0103spunsul imunitar \u0219i capacitatea de ap\u0103rare a organismului. Vitamina C contribuie la func\u021bionarea normal\u0103 a sistemului imunitar, la protejarea celulelor \u00eempotriva stresului oxidativ, la metabolismul energetic normal \u0219i la reducerea oboselii \u0219i epuiz\u0103rii.<\/p>\n<h5>Dozare \u0219i utilizare:<\/h5>\n<p>Adul\u021bi \u0219i copii peste 12 ani: o dat\u0103 pe zi, dizolva\u021bi con\u021binutul unui plic \u00eentr-o jum\u0103tate de pahar de ap\u0103, amesteca\u021bi cu o linguri\u021b\u0103 \u0219i be\u021bi imediat.<\/p>\n<h5>Compozitie:<\/h5>\n<p>N-acetilcistein\u0103 600 mg; extract uscat de propolis standardizat la minimum 10% flavonoide 30 mg; echinaceea 80 mg; vitamina C 120 mg<\/p>","protected":false},"featured_media":4587,"template":"","meta":[],"product_brand":[],"product_cat":[151,3054],"product_tag":[1709,244,1240,1708,248,245],"class_list":{"0":"post-4586","1":"product","2":"type-product","3":"status-publish","4":"has-post-thumbnail","6":"product_cat-prehlada-i-kasalj","7":"product_cat-akcija","8":"product_tag-betty","9":"product_tag-ehinacea","10":"product_tag-iskasljavanje","11":"product_tag-n-acetilcistein","12":"product_tag-propolis","13":"product_tag-vitamin-c","14":"pa_brend-max-medica","16":"first","17":"instock","18":"shipping-taxable","19":"purchasable","20":"product-type-simple"},"ams_default_variation_id":0,"ams_product_points_reward":[],"ams_product_discount_percentage":0,"ams_price_to_display":595,"ams_acf":[],"jetpack_sharing_enabled":true,"_links":{"self":[{"href":"https:\/\/apotekar-online.rs\/ro\/wp-json\/wp\/v2\/product\/4586","targetHints":{"allow":["GET"]}}],"collection":[{"href":"https:\/\/apotekar-online.rs\/ro\/wp-json\/wp\/v2\/product"}],"about":[{"href":"https:\/\/apotekar-online.rs\/ro\/wp-json\/wp\/v2\/types\/product"}],"wp:featuredmedia":[{"embeddable":true,"href":"https:\/\/apotekar-online.rs\/ro\/wp-json\/wp\/v2\/media\/4587"}],"wp:attachment":[{"href":"https:\/\/apotekar-online.rs\/ro\/wp-json\/wp\/v2\/media?parent=4586"}],"wp:term":[{"taxonomy":"product_brand","embeddable":true,"href":"https:\/\/apotekar-online.rs\/ro\/wp-json\/wp\/v2\/product_brand?post=4586"},{"taxonomy":"product_cat","embeddable":true,"href":"https:\/\/apotekar-online.rs\/ro\/wp-json\/wp\/v2\/product_cat?post=4586"},{"taxonomy":"product_tag","embeddable":true,"href":"https:\/\/apotekar-online.rs\/ro\/wp-json\/wp\/v2\/product_tag?post=4586"}],"curies":[{"name":"wp","href":"https:\/\/api.w.org\/{rel}","templated":true}]}}