{"id":4610,"date":"2023-10-17T09:22:11","date_gmt":"2023-10-17T11:22:11","guid":{"rendered":"https:\/\/apotekar-online.rs\/?post_type=product&#038;p=4610"},"modified":"2026-03-05T08:11:50","modified_gmt":"2026-03-05T10:11:50","slug":"regenerator-za-kosu-tri-zelje-250ml","status":"publish","type":"product","link":"https:\/\/apotekar-online.rs\/ro\/p\/regenerator-za-kosu-tri-zelje-250ml\/","title":{"rendered":"Regenerator za kosu Tri \u017eelje 250ml"},"content":{"rendered":"","protected":false},"excerpt":{"rendered":"<p>Nakon upotrebe kosa se lako ra\u0161\u010de\u0161ljava.<br \/>\nNeutrali\u0161e stati\u010dki elektricitet. Kosu \u010dini bujnijom i lepr\u0161avijom.<\/p>\n<p>&nbsp;<\/p>","protected":false},"featured_media":4611,"template":"","meta":[],"product_brand":[],"product_cat":[547],"product_tag":[243,1725],"class_list":{"0":"post-4610","1":"product","2":"type-product","3":"status-publish","4":"has-post-thumbnail","6":"product_cat-kozmetika-i-nega-za-odrasle","7":"product_tag-balzam","8":"product_tag-regenerator-za-kosu","10":"first","11":"instock","12":"shipping-taxable","13":"purchasable","14":"product-type-simple"},"ams_default_variation_id":0,"ams_product_points_reward":[],"ams_product_discount_percentage":0,"ams_price_to_display":175,"ams_acf":[],"jetpack_sharing_enabled":true,"_links":{"self":[{"href":"https:\/\/apotekar-online.rs\/ro\/wp-json\/wp\/v2\/product\/4610","targetHints":{"allow":["GET"]}}],"collection":[{"href":"https:\/\/apotekar-online.rs\/ro\/wp-json\/wp\/v2\/product"}],"about":[{"href":"https:\/\/apotekar-online.rs\/ro\/wp-json\/wp\/v2\/types\/product"}],"wp:featuredmedia":[{"embeddable":true,"href":"https:\/\/apotekar-online.rs\/ro\/wp-json\/wp\/v2\/media\/4611"}],"wp:attachment":[{"href":"https:\/\/apotekar-online.rs\/ro\/wp-json\/wp\/v2\/media?parent=4610"}],"wp:term":[{"taxonomy":"product_brand","embeddable":true,"href":"https:\/\/apotekar-online.rs\/ro\/wp-json\/wp\/v2\/product_brand?post=4610"},{"taxonomy":"product_cat","embeddable":true,"href":"https:\/\/apotekar-online.rs\/ro\/wp-json\/wp\/v2\/product_cat?post=4610"},{"taxonomy":"product_tag","embeddable":true,"href":"https:\/\/apotekar-online.rs\/ro\/wp-json\/wp\/v2\/product_tag?post=4610"}],"curies":[{"name":"wp","href":"https:\/\/api.w.org\/{rel}","templated":true}]}}