{"id":4642,"date":"2023-10-18T06:12:00","date_gmt":"2023-10-18T08:12:00","guid":{"rendered":"https:\/\/apotekar-online.rs\/?post_type=product&#038;p=4642"},"modified":"2026-03-05T08:11:47","modified_gmt":"2026-03-05T10:11:47","slug":"eco-c-vit-junior-40-drajeuri","status":"publish","type":"product","link":"https:\/\/apotekar-online.rs\/ro\/p\/eko-c-vit-junior-40-drazeje\/","title":{"rendered":"drajeuri Eco C-vit junior 40"},"content":{"rendered":"","protected":false},"excerpt":{"rendered":"<p><b>Eco C-Vit junior<\/b>\u00a0mai scumpe sunt suplimentele pe baz\u0103 de vitamina C destinate copiilor de v\u00e2rst\u0103 pre\u0219colar\u0103 \u0219i \u0219colar\u0103. Acestea contin doza recomandata de vitamina C de 50 mg, care satisface nevoile zilnice ale copiilor pentru aceasta vitamina. Drajeurile au un gust dulce, cu 100 de arom\u0103 natural\u0103 de portocale %, motiv pentru care sunt u\u0219or acceptate de cei mai tineri \u2013 chiar \u0219i de cei mai preten\u021bio\u0219i.<\/p>\n<p>La fel ca majoritatea altor vitamine, vitamina C este\u00a0<b>un nutrient esen\u021bial<\/b>, ceea ce \u00eenseamn\u0103 c\u0103 organismul copilului nu o poate sintetiza. De aceea, trebuie luat cu regularitate cu o alimentatie echilibrata si cu suplimente nutritive (suplimente alimentare), atunci cand este necesar. Cel mai adesea, acesta este cazul c\u00e2nd copilul nu atinge nivelurile recomandate de vitamina C \u00een organism, ceea ce poate fi o consecin\u021b\u0103 a diver\u0219ilor factori, precum malnutri\u021bia, prezen\u021ba bolilor cronice sau apetitul sc\u0103zut. Ultimul din serie - pofta slab\u0103, sau \u201esl\u0103birea\u201d la mas\u0103, mai ales c\u00e2nd vine vorba de fructe \u0219i legume proaspete, este bine cunoscut tuturor m\u0103micilor \u0219i ta\u021bilor \u0219i reprezint\u0103 o faz\u0103 trec\u0103toare \u00een dezvoltarea celui mai mare num\u0103r de copii. . Nu sunt \u00eens\u0103 rare nici cazurile \u00een care tendin\u021ba apetitului sc\u0103zut poate fi extins\u0103 la clasele superioare ale \u0219colii elementare. \u00cen aceste situa\u021bii sunt recomandate suplimentele alimentare pe baz\u0103 de vitamina C, ca surse concentrate valoroase ale acestei vitamine, al\u0103turi de o diet\u0103 variat\u0103 \u0219i echilibrat\u0103.<\/p>\n<p>Deoarece,\u00a0<b>Eco-C-Vit junior<\/b>\u00a0drajeurile au un rol deosebit de important \u00een p\u0103strarea func\u021biei:<\/p>\n<ul>\n<li><b>Sistem imunitar<\/b>\u00a0- un aport adecvat de vitamina C poate imbunatati componentele sistemului imunitar al copiilor sensibili si astfel atenueaza simptomele si scurteaza durata infectiilor tractului respirator superior, care sunt si cele mai frecvente infectii la populatia infantila.<\/li>\n<li><b>Sistemul osos-muscular<\/b>\u00a0- vitamina C are un efect pozitiv asupra procesului de vindecare a r\u0103nilor \u0219i fracturilor prin scurtarea timpului de recuperare, lucru foarte important pentru copiii mici, care sunt expu\u0219i constant riscului de r\u0103ni.<\/li>\n<li><b>globule rosii<\/b>\u00a0- o cantitate suficienta de vitamina C reprezentata in alimentatie ii protejeaza pe copii de dezvoltarea anemiei datorate deficitului de fier, crescand absorbtia fierului anorganic nonhem din tractul gastrointestinal, ceea ce are ca rezultat formarea corecta a globulelor rosii.<\/li>\n<\/ul>\n<p><b>Eco C-Vit junior<\/b>\u00a0este un supliment alimentar pe baz\u0103 de vitamina C destinat copiilor de v\u00e2rst\u0103 pre\u0219colar\u0103 \u0219i \u0219colar\u0103. Poate fi folosit de copiii mai mari de 3 ani. Sunt folosite ca supliment pentru o alimenta\u021bie s\u0103n\u0103toas\u0103, echilibrat\u0103 \u00een toate condi\u021biile c\u00e2nd exist\u0103:<\/p>\n<ul>\n<li><b>nevoie crescut\u0103 de vitamina C \u00een organism<\/b>\u00a0(copii si adolescenti in faza de crestere si dezvoltare intensiva, activitate fizica crescuta, tendinta la raceli si infectii frecvente, dupa leziuni si fracturi, prezenta unor forme de anemie)<\/li>\n<li><b>aportul redus de vitamina C prin dieta regulata<\/b>\u00a0(malnutri\u021bie, prezen\u021ba bolilor cronice, diete restrictive, apetit sc\u0103zut)<\/li>\n<\/ul>\n<p>Este recomandat\u0103 \u00een special \u00een timpul form\u0103rii \u0219i cre\u0219terii din\u021bilor permanen\u021bi, al\u0103turi de terapia cu antibiotice, \u00een perioadele \u00een care exist\u0103 o lips\u0103 de fructe \u0219i legume proaspete \u00een alimenta\u021bie \u0219i \u00een mediile \u00een care exist\u0103 un grad ridicat de poluare a aerului.<\/p>\n<p>Copii de v\u00e2rst\u0103 pre\u0219colar\u0103 \u0219i \u0219colar\u0103: 1 drajeu pe zi.<br \/>\nDizolva\u021bi drajeul \u00eencet \u00een gur\u0103.<br \/>\nProdusul nu con\u021bine gluten, coloran\u021bi \u0219i arome artificiale.<\/p>\n<p><strong>Ambalare<\/strong> contine 40 drajeuri.<\/p>","protected":false},"featured_media":4643,"template":"","meta":[],"product_brand":[],"product_cat":[340,106,127],"product_tag":[1752,1751,179,245],"class_list":{"0":"post-4642","1":"product","2":"type-product","3":"status-publish","4":"has-post-thumbnail","6":"product_cat-deciji-program","7":"product_cat-preparati-za-apetit-i-imunitet-kod-dece","8":"product_cat-vitamini-i-minerali-za-decu","9":"product_tag-50-mg","10":"product_tag-eko-vit-c","11":"product_tag-imunitet","12":"product_tag-vitamin-c","13":"pa_brend-eko-farm","15":"first","16":"instock","17":"shipping-taxable","18":"purchasable","19":"product-type-simple"},"ams_default_variation_id":0,"ams_product_points_reward":[],"ams_product_discount_percentage":0,"ams_price_to_display":150,"ams_acf":[],"jetpack_sharing_enabled":true,"_links":{"self":[{"href":"https:\/\/apotekar-online.rs\/ro\/wp-json\/wp\/v2\/product\/4642","targetHints":{"allow":["GET"]}}],"collection":[{"href":"https:\/\/apotekar-online.rs\/ro\/wp-json\/wp\/v2\/product"}],"about":[{"href":"https:\/\/apotekar-online.rs\/ro\/wp-json\/wp\/v2\/types\/product"}],"wp:featuredmedia":[{"embeddable":true,"href":"https:\/\/apotekar-online.rs\/ro\/wp-json\/wp\/v2\/media\/4643"}],"wp:attachment":[{"href":"https:\/\/apotekar-online.rs\/ro\/wp-json\/wp\/v2\/media?parent=4642"}],"wp:term":[{"taxonomy":"product_brand","embeddable":true,"href":"https:\/\/apotekar-online.rs\/ro\/wp-json\/wp\/v2\/product_brand?post=4642"},{"taxonomy":"product_cat","embeddable":true,"href":"https:\/\/apotekar-online.rs\/ro\/wp-json\/wp\/v2\/product_cat?post=4642"},{"taxonomy":"product_tag","embeddable":true,"href":"https:\/\/apotekar-online.rs\/ro\/wp-json\/wp\/v2\/product_tag?post=4642"}],"curies":[{"name":"wp","href":"https:\/\/api.w.org\/{rel}","templated":true}]}}