{"id":4646,"date":"2023-10-18T07:24:33","date_gmt":"2023-10-18T09:24:33","guid":{"rendered":"https:\/\/apotekar-online.rs\/?post_type=product&#038;p=4646"},"modified":"2026-03-05T08:11:47","modified_gmt":"2026-03-05T10:11:47","slug":"isla-medic-pastile-acute-cu-citrice-si-miere","status":"publish","type":"product","link":"https:\/\/apotekar-online.rs\/ro\/p\/isla-medic-acute-citrus-i-med-pastile\/","title":{"rendered":"Pastile acute de citrice \u0219i miere Isla medic"},"content":{"rendered":"","protected":false},"excerpt":{"rendered":"<div class=\"product-headings\">\n<p>Complex de hidrogel cu acid hialuronic \u0219i lichen islandez pentru ameliorarea simptomelor tipice ale r\u0103celii, cum ar fi durerea \u00een g\u00e2t, dificult\u0103\u021bi la \u00eenghi\u021bire \u0219i r\u0103gu\u0219eal\u0103.<\/p>\n<\/div>\n<div class=\"product-desc\">\n<h3><strong>C\u00e2nd utiliza\u021bi isla\u00ae medic acute citrus-med<br \/>\npastile?<\/strong><\/h3>\n<ul>\n<li>Pentru a ameliora simptomele tipice ale r\u0103celii, cum ar fi dureri \u00een g\u00e2t, zg\u00e2rieturi, r\u0103gu\u0219eal\u0103, mucoase uscate \u0219i dificult\u0103\u021bi la \u00eenghi\u021bire.<\/li>\n<li>Pentru usc\u0103ciunea gurii \u0219i irita\u021bia corzilor vocale.<\/li>\n<\/ul>\n<p>Printre altele, aceste pl\u00e2ngeri pot fi rezultatul a fi neproductive<br \/>\ntuse uscat\u0103 provenit\u0103 din mucoasa bucal\u0103 iritat\u0103 \u0219i uscat\u0103.<\/p>\n<h3><strong>Cum func\u021bioneaz\u0103 pastilele acute cu citrice \u0219i miere isla\u00ae medic?<\/strong><\/h3>\n<ul>\n<li>Ele amelioreaz\u0103 eficient durerile \u00een g\u00e2t \u0219i dificult\u0103\u021bile de \u00eenghi\u021bire<\/li>\n<li>Ele stimuleaz\u0103 hidratarea \u0219i regenerarea membranei mucoase deteriorate<\/li>\n<li>F\u0103r\u0103 amor\u021beal\u0103<\/li>\n<\/ul>\n<p>&nbsp;<\/p>\n<p>isla\u00ae medic pastile acute citrice-miere\u00a0<strong>gust pl\u0103cut de miere \u0219i l\u0103m\u00e2ie, f\u0103r\u0103 zah\u0103r \u0219i potrivit pentru vegani.<\/strong><\/p>\n<p>&nbsp;<\/p>\n<\/div>","protected":false},"featured_media":4647,"template":"","meta":[],"product_brand":[3073],"product_cat":[151],"product_tag":[1058,1543,335,1544],"class_list":{"0":"post-4646","1":"product","2":"type-product","3":"status-publish","4":"has-post-thumbnail","6":"product_brand-isla","7":"product_cat-prehlada-i-kasalj","8":"product_tag-bol-u-grlu","9":"product_tag-grebanje-u-grlu","10":"product_tag-promuklost","11":"product_tag-suvi-kasalj","12":"pa_brend-salveo","14":"first","15":"instock","16":"shipping-taxable","17":"purchasable","18":"product-type-simple"},"ams_default_variation_id":0,"ams_product_points_reward":[],"ams_product_discount_percentage":0,"ams_price_to_display":691.2,"ams_acf":[],"jetpack_sharing_enabled":true,"_links":{"self":[{"href":"https:\/\/apotekar-online.rs\/ro\/wp-json\/wp\/v2\/product\/4646","targetHints":{"allow":["GET"]}}],"collection":[{"href":"https:\/\/apotekar-online.rs\/ro\/wp-json\/wp\/v2\/product"}],"about":[{"href":"https:\/\/apotekar-online.rs\/ro\/wp-json\/wp\/v2\/types\/product"}],"wp:featuredmedia":[{"embeddable":true,"href":"https:\/\/apotekar-online.rs\/ro\/wp-json\/wp\/v2\/media\/4647"}],"wp:attachment":[{"href":"https:\/\/apotekar-online.rs\/ro\/wp-json\/wp\/v2\/media?parent=4646"}],"wp:term":[{"taxonomy":"product_brand","embeddable":true,"href":"https:\/\/apotekar-online.rs\/ro\/wp-json\/wp\/v2\/product_brand?post=4646"},{"taxonomy":"product_cat","embeddable":true,"href":"https:\/\/apotekar-online.rs\/ro\/wp-json\/wp\/v2\/product_cat?post=4646"},{"taxonomy":"product_tag","embeddable":true,"href":"https:\/\/apotekar-online.rs\/ro\/wp-json\/wp\/v2\/product_tag?post=4646"}],"curies":[{"name":"wp","href":"https:\/\/api.w.org\/{rel}","templated":true}]}}