{"id":4648,"date":"2023-10-18T07:30:54","date_gmt":"2023-10-18T09:30:54","guid":{"rendered":"https:\/\/apotekar-online.rs\/?post_type=product&#038;p=4648"},"modified":"2026-03-05T08:11:47","modified_gmt":"2026-03-05T10:11:47","slug":"isla-ghimbir-pastile-a30-2","status":"publish","type":"product","link":"https:\/\/apotekar-online.rs\/ro\/p\/isla-ginger-pastile-a30\/","title":{"rendered":"Pastile de ghimbir Isla a30"},"content":{"rendered":"","protected":false},"excerpt":{"rendered":"<div class=\"product-headings\">\n<p>Tusea uscat\u0103 iritante, r\u0103gu\u0219eala \u0219i gura uscat\u0103 nu sunt doar o problem\u0103 \u00een timpul iernii. Aceste simptome ale mucoasei g\u00e2tului iritate apar \u00een toate anotimpurile.<\/p>\n<\/div>\n<div class=\"product-desc\"><big>Ingrediente pentru pastile de ghimbir isla\u00ae<strong>\u00a0<\/strong><strong>acopera membrana mucoasa iritata a gatului ca pe un balsam si astfel o protejeaza<\/strong>\u00a0de la stimuli suplimentari din mediu \u0219i s\u0103 permit\u0103 o recuperare mai rapid\u0103 a acestuia, \u00een special cu:<\/big><\/p>\n<ul>\n<li><big>tuse iritante (secat\u0103) \u0219i r\u0103gu\u0219eal\u0103<\/big><\/li>\n<li><big>expunerea corzilor vocale la efort sporit (c\u00e2nt\u0103re\u021bi, cranici)<\/big><\/li>\n<li><big>respirarea aerului uscat (cald sau cu aer condi\u021bionat)<\/big><\/li>\n<li><big>gur\u0103 uscat\u0103<\/big><\/li>\n<li><big>dificult\u0103\u021bi de respira\u021bie pe nas<\/big><\/li>\n<\/ul>\n<h3><big>Protejarea membranei mucoase de efectele nocive<\/big><\/h3>\n<p><big>Aerul pe care \u00eel respir\u0103m este plin de agen\u021bi patogeni care ne atac\u0103 corpul \u00een fiecare zi.<strong>\u00a0Mucoasa tractului respirator superior este cel mai expus\u0103 riscului.<\/strong><\/big><\/p>\n<p><big>\u00cen condi\u021bii normale\u00a0<strong>o mucoas\u0103 s\u0103n\u0103toas\u0103 se poate ap\u0103ra cu u\u0219urin\u021b\u0103 \u00eempotriva atacurilor agen\u021bilor care cauzeaz\u0103 boli.\u00a0<\/strong>Cu toate acestea, dac\u0103 este iritat sau sl\u0103bit de expunere\u00a0<strong>aer uscat<\/strong>\u00a0(\u00eenc\u0103lzit sau cu aer condi\u021bionat) sau\u00a0<strong>aer care este plin de poluan\u021bi<\/strong>\u00a0(smog, fum de tutun, alergeni, bacterii \u0219i viru\u0219i), agen\u021bii care cauzeaz\u0103 boli pot p\u0103trunde mai u\u0219or \u00een corpul nostru.<\/big><\/p>\n<p><big>Acest lucru poate duce la\u00a0<strong>irita\u021bii ale g\u00e2tului \u0219i faringelui, tuse iritant\u0103 \u0219i r\u0103gu\u0219eal\u0103<\/strong><\/big><\/p>\n<p>&nbsp;<\/p>\n<h3><big><strong>Cui sunt destinate pastilele isla\u00ae?<\/strong><\/big><\/h3>\n<p><big><strong>ea a mers<sup>\u00ae<\/sup><\/strong>\u00a0ajut\u0103 copiii \u0219i adul\u021bii s\u0103 amelioreze tusea iritant\u0103 \u0219i s\u0103 rezolve r\u0103gu\u0219eala.<\/big><\/p>\n<p><big>Poate fi folosit de copiii peste 4 ani, femeile \u00eens\u0103rcinate \u0219i mamele care al\u0103pteaz\u0103.<\/big><\/p>\n<p><big><strong>ea a mers<sup>\u00ae<\/sup><\/strong>\u00a0Menta \u0219i Cassis sunt f\u0103r\u0103 zah\u0103r, a\u0219a c\u0103 sunt potrivite pentru diabetici.<\/big><\/p>\n<p>&nbsp;<\/p>\n<p><strong><big>Scutire de r\u0103gu\u0219eal\u0103 \u0219i zg\u00e2rieturi \u00een g\u00e2t<\/big><\/strong><big>Mucinele (substan\u021bele mucoase) ale lichenului islandez din pastilele de ghimbir isla\u00ae acoper\u0103 membrana mucoas\u0103 a g\u00e2tului ca un balsam \u0219i este\u00a0<strong>protejeaz\u0103 \u00eempotriva influen\u021bei aerului uscat \u0219i poluat.<\/strong><\/big><\/p>\n<p><big>\u00cen acest fel, mucoasa deja atacat\u0103 se poate recupera mai repede\u00a0<strong>rec\u00e2\u0219tiga puterea de ap\u0103rare.<\/strong><\/big><\/p>\n<p><big>Pastila de ghimbir isla\u00ae con\u021bine un extract special de lichen islandez rezistent din regiunile reci din nordul \u00eendep\u0103rtat, al c\u0103rui reziduu uscat con\u021bine\u00a0<strong>mai mult de 80% mucin\u0103.<\/strong><\/big><\/p>\n<p><big><strong>Prin dizolvarea pastilului<\/strong>\u00a0\u00een gur\u0103 se elibereaz\u0103 mucus, care ac\u021bioneaz\u0103 ca un balsam \u0219i are un efect benefic asupra membranei mucoase a gurii \u0219i g\u00e2tului.<\/big><\/p>\n<p>&nbsp;<\/p>\n<p><strong><big>Protec\u021bia \u0219i \u00eengrijirea corzilor vocale<\/big><\/strong><big>O voce sl\u0103bit\u0103 \u0219i r\u0103gu\u0219eal\u0103 indic\u0103 irita\u021bia corzilor vocale deja sensibile. \u00cen acest caz, pastilele de ghimbir isla\u00ae au un efect relaxant \u0219i lini\u0219titor. Pastilele de ghimbir isla\u00ae pot fi folosite \u0219i preventiv pentru a proteja corzile vocale sensibile.<\/big><\/p>\n<p>&nbsp;<\/p>\n<p><strong><big>Gur\u0103 uscat\u0103<\/big><\/strong><big>Cauzele uscaciunii gurii pot fi numeroase. De exemplu, obi\u0219nuit\u00a0<strong>utilizarea anumitor medicamente<\/strong>\u00a0poate duce la\u00a0<strong>sc\u0103derea saliva\u021biei\u00a0<\/strong>(secre\u021bie de saliv\u0103).<\/big><\/p>\n<p><big>De asemenea, boli precum\u00a0<strong>diabet sau afec\u021biuni reumatismale<\/strong>\u00a0(de exemplu, artrita reumatoid\u0103) poate provoca usc\u0103ciunea gurii.<\/big><\/p>\n<p><big>\u00cen plus, influen\u021be externe, cum ar fi\u00a0<strong>aer uscat, consum excesiv de cafea, ceai \u0219i \u021big\u0103ri<\/strong>\u00a0sau chiar activitatea redus\u0103 de mestecat poate provoca uscarea gurii.<\/big><\/p>\n<p><big>Sc\u0103derea saliva\u021biei poate fi legat\u0103 de v\u00e2rst\u0103, motiv pentru care mai ales persoanele \u00een v\u00e2rst\u0103 se pl\u00e2ng de gur\u0103 uscat\u0103.<\/big><\/p>\n<p><big>Ingredientele pastilelor de ghimbir isla\u00ae pot acoperi \u0219i hidrata membrana mucoas\u0103.<\/big><\/p>\n<p>&nbsp;<\/p>\n<p><strong><big>Excelenta tolerabilitate<\/big><\/strong><big>Pastilele de ghimbir isla\u00ae sunt bine tolerate \u0219i pot fi folosite simultan cu alte preparate.<\/big><\/p>\n<p><big><strong>Ulei esen\u021bial de ghimbir<\/strong>\u00a0este un ingredient \u00een aceste pastile de culoarea mierii \u0219i le confer\u0103 o arom\u0103 pl\u0103cut\u0103 de condiment. Ghimbirul isla\u00ae poate fi folosit \u0219i cu medicamente homeopate.<\/big><\/p>\n<p>&nbsp;<\/p>\n<p><strong><big>Protec\u021bia mucoasei \u00een timpul sportului<\/big><\/strong><big>Membrana mucoas\u0103 a c\u0103ilor respiratorii este mai stresat\u0103 \u00een timpul activit\u0103\u021bii fizice dec\u00e2t \u00een condi\u021bii normale, ceea ce duce la uscarea membranei mucoase \u0219i la o tuse iritant\u0103 nepl\u0103cut\u0103.<\/big><\/p>\n<p><big>\u00cen astfel de cazuri, pastilele de ghimbir isla\u00ae protejeaz\u0103 mucoasa \u00eentr-un mod natural. Prin urmare este\u00a0<strong>utilizarea pastilelor de ghimbir isla\u00ae este deosebit de util\u0103 \u00een timpul sportului<\/strong>\u00a0pentru a preveni uscarea membranei mucoase a gurii \u0219i g\u00e2tului.<\/big><\/div>","protected":false},"featured_media":4649,"template":"","meta":[],"product_brand":[],"product_cat":[151],"product_tag":[1756,1543,181,335,1544],"class_list":{"0":"post-4648","1":"product","2":"type-product","3":"status-publish","4":"has-post-thumbnail","6":"product_cat-prehlada-i-kasalj","7":"product_tag-djumbir","8":"product_tag-grebanje-u-grlu","9":"product_tag-prehlada","10":"product_tag-promuklost","11":"product_tag-suvi-kasalj","12":"pa_brend-salveo","14":"first","15":"instock","16":"shipping-taxable","17":"purchasable","18":"product-type-simple"},"ams_default_variation_id":0,"ams_product_points_reward":[],"ams_product_discount_percentage":0,"ams_price_to_display":525,"ams_acf":[],"jetpack_sharing_enabled":true,"_links":{"self":[{"href":"https:\/\/apotekar-online.rs\/ro\/wp-json\/wp\/v2\/product\/4648","targetHints":{"allow":["GET"]}}],"collection":[{"href":"https:\/\/apotekar-online.rs\/ro\/wp-json\/wp\/v2\/product"}],"about":[{"href":"https:\/\/apotekar-online.rs\/ro\/wp-json\/wp\/v2\/types\/product"}],"wp:featuredmedia":[{"embeddable":true,"href":"https:\/\/apotekar-online.rs\/ro\/wp-json\/wp\/v2\/media\/4649"}],"wp:attachment":[{"href":"https:\/\/apotekar-online.rs\/ro\/wp-json\/wp\/v2\/media?parent=4648"}],"wp:term":[{"taxonomy":"product_brand","embeddable":true,"href":"https:\/\/apotekar-online.rs\/ro\/wp-json\/wp\/v2\/product_brand?post=4648"},{"taxonomy":"product_cat","embeddable":true,"href":"https:\/\/apotekar-online.rs\/ro\/wp-json\/wp\/v2\/product_cat?post=4648"},{"taxonomy":"product_tag","embeddable":true,"href":"https:\/\/apotekar-online.rs\/ro\/wp-json\/wp\/v2\/product_tag?post=4648"}],"curies":[{"name":"wp","href":"https:\/\/api.w.org\/{rel}","templated":true}]}}