{"id":4654,"date":"2023-10-18T07:48:17","date_gmt":"2023-10-18T09:48:17","guid":{"rendered":"https:\/\/apotekar-online.rs\/?post_type=product&#038;p=4654"},"modified":"2026-03-05T08:11:47","modified_gmt":"2026-03-05T10:11:47","slug":"isla-medic-voice-pastile","status":"publish","type":"product","link":"https:\/\/apotekar-online.rs\/ro\/p\/isla-medic-voice-pastile\/","title":{"rendered":"Isla medic voice pastile a20"},"content":{"rendered":"","protected":false},"excerpt":{"rendered":"<div class=\"product-headings\">\n<h3>Tek kada izgubimo glas, shvatimo koliko nam je va\u017ean kao glavno sredstvo komunikacije. Tu su i profesionalci kojima je glas glavno sredstvo rada i upravo njihove glasne \u017eice zahtevaju posebnu negu. isla\u00ae medic hydro+ tre\u0161nja ubla\u017eava tegobe sa grlom i smiruje sna\u017eno napregnute glasne \u017eice.<\/h3>\n<\/div>\n<div class=\"product-desc\">\n<h4>Mehanizam dejstva<\/h4>\n<p>Kompleks hidrogela, koji se nalazi u pastilama, sastoji se od<br \/>\n<strong>karbomera, ksantan gume i hijaluronske kiseline.\u00a0<\/strong>Mul\u021bumit\u0103<br \/>\nsposobnosti polisaharida ksantan gume da vezuje vodu i<br \/>\nspecifi\u010dnoj sposobnosti bubrenja sredstva za geliranje<br \/>\nkarbomera, formira se za\u0161titni film koji prekriva nadra\u017eenu<br \/>\nsluznicu.<\/p>\n<p><strong>Acid hialuronic<\/strong>\u00a0sadr\u017eana u pastilama poseduje<br \/>\nspecifi\u010dne fizi\u010dke osobine stvaranja hidriraju\u0107eg filma na<br \/>\npovr\u0161ini sluznice.<br \/>\nSuvi ostatak iz specijalnog ekstrakta Islandskog li\u0161aja,<br \/>\notpornog na o\u0161tru klimu severnih visinskih predela, sadr\u017ei<br \/>\nvi\u0161e od 80% mucina. Laganim otapanjem pastile u ustima<br \/>\nosloba\u0111aju se<strong>\u00a0sluzi koje kao balzam obla\u017eu sluznicu usta i<br \/>\ngrla i imaju blagotvorno dejstvo.<\/strong><\/p>\n<p>Rezultat je poja\u010dano lu\u010denje pljuva\u010dke,\u00a0<strong>iritirana sluznica se<br \/>\nsama regeneri\u0161e<\/strong>, a\u00a0<strong>ubla\u017eavaju se tipi\u010dni simptomi prehlade<\/strong><br \/>\npoput bolova u grlu, grebanja, promuklosti, suvo\u0107e sluznice i<br \/>\note\u017eanog gutanja.<\/p>\n<h4>Dozare<\/h4>\n<p>Odrasli i deca starija od 6 godina: 1 pastilu polako rastopiti<br \/>\nu ustima, po potrebi, do 6 pastila dnevno.<br \/>\nJedna pastila sadr\u017ei 1050 mg zamene za \u0161e\u0107er = 0,09 BU.<\/p>\n<\/div>","protected":false},"featured_media":4655,"template":"","meta":[],"product_brand":[3073],"product_cat":[151],"product_tag":[1059,335,1544,1757],"class_list":{"0":"post-4654","1":"product","2":"type-product","3":"status-publish","4":"has-post-thumbnail","6":"product_brand-isla","7":"product_cat-prehlada-i-kasalj","8":"product_tag-glasne-zlice","9":"product_tag-promuklost","10":"product_tag-suvi-kasalj","11":"product_tag-tresnja","12":"pa_brend-salveo","14":"first","15":"instock","16":"shipping-taxable","17":"purchasable","18":"product-type-simple"},"ams_default_variation_id":0,"ams_product_points_reward":[],"ams_product_discount_percentage":0,"ams_price_to_display":691.2,"ams_acf":[],"jetpack_sharing_enabled":true,"_links":{"self":[{"href":"https:\/\/apotekar-online.rs\/ro\/wp-json\/wp\/v2\/product\/4654","targetHints":{"allow":["GET"]}}],"collection":[{"href":"https:\/\/apotekar-online.rs\/ro\/wp-json\/wp\/v2\/product"}],"about":[{"href":"https:\/\/apotekar-online.rs\/ro\/wp-json\/wp\/v2\/types\/product"}],"wp:featuredmedia":[{"embeddable":true,"href":"https:\/\/apotekar-online.rs\/ro\/wp-json\/wp\/v2\/media\/4655"}],"wp:attachment":[{"href":"https:\/\/apotekar-online.rs\/ro\/wp-json\/wp\/v2\/media?parent=4654"}],"wp:term":[{"taxonomy":"product_brand","embeddable":true,"href":"https:\/\/apotekar-online.rs\/ro\/wp-json\/wp\/v2\/product_brand?post=4654"},{"taxonomy":"product_cat","embeddable":true,"href":"https:\/\/apotekar-online.rs\/ro\/wp-json\/wp\/v2\/product_cat?post=4654"},{"taxonomy":"product_tag","embeddable":true,"href":"https:\/\/apotekar-online.rs\/ro\/wp-json\/wp\/v2\/product_tag?post=4654"}],"curies":[{"name":"wp","href":"https:\/\/api.w.org\/{rel}","templated":true}]}}