{"id":4664,"date":"2023-10-19T09:43:18","date_gmt":"2023-10-19T11:43:18","guid":{"rendered":"https:\/\/apotekar-online.rs\/?post_type=product&#038;p=4664"},"modified":"2026-03-05T08:11:46","modified_gmt":"2026-03-05T10:11:46","slug":"harticol-30-capsule-2","status":"publish","type":"product","link":"https:\/\/apotekar-online.rs\/ro\/p\/hartikol-30-kapsula-2\/","title":{"rendered":"Harticol 30 capsule"},"content":{"rendered":"","protected":false},"excerpt":{"rendered":"<p>Harticol este un produs natural care, pe l\u00e2ng\u0103 orezul ro\u0219u fermentat, con\u021bine \u0219i extract de frunze de anghinare pentru o ac\u021biune \u0219i mai bun\u0103. Actiunea sinergica a acestor 2 componente scade cu succes nivelul colesterolului si reprezinta prevenirea primara a hipercolesterolemiei si a tulburarilor cerebrovasculare in consecinta. Doza zilnic\u0103 const\u0103 dintr-o singur\u0103 capsul\u0103 care con\u021bine 10 mg de monacolin\u0103 K din orez ro\u0219u fermentat, care este cantitatea care realizeaz\u0103 un efect benefic \u00een men\u021binerea concentra\u021biei de colesterol.<\/p>\n<p class=\"mainTitle oswald\"><strong>Compozi\u0163ie<\/strong><\/p>\n<div class=\"text\">Extract uscat de orez rosu fermentat (monacolin K 10mg), extract uscat de frunza de anghinare.<\/div>\n<div><\/div>\n<div>\n<p class=\"mainTitle oswald\"><strong>Mod de utilizare<\/strong><\/p>\n<div class=\"text\">1 capsul\u0103 pe zi dup\u0103 ultima mas\u0103 a zilei.<\/div>\n<\/div>","protected":false},"featured_media":4665,"template":"","meta":[],"product_brand":[],"product_cat":[79],"product_tag":[1766,1765,339,1767],"class_list":{"0":"post-4664","1":"product","2":"type-product","3":"status-publish","4":"has-post-thumbnail","6":"product_cat-srce-krvni-sudovi-i-holesterol","7":"product_tag-articoka","8":"product_tag-crveni-pirinac","9":"product_tag-holesterol","10":"product_tag-monakolin-k","11":"pa_brend-pharmas","13":"first","14":"instock","15":"shipping-taxable","16":"purchasable","17":"product-type-simple"},"ams_default_variation_id":0,"ams_product_points_reward":[],"ams_product_discount_percentage":0,"ams_price_to_display":820,"ams_acf":[],"jetpack_sharing_enabled":true,"_links":{"self":[{"href":"https:\/\/apotekar-online.rs\/ro\/wp-json\/wp\/v2\/product\/4664","targetHints":{"allow":["GET"]}}],"collection":[{"href":"https:\/\/apotekar-online.rs\/ro\/wp-json\/wp\/v2\/product"}],"about":[{"href":"https:\/\/apotekar-online.rs\/ro\/wp-json\/wp\/v2\/types\/product"}],"wp:featuredmedia":[{"embeddable":true,"href":"https:\/\/apotekar-online.rs\/ro\/wp-json\/wp\/v2\/media\/4665"}],"wp:attachment":[{"href":"https:\/\/apotekar-online.rs\/ro\/wp-json\/wp\/v2\/media?parent=4664"}],"wp:term":[{"taxonomy":"product_brand","embeddable":true,"href":"https:\/\/apotekar-online.rs\/ro\/wp-json\/wp\/v2\/product_brand?post=4664"},{"taxonomy":"product_cat","embeddable":true,"href":"https:\/\/apotekar-online.rs\/ro\/wp-json\/wp\/v2\/product_cat?post=4664"},{"taxonomy":"product_tag","embeddable":true,"href":"https:\/\/apotekar-online.rs\/ro\/wp-json\/wp\/v2\/product_tag?post=4664"}],"curies":[{"name":"wp","href":"https:\/\/api.w.org\/{rel}","templated":true}]}}