{"id":4735,"date":"2023-11-02T10:52:06","date_gmt":"2023-11-02T12:52:06","guid":{"rendered":"https:\/\/apotekar-online.rs\/?post_type=product&#038;p=4735"},"modified":"2026-04-01T00:00:10","modified_gmt":"2026-04-01T02:00:10","slug":"melem-protiv-virusnih-bradavica-50ml","status":"publish","type":"product","link":"https:\/\/apotekar-online.rs\/ro\/p\/melem-protiv-virusnih-bradavica-50ml\/","title":{"rendered":"Balsam impotriva verucilor virale 50ml"},"content":{"rendered":"","protected":false},"excerpt":{"rendered":"<div id=\"page\" class=\"site grid-container container hfeed\">\n<div id=\"content\" class=\"site-content\">\n<div id=\"primary\" class=\"content-area\">\n<p>&nbsp;<\/p>\n<div class=\"tabs-w\">\n<div class=\"tabs-content\">\n<div class=\"tab-content tab-content-1 active\"><\/div>\n<\/div>\n<\/div>\n<p>&nbsp;<\/p>\n<\/div>\n<\/div>\n<\/div>\n<div class=\"site-footer\">\n<footer class=\"site-info\" aria-label=\"Site\">\n<div class=\"inside-site-info grid-container\">\n<div class=\"copyright-bar\">Melem ima izra\u017eeno antivirusno, antibakterijsko i antisepti\u010dko dejstvo. Trajno uklanja virusne bradavice, kondilome, gljivice i bakterije.<\/div>\n<div>\n<p><strong>Melem protiv virusnih bradavica<\/strong>\u00a0nastao je pa\u017eljivim odabirom korisnih sastojaka uglavnom iz prirode na\u0161eg podneblja. To je jako va\u017eno, zato \u0161to smo se mi vekovima navikavali (adaptirali) da koristimo biljke iz svog okru\u017eenja. Na\u0161 organizam je pripremljen da izvu\u010de najve\u0107u korist za sebe iz doma\u0107ih biljaka. Melem tako\u0111e trajno uklanja\u00a0<strong>kondilome, gljivice, seboreju, keratoze, seborei\u010dne keratoze, seborei\u010dni i atopijski dermatitis.<\/strong><\/p>\n<div class=\"wpb_text_column wpb_content_element\">\n<div class=\"wpb_wrapper\">\n<p>Pored hladno ce\u0111enog maslinovog ulja, p\u010delinjeg i biljnog voska (candelila), i jo\u0161 12 lekovitih biljaka (poja\u010dana koncentracija divizme , hajdu\u010dka trava, kantarion, neven, bokvica, rusa, \u010di\u010dak, rastavi\u0107, ki\u010dica, pre\u010dica, kopriva, zova,hladno ce\u0111eno maslinovo ulje), melem protiv virusnih bradavica sadr\u017ei propolis i etarska ulja \u010dajnog drveta, eukaliptusa i lavande.<\/p>\n<\/div>\n<\/div>\n<\/div>\n<\/div>\n<\/footer>\n<div>\n<p>1.\u00a0<strong>Papilomi<\/strong>\u00a0\u2013 virusne bradavice na ko\u017ei i sluzoko\u017ei izazvane humanim papilma virusom(Human papillomavirus, HPV). Prenose se kontaktom dve povr\u0161ine i\/ili sluzoko\u017ee, od kojih je jedna inficirana.<\/p>\n<p><strong>Papilomi<\/strong>\u00a0se dele prema lokalzaciju na telu, na:<\/p>\n<p>1.1.papilome koji se nalaze na ko\u017ei i sluzoko\u017ei anogenitalne i orofaringealne regije \u2013 kondilome<\/p>\n<p>Termin\u00a0<strong>kondilomi<\/strong>\u00a0se povezuje sa seksualnom aktivno\u0161\u0107u i ko\u017eom i sluzoko\u017eama koje mogu do\u0107i u kontakt.<\/p>\n<p><strong>HPV virusi<\/strong>\u00a0koji izazivaju kondilome se prema sposobnosti da maligno inficirano tkivo (izazovu rak), dele na:<\/p>\n<p>1.1.1. visokorizi\u010dne\u00a0<strong>HPV<\/strong>\u00a0\u2013 tipovi (16, 18, 31, 33, 35, 39, 45, 51, 52, 56, 58, 59, 68, 73 i 82)<\/p>\n<p>1.1.2.\u00a0<strong>HPV<\/strong>\u00a0pod sumnjom su da mogu izazvati rak \u2013 tipovi 26, 53 i 66<\/p>\n<p>1.1.3. niskorizi\u010dne\u00a0<strong>HPV<\/strong>\u00a0\u2013 tipovi 6, 11, 40, 42, 43, 44, 54, 61, 70, 72, 81 i CP6108<\/p>\n<p>1.2.\u00a0<strong>papilome<\/strong>\u00a0koji se nalaze na ko\u017ei drugih delova tela \u2013 obi\u010dne bradavice ili negenitalni papilomi (ili bolje re\u0107i, papilomi koji se ne prenose seksualnim putem)<\/p>\n<p>Njih izazivaju\u00a0<strong>HPV tip 1, 2 i 4.<\/strong>\u00a0Ovi tipovi\u00a0<strong>HPV<\/strong>\u00a0virusa spadaju u niskorizi\u010dne odnosno imaju jako malu \u0161ansu da izazovu rak (ne izazivaju rak)<\/p>\n<p><strong>Papilomi<\/strong>\u00a0su benigni tumori, bradavice, koji u zavisnosti od tipa HPV koji ih je pokrenuo mogu pre\u0107i u maligne.<\/p>\n<p>2.\u00a0<strong>Gljivi\u010dna obiljenja ko\u017ee<\/strong>\u00a0\u2013 posebno izme\u0111u prstiju nogu , na ko\u017ei glave i stomaka.<\/p>\n<\/div>\n<p>Operite ruke sapunom i vodom. Mesto na koje \u0107ete nanositi melem neposredno pre upotrebe operite mlakim rastvorom (\u010dajem) od kamilice. Sve dobro osu\u0161ite \u010distim ubrusom blagim tapkanjem.<\/p>\n<p>Po\u0161to je melem tvr\u0111i od krema, objasni\u0107emo vamkako da ga koristite da bi efekti melema bili maksimalni. Plasti\u010dnom \u0161patulicom zagrebite malo melema i nanesite na jagodicu prsta. Sada jagodicom prsta razma\u017eite u tankom sloju melem na obolelo mesto.<\/p>\n<p>Ako su promene na nogama, posebno ako postoje i glivi\u010dne promene, pre spavanja dobro oprati noge vodom i sapunom i osu\u0161iti \u010distim ubrusom . U tankom sloju namazati melemom, obu\u0107i \u010diste frotirske ili pamu\u010dne \u010darape i ostaviti do ujutro. Ujutro oprati noge i postupak ponavljati svako ve\u010de. Kad infekcija nestane, preventivno ponavljati postupak svakih 7 dana. Ako su bradavice na drugom delu tela, postupak je sli\u010dan, samo \u0161to se ne mogu uvek povr\u0161ine za\u0161titi pamu\u010dnom tkaninom. U tankom sloju namazati melemom i ostaviti do ujutro. Kad infekcija nestane, prevenetivno ponavljati postupak svakih 7 dana.<\/p>\n<p>Obolelo mesto mo\u017eete mazati vi\u0161e puta dnevno, a obavezno pred spavanje. Posle svake upotrebe operite plasti\u010dnu \u0161patulicu vru\u0107om vodom da skinete svu masno\u0107u, i potopite u 70% alkohol u neku zatvorenu posudicu, tako da alkohol pokriva povr\u0161inu \u0161patulice. Ostavite tako do slede\u0107eg kori\u0161\u0107enja. Pred upotrebu isprati \u0161patulicu mlakom vodom.<\/p>\n<div>\n<p>&nbsp;<\/p>\n<\/div>\n<\/div>","protected":false},"featured_media":4736,"template":"","meta":[],"product_brand":[],"product_cat":[547,3054],"product_tag":[1119,1122,1118,226,1786,1709,943,1818,899,1819],"class_list":{"0":"post-4735","1":"product","2":"type-product","3":"status-publish","4":"has-post-thumbnail","6":"product_cat-kozmetika-i-nega-za-odrasle","7":"product_cat-akcija","8":"product_tag-antibakterijski","9":"product_tag-antisepticno","10":"product_tag-antivirusno","11":"product_tag-atopijski-dermatitis","12":"product_tag-bakterije","13":"product_tag-betty","14":"product_tag-gljivice","15":"product_tag-kondilome","16":"product_tag-melem","17":"product_tag-virusne-bradavice","19":"first","20":"instock","21":"sale","22":"shipping-taxable","23":"purchasable","24":"product-type-simple"},"ams_default_variation_id":0,"ams_product_points_reward":[],"ams_product_discount_percentage":15,"ams_price_to_display":1407.28,"ams_acf":[],"jetpack_sharing_enabled":true,"_links":{"self":[{"href":"https:\/\/apotekar-online.rs\/ro\/wp-json\/wp\/v2\/product\/4735","targetHints":{"allow":["GET"]}}],"collection":[{"href":"https:\/\/apotekar-online.rs\/ro\/wp-json\/wp\/v2\/product"}],"about":[{"href":"https:\/\/apotekar-online.rs\/ro\/wp-json\/wp\/v2\/types\/product"}],"wp:featuredmedia":[{"embeddable":true,"href":"https:\/\/apotekar-online.rs\/ro\/wp-json\/wp\/v2\/media\/4736"}],"wp:attachment":[{"href":"https:\/\/apotekar-online.rs\/ro\/wp-json\/wp\/v2\/media?parent=4735"}],"wp:term":[{"taxonomy":"product_brand","embeddable":true,"href":"https:\/\/apotekar-online.rs\/ro\/wp-json\/wp\/v2\/product_brand?post=4735"},{"taxonomy":"product_cat","embeddable":true,"href":"https:\/\/apotekar-online.rs\/ro\/wp-json\/wp\/v2\/product_cat?post=4735"},{"taxonomy":"product_tag","embeddable":true,"href":"https:\/\/apotekar-online.rs\/ro\/wp-json\/wp\/v2\/product_tag?post=4735"}],"curies":[{"name":"wp","href":"https:\/\/api.w.org\/{rel}","templated":true}]}}