{"id":4745,"date":"2023-11-02T11:34:22","date_gmt":"2023-11-02T13:34:22","guid":{"rendered":"https:\/\/apotekar-online.rs\/?post_type=product&#038;p=4745"},"modified":"2026-03-05T08:11:41","modified_gmt":"2026-03-05T10:11:41","slug":"ecosept-fara-zahar-a36","status":"publish","type":"product","link":"https:\/\/apotekar-online.rs\/ro\/p\/ekosept-bez-secera-a36\/","title":{"rendered":"Ecosept fara zahar a36"},"content":{"rendered":"","protected":false},"excerpt":{"rendered":"<p><b>Ecosept f\u0103r\u0103 zah\u0103r<\/b>\u00a0este un supliment nutritiv pe baz\u0103 de uleiuri esen\u021biale de salvie \u0219i ment\u0103 bl\u00e2nd\u0103 sub form\u0103 de oriblete cu o valoare energetic\u0103 redus\u0103. Au un gust acru r\u0103coritor, aromat, potrivit pentru toate grupele de v\u00e2rst\u0103.<br \/>\nCa component\u0103 activ\u0103, Ekosept f\u0103r\u0103 zah\u0103r con\u021bine o combina\u021bie de uleiuri esen\u021biale izolate din dou\u0103 culturi de plante din climatul nostru - salvie \u0219i ment\u0103 bl\u00e2nd\u0103. Utilizarea lor de-a lungul secolelor \u00een tratamentul cu succes al bolilor \u00een primul r\u00e2nd ale tractului respirator ne-a f\u0103cut s\u0103 decidem s\u0103 folosim propriet\u0103\u021bile lor medicinale sub form\u0103 de oriblete concepute s\u0103 se dizolve \u00een gur\u0103. Am decis s\u0103 folosim uleiuri esen\u021biale, deoarece spre deosebire de extractele din plante, acestea con\u021bin purt\u0103tori concentra\u021bi ai activit\u0103\u021bii antimicrobiene, care este ceea ce avem nevoie \u00een lupta \u00eempotriva infec\u021biilor.<\/p>\n<p><b>Ulei esen\u021bial de salvie\u00a0<\/b>contribuie la calmarea irita\u021biilor cavit\u0103\u021bii bucale, g\u00e2tului \u0219i a corzilor vocale. Se ob\u021bine din frunzele uscate ale plantei\u00a0<em>Salvia officinalis<\/em>, cunoscut\u0103 popular sub numele de salvie sau pelin \u00eembl\u00e2nzit. \u00censu\u0219i numele plantei provine din cuv\u00e2ntul latin &quot;<em>economisitori<\/em>\u201d, care \u00een traducere \u00eenseamn\u0103 a trata, vindeca, salva \u0219i m\u0103rturise\u0219te istoria lung\u0103 a utiliz\u0103rii plantei \u00een sine \u0219i a uleiului ei esen\u021bial \u00een medicin\u0103. Purt\u0103torii activit\u0103\u021bii antimicrobiene a uleiului esen\u021bial de salvie sunt \u03b1-tuyona, camforul \u0219i 1,8-cineolul, care s-au dovedit a fi mult mai eficiente \u00een tratamentul infec\u021biilor respiratorii cauzate de bacterii gram-pozitive.\u00a0<em>streptococ\u00a0<\/em>familii.<\/p>\n<p><b>Ulei esen\u021bial de ment\u0103<\/b>\u00a0contribuie la digestia normal\u0103 \u0219i la imunitate. \u00cen plus, are un efect pozitiv asupra amelior\u0103rii simptomelor infec\u021biilor tractului respirator superior, cum ar fi tusea sau durerea \u00een g\u00e2t. Este izolat de menta (<em>Mentha piperita)<\/em>\u0219i ca \u0219i uleiul de salvie are o mare importan\u021b\u0103 \u00een terapie. Principalul ingredient al uleiului esen\u021bial de ment\u0103 este mentolul, din care provine efectul de r\u0103cire pl\u0103cut\u0103 a mucoasei cavit\u0103\u021bii bucale \u0219i efectul s\u0103u antibacterian.<\/p>\n<p>Trebuie remarcat faptul c\u0103\u00a0<b>Ecosept f\u0103r\u0103 zah\u0103r<\/b>\u00a0oribletele con\u021bin ulei esen\u021bial de salvie \u0219i ment\u0103 bl\u00e2nd\u0103 izolate din plante de pe teritoriul climatului nostru, la care organismul nostru este adaptat. Raportul lor optim echilibrat \u00een oribile contribuie la ob\u021binerea efectului terapeutic maxim. Clorofila de culoare natural\u0103 contribuie la compozi\u021bia natural\u0103, din care provine culoarea verde recognoscibil\u0103 a oribletelor, iar pe l\u00e2ng\u0103 corectarea culorii, clorofila are \u0219i un efect antioxidant dovedit.<\/p>\n<h2><strong>C\u00e2nd se utilizeaz\u0103 Ekosept f\u0103r\u0103 zah\u0103r?<\/strong><\/h2>\n<p><b>Ecosept<\/b>\u00a0<b>fara zahar<\/b>\u00a0poate fi folosit zilnic pentru dezinfec\u021bie, \u00eemprosp\u0103tarea respira\u021biei \u0219i r\u0103cirea pl\u0103cut\u0103 a mucoasei cavit\u0103\u021bii bucale, faringelui \u0219i gingiilor. Utilizarea regulat\u0103 a oribletului contribuie la reglarea florei bacteriene din gur\u0103 \u0219i la \u00eent\u0103rirea membranei mucoase a cavit\u0103\u021bii bucale \u0219i a gingiilor.<\/p>\n<p><b>Ecosept<\/b>\u00a0<b>fara zahar<\/b>\u00a0este recomandat \u00een special pentru utilizare:<\/p>\n<ul>\n<li>\u00een timpul infec\u021biilor c\u0103ilor respiratorii superioare (inflama\u021bia amigdalelor, faringelui \u0219i a corzilor vocale)<\/li>\n<li>\u00een cursul infec\u021biei membranei mucoase a cavit\u0103\u021bii bucale \u0219i a gingiilor (gingivita, stomatit\u0103, afte \u00een gur\u0103)<\/li>\n<li>\u00een cazul irita\u0163iilor cauzate de purtarea aparatelor ortodontice sau a protezelor<\/li>\n<li>fum\u0103tori, pentru a regla flora bacterian\u0103 \u0219i a \u00eemprosp\u0103ta respira\u021bia<\/li>\n<\/ul>\n<h2><strong>Cui este destinat Ekosept f\u0103r\u0103 zah\u0103r?<\/strong><\/h2>\n<p><b>Ecosept f\u0103r\u0103 zah\u0103r<\/b>\u00a0poate fi folosit de copii incepand cu varsta de 3 ani, adulti si varstnici. Este recomandat mai ales persoanelor predispuse la inflamatii frecvente ale gatului si gingiilor, fumatorilor, pacientilor cronici, precum si persoanelor cu respiratie mirositoare. Datorit\u0103 valorii energetice reduse, Ekosept f\u0103r\u0103 zah\u0103r poate fi folosit de diabetici, de persoanele care urmeaz\u0103 diete de reducere, de femeile \u00eens\u0103rcinate \u0219i de copiii \u0219i adolescen\u021bii \u00een faza de cre\u0219tere a din\u021bilor permanen\u021bi.<\/p>\n<h2><strong>Cum se folose\u0219te Ekosept f\u0103r\u0103 zah\u0103r?<\/strong><\/h2>\n<p>Adulti: 4-6 oriblete pe zi.<\/p>\n<p>Copii mai mari de 3 ani: 2-3 oribile pe zi.<\/p>\n<p>Oribletul se dizolv\u0103 \u00eencet \u00een gur\u0103. Dup\u0103 dizolvarea oribletei, nu m\u00e2nca\u021bi \u0219i nu be\u021bi timp de o jum\u0103tate de or\u0103.<\/p>\n<h2><strong>De unde se poate ob\u021bine Ekosept f\u0103r\u0103 zah\u0103r?<\/strong><\/h2>\n<p><b>Ecosept f\u0103r\u0103 zah\u0103r<\/b>\u00a0\u00eel pute\u021bi ob\u021bine \u00een toate farmaciile bine aprovizionate de pe teritoriul Serbiei \u0219i Muntenegrului.<\/p>\n<p>Pachetul con\u021bine 36 de oribile.<\/p>","protected":false},"featured_media":4746,"template":"","meta":[],"product_brand":[],"product_cat":[151],"product_tag":[524,1116,1059,181,882],"class_list":{"0":"post-4745","1":"product","2":"type-product","3":"status-publish","4":"has-post-thumbnail","6":"product_cat-prehlada-i-kasalj","7":"product_tag-bez-secera","8":"product_tag-gingivitis","9":"product_tag-glasne-zlice","10":"product_tag-prehlada","11":"product_tag-zalfija","12":"pa_brend-eko-farm","14":"first","15":"instock","16":"shipping-taxable","17":"purchasable","18":"product-type-simple"},"ams_default_variation_id":0,"ams_product_points_reward":[],"ams_product_discount_percentage":0,"ams_price_to_display":210,"ams_acf":[],"jetpack_sharing_enabled":true,"_links":{"self":[{"href":"https:\/\/apotekar-online.rs\/ro\/wp-json\/wp\/v2\/product\/4745","targetHints":{"allow":["GET"]}}],"collection":[{"href":"https:\/\/apotekar-online.rs\/ro\/wp-json\/wp\/v2\/product"}],"about":[{"href":"https:\/\/apotekar-online.rs\/ro\/wp-json\/wp\/v2\/types\/product"}],"wp:featuredmedia":[{"embeddable":true,"href":"https:\/\/apotekar-online.rs\/ro\/wp-json\/wp\/v2\/media\/4746"}],"wp:attachment":[{"href":"https:\/\/apotekar-online.rs\/ro\/wp-json\/wp\/v2\/media?parent=4745"}],"wp:term":[{"taxonomy":"product_brand","embeddable":true,"href":"https:\/\/apotekar-online.rs\/ro\/wp-json\/wp\/v2\/product_brand?post=4745"},{"taxonomy":"product_cat","embeddable":true,"href":"https:\/\/apotekar-online.rs\/ro\/wp-json\/wp\/v2\/product_cat?post=4745"},{"taxonomy":"product_tag","embeddable":true,"href":"https:\/\/apotekar-online.rs\/ro\/wp-json\/wp\/v2\/product_tag?post=4745"}],"curies":[{"name":"wp","href":"https:\/\/api.w.org\/{rel}","templated":true}]}}