{"id":4752,"date":"2023-11-08T10:52:03","date_gmt":"2023-11-08T12:52:03","guid":{"rendered":"https:\/\/apotekar-online.rs\/?post_type=product&#038;p=4752"},"modified":"2026-03-05T08:11:40","modified_gmt":"2026-03-05T10:11:40","slug":"kallos-maska-pro-tox-superfruits-1l","status":"publish","type":"product","link":"https:\/\/apotekar-online.rs\/ro\/p\/kallos-maska-pro-tox-superfruits-1l\/","title":{"rendered":"Masca Kallos Superfructe Pro-tox 1L"},"content":{"rendered":"","protected":false},"excerpt":{"rendered":"<p>Specijalna Hair Pro-tox formula u kombinaciji sa voc\u0301em sa jedinstvenim svojstvima, vrac\u0301a prvobitno zdravo stanje i sjaj kosi.Korisnom upotrebom kosa postaje otpornija na \u0161tetne uticaje okoline, odr\u017eava hidrataciju i mekoc\u0301u.<\/p>\n<p>Upotreba: Koristiti nakon pranja \u0161amponom, na kosu osu\u0161enu pe\u0161kirom, isprati nakon 5 minuta.<\/p>\n<p>&nbsp;<\/p>","protected":false},"featured_media":4753,"template":"","meta":[],"product_brand":[],"product_cat":[147,547],"product_tag":[824,1833],"class_list":{"0":"post-4752","1":"product","2":"type-product","3":"status-publish","4":"has-post-thumbnail","6":"product_cat-samponi-za-negu-kose","7":"product_cat-kozmetika-i-nega-za-odrasle","8":"product_tag-maska-za-kosu","9":"product_tag-svilena-kosa","10":"pa_brend-kallos-cosmetics","12":"first","13":"instock","14":"shipping-taxable","15":"purchasable","16":"product-type-simple"},"ams_default_variation_id":0,"ams_product_points_reward":[],"ams_product_discount_percentage":0,"ams_price_to_display":440,"ams_acf":[],"jetpack_sharing_enabled":true,"_links":{"self":[{"href":"https:\/\/apotekar-online.rs\/ro\/wp-json\/wp\/v2\/product\/4752","targetHints":{"allow":["GET"]}}],"collection":[{"href":"https:\/\/apotekar-online.rs\/ro\/wp-json\/wp\/v2\/product"}],"about":[{"href":"https:\/\/apotekar-online.rs\/ro\/wp-json\/wp\/v2\/types\/product"}],"wp:featuredmedia":[{"embeddable":true,"href":"https:\/\/apotekar-online.rs\/ro\/wp-json\/wp\/v2\/media\/4753"}],"wp:attachment":[{"href":"https:\/\/apotekar-online.rs\/ro\/wp-json\/wp\/v2\/media?parent=4752"}],"wp:term":[{"taxonomy":"product_brand","embeddable":true,"href":"https:\/\/apotekar-online.rs\/ro\/wp-json\/wp\/v2\/product_brand?post=4752"},{"taxonomy":"product_cat","embeddable":true,"href":"https:\/\/apotekar-online.rs\/ro\/wp-json\/wp\/v2\/product_cat?post=4752"},{"taxonomy":"product_tag","embeddable":true,"href":"https:\/\/apotekar-online.rs\/ro\/wp-json\/wp\/v2\/product_tag?post=4752"}],"curies":[{"name":"wp","href":"https:\/\/api.w.org\/{rel}","templated":true}]}}