{"id":4792,"date":"2023-11-13T10:24:15","date_gmt":"2023-11-13T12:24:15","guid":{"rendered":"https:\/\/apotekar-online.rs\/?post_type=product&#038;p=4792"},"modified":"2026-03-05T08:11:39","modified_gmt":"2026-03-05T10:11:39","slug":"nuk-cheat-silicon-in-box-winnie-the-pooh-0-6m","status":"publish","type":"product","link":"https:\/\/apotekar-online.rs\/ro\/p\/nuk-varalica-silikon-u-kutiji-winnie-the-pooh-0-6m\/","title":{"rendered":"Nuk manechin silicon in cutie Winnie the Pooh 0-6m"},"content":{"rendered":"","protected":false},"excerpt":{"rendered":"<p>Manechin NUK - ideal pentru bebelusul tau!<\/p>\n<p>NUK a fost primul care a oferit o form\u0103 ortodontic\u0103 (anatomic\u0103) de suzete \u0219i manechine, care nu deranjeaz\u0103 nevoia bebelu\u0219ilor de a suge, iar \u021binerea manechinelor ajut\u0103 la \u00eent\u0103rirea gingiilor \u0219i a mu\u0219chilor maxilarului.<\/p>\n<p>Marginea din plastic a suzetei este proiectata sa se adapteze ideal la forma gurii si maxilarului bebelusului, pentru a nu deforma oasele maxilarului. Dou\u0103 g\u0103uri laterale pe marginea de plastic asigur\u0103 alimentarea optim\u0103 a aerului. Piesa bucal\u0103 are un canal integrat pentru circula\u021bia aerului, care previne acumularea lichidului din gur\u0103. Acest lucru permite aerului s\u0103 circule, ceea ce previne ro\u0219ea\u021ba \u0219i irita\u021bia \u00een jurul gurii bebelu\u0219ului.<\/p>\n<p>Nuk Cheater este complet sigur deoarece nu con\u021bine bisfenol A.<\/p>\n<p>Acum si intr-o cutie igienica.<\/p>","protected":false},"featured_media":4793,"template":"","meta":[],"product_brand":[],"product_cat":[385,340],"product_tag":[390,752,1845,394],"class_list":{"0":"post-4792","1":"product","2":"type-product","3":"status-publish","4":"has-post-thumbnail","6":"product_cat-bebi-oprema","7":"product_cat-deciji-program","8":"product_tag-bebe","9":"product_tag-deciji-program","10":"product_tag-nuk","11":"product_tag-varalica","12":"pa_brend-nuk","14":"first","15":"instock","16":"shipping-taxable","17":"purchasable","18":"product-type-simple"},"ams_default_variation_id":0,"ams_product_points_reward":[],"ams_product_discount_percentage":0,"ams_price_to_display":500,"ams_acf":[],"jetpack_sharing_enabled":true,"_links":{"self":[{"href":"https:\/\/apotekar-online.rs\/ro\/wp-json\/wp\/v2\/product\/4792","targetHints":{"allow":["GET"]}}],"collection":[{"href":"https:\/\/apotekar-online.rs\/ro\/wp-json\/wp\/v2\/product"}],"about":[{"href":"https:\/\/apotekar-online.rs\/ro\/wp-json\/wp\/v2\/types\/product"}],"wp:featuredmedia":[{"embeddable":true,"href":"https:\/\/apotekar-online.rs\/ro\/wp-json\/wp\/v2\/media\/4793"}],"wp:attachment":[{"href":"https:\/\/apotekar-online.rs\/ro\/wp-json\/wp\/v2\/media?parent=4792"}],"wp:term":[{"taxonomy":"product_brand","embeddable":true,"href":"https:\/\/apotekar-online.rs\/ro\/wp-json\/wp\/v2\/product_brand?post=4792"},{"taxonomy":"product_cat","embeddable":true,"href":"https:\/\/apotekar-online.rs\/ro\/wp-json\/wp\/v2\/product_cat?post=4792"},{"taxonomy":"product_tag","embeddable":true,"href":"https:\/\/apotekar-online.rs\/ro\/wp-json\/wp\/v2\/product_tag?post=4792"}],"curies":[{"name":"wp","href":"https:\/\/api.w.org\/{rel}","templated":true}]}}