{"id":4799,"date":"2023-11-13T10:47:17","date_gmt":"2023-11-13T12:47:17","guid":{"rendered":"https:\/\/apotekar-online.rs\/?post_type=product&#038;p=4799"},"modified":"2026-03-05T08:11:39","modified_gmt":"2026-03-05T10:11:39","slug":"nuk-varalica-silikon-u-kutiji-signature-0-6m-2","status":"publish","type":"product","link":"https:\/\/apotekar-online.rs\/ro\/p\/nuk-varalica-silikon-u-kutiji-signature-0-6m-2\/","title":{"rendered":"Nuk varalica silikon u kutiji Signature 0-6m"},"content":{"rendered":"","protected":false},"excerpt":{"rendered":"<p>Manechin NUK - ideal pentru bebelusul tau!<\/p>\n<p>NUK a fost primul care a oferit o form\u0103 ortodontic\u0103 (anatomic\u0103) de suzete \u0219i manechine, care nu deranjeaz\u0103 nevoia bebelu\u0219ilor de a suge, iar \u021binerea manechinelor ajut\u0103 la \u00eent\u0103rirea gingiilor \u0219i a mu\u0219chilor maxilarului.<\/p>\n<p>Plasti\u010dni obod varalice oblikovan je tako da se idealno prilago\u0111ava obliku bebinih usta i vilice, kako ne bi do\u0161lo da deformacija vili\u010dnih kostiju. \u00a0Bo\u010dne rupice na plasti\u010dnom obodu, obezbe\u0111uju optimalan dovod vazduha. Varalica ima integrisan kanal za cirkulaciju vazduha, koji spre\u010dava nakupljanje te\u010dnosti iz usta. Tako vazduh mo\u017ee da cirkuli\u0161e, \u010dime se spre\u010dava crvenilo i iritacija oko bebinih usta.<\/p>\n<p>Nuk Cheater este complet sigur deoarece nu con\u021bine bisfenol A.<\/p>\n<p>Acum si intr-o cutie igienica.<\/p>","protected":false},"featured_media":4800,"template":"","meta":[],"product_brand":[],"product_cat":[340,385],"product_tag":[390,752,1845,394],"class_list":{"0":"post-4799","1":"product","2":"type-product","3":"status-publish","4":"has-post-thumbnail","6":"product_cat-deciji-program","7":"product_cat-bebi-oprema","8":"product_tag-bebe","9":"product_tag-deciji-program","10":"product_tag-nuk","11":"product_tag-varalica","12":"pa_brend-nuk","14":"first","15":"instock","16":"shipping-taxable","17":"purchasable","18":"product-type-simple"},"ams_default_variation_id":0,"ams_product_points_reward":[],"ams_product_discount_percentage":0,"ams_price_to_display":435,"ams_acf":[],"jetpack_sharing_enabled":true,"_links":{"self":[{"href":"https:\/\/apotekar-online.rs\/ro\/wp-json\/wp\/v2\/product\/4799","targetHints":{"allow":["GET"]}}],"collection":[{"href":"https:\/\/apotekar-online.rs\/ro\/wp-json\/wp\/v2\/product"}],"about":[{"href":"https:\/\/apotekar-online.rs\/ro\/wp-json\/wp\/v2\/types\/product"}],"wp:featuredmedia":[{"embeddable":true,"href":"https:\/\/apotekar-online.rs\/ro\/wp-json\/wp\/v2\/media\/4800"}],"wp:attachment":[{"href":"https:\/\/apotekar-online.rs\/ro\/wp-json\/wp\/v2\/media?parent=4799"}],"wp:term":[{"taxonomy":"product_brand","embeddable":true,"href":"https:\/\/apotekar-online.rs\/ro\/wp-json\/wp\/v2\/product_brand?post=4799"},{"taxonomy":"product_cat","embeddable":true,"href":"https:\/\/apotekar-online.rs\/ro\/wp-json\/wp\/v2\/product_cat?post=4799"},{"taxonomy":"product_tag","embeddable":true,"href":"https:\/\/apotekar-online.rs\/ro\/wp-json\/wp\/v2\/product_tag?post=4799"}],"curies":[{"name":"wp","href":"https:\/\/api.w.org\/{rel}","templated":true}]}}