{"id":4834,"date":"2023-11-14T07:56:18","date_gmt":"2023-11-14T09:56:18","guid":{"rendered":"https:\/\/apotekar-online.rs\/?post_type=product&#038;p=4834"},"modified":"2026-03-05T08:11:38","modified_gmt":"2026-03-05T10:11:38","slug":"nuk-varalica-silikon-u-kutiji-space-0-6m-2","status":"publish","type":"product","link":"https:\/\/apotekar-online.rs\/ro\/p\/nuk-varalica-silikon-u-kutiji-space-0-6m-2\/","title":{"rendered":"Naluca Nuk silicon in cutie Spatiu 0-6m"},"content":{"rendered":"","protected":false},"excerpt":{"rendered":"<p>NUK Cheat Space<\/p>\n<p>Noua saltea NUK cu mai mult spatiu si un design modern permite pielii delicate a bebelusului sa respire.<\/p>\n<p>Este special conceput pentru pielea sensibil\u0103 a bebelu\u0219ilor cu deschideri foarte mari pentru un flux maxim de aer. Acest lucru permite aerului s\u0103 circule, ceea ce previne ro\u0219ea\u021ba \u0219i irita\u021bia \u00een jurul gurii bebelu\u0219ului.<\/p>\n<p>Forma ortodontic\u0103 NUK a tri\u0219orului permite o dezvoltare mai s\u0103n\u0103toas\u0103 a bebelu\u0219ului, deoarece corpul mai sub\u021bire \u0219i mai \u00eengust al tri\u0219orului reduce presiunea asupra maxilarului \u0219i a din\u021bilor bebelu\u0219ului.<br \/>\nCorpul mai plat \u0219i partea inferioar\u0103 mai bl\u00e2nd\u0103 a manechinului ofer\u0103 mai mult\u0103 libertate limbii bebelu\u0219ului \u0219i permite mi\u0219c\u0103ri naturale de sugere.<\/p>\n<p>Forma tri\u0219orului este conceput\u0103 dup\u0103 sfarcurile unei mame \u00een timpul al\u0103pt\u0103rii.<\/p>\n<p>De acum \u00eenainte \u0219i \u00eentr-o cutie igien\u0103 pentru depozitare \u0219i eliminare \u00een siguran\u021b\u0103.<\/p>\n<p>Este recomandat\u0103 de exper\u021bii medicali - moa\u0219e, pediatri \u0219i ortodon\u021bi.<\/p>\n<p>Medicii ortodon\u021bi au confirmat c\u0103 aparatul dentar NUK nu provoac\u0103 din\u021bi str\u00e2mbi \u0219i maxilar neregulat (asimetric).<\/p>\n<p>Tri\u0219orul nuclear este complet sigur deoarece nu con\u021bine bisfenol A \u0219i este fabricat \u00een conformitate cu standardul european de siguran\u021b\u0103 EN 1400.<\/p>\n<p>95% beba prihvata NUK varalice.<\/p>\n<p>92% majki potvrdilo je da kori\u0161\u0107enje NUK varalica ne uti\u010de na dojenje.<\/p>","protected":false},"featured_media":4835,"template":"","meta":[],"product_brand":[],"product_cat":[385,340],"product_tag":[390,752,1845,394],"class_list":{"0":"post-4834","1":"product","2":"type-product","3":"status-publish","4":"has-post-thumbnail","6":"product_cat-bebi-oprema","7":"product_cat-deciji-program","8":"product_tag-bebe","9":"product_tag-deciji-program","10":"product_tag-nuk","11":"product_tag-varalica","12":"pa_brend-nuk","14":"first","15":"instock","16":"shipping-taxable","17":"purchasable","18":"product-type-simple"},"ams_default_variation_id":0,"ams_product_points_reward":[],"ams_product_discount_percentage":0,"ams_price_to_display":500,"ams_acf":[],"jetpack_sharing_enabled":true,"_links":{"self":[{"href":"https:\/\/apotekar-online.rs\/ro\/wp-json\/wp\/v2\/product\/4834","targetHints":{"allow":["GET"]}}],"collection":[{"href":"https:\/\/apotekar-online.rs\/ro\/wp-json\/wp\/v2\/product"}],"about":[{"href":"https:\/\/apotekar-online.rs\/ro\/wp-json\/wp\/v2\/types\/product"}],"wp:featuredmedia":[{"embeddable":true,"href":"https:\/\/apotekar-online.rs\/ro\/wp-json\/wp\/v2\/media\/4835"}],"wp:attachment":[{"href":"https:\/\/apotekar-online.rs\/ro\/wp-json\/wp\/v2\/media?parent=4834"}],"wp:term":[{"taxonomy":"product_brand","embeddable":true,"href":"https:\/\/apotekar-online.rs\/ro\/wp-json\/wp\/v2\/product_brand?post=4834"},{"taxonomy":"product_cat","embeddable":true,"href":"https:\/\/apotekar-online.rs\/ro\/wp-json\/wp\/v2\/product_cat?post=4834"},{"taxonomy":"product_tag","embeddable":true,"href":"https:\/\/apotekar-online.rs\/ro\/wp-json\/wp\/v2\/product_tag?post=4834"}],"curies":[{"name":"wp","href":"https:\/\/api.w.org\/{rel}","templated":true}]}}