{"id":4837,"date":"2023-11-14T09:21:22","date_gmt":"2023-11-14T11:21:22","guid":{"rendered":"https:\/\/apotekar-online.rs\/?post_type=product&#038;p=4837"},"modified":"2026-03-05T08:11:37","modified_gmt":"2026-03-05T10:11:37","slug":"nosko-aspirator-za-ciscenje-nosa","status":"publish","type":"product","link":"https:\/\/apotekar-online.rs\/ro\/p\/nosko-aspirator-za-ciscenje-nosa\/","title":{"rendered":"Aspirator nazal pentru curatarea nasului"},"content":{"rendered":"","protected":false},"excerpt":{"rendered":"<div class=\"product media\">\n<div class=\"action-skip-wrapper\"><\/div>\n<div class=\"gallery-placeholder\" data-gallery-role=\"gallery-placeholder\">\n<div class=\"fotorama--hidden\"><\/div>\n<div class=\"fotorama-item fotorama fotorama1699960628176\" data-gallery-role=\"gallery\">\n<div tabindex=\"-1\" data-gallery-role=\"fotorama__focusable-start\"><\/div>\n<div class=\"fotorama__wrap fotorama__wrap--css3 fotorama__wrap--slide fotorama__wrap--toggle-arrows\">\n<div class=\"fotorama__stage\" data-fotorama-stage=\"fotorama__stage\">\n<div class=\"fotorama__stage__shaft\" tabindex=\"0\" data-gallery-role=\"stage-shaft\">\n<div class=\"fotorama__stage__frame fotorama__active fotorama_vertical_ratio fotorama__loaded fotorama__loaded--img\" aria-hidden=\"false\" data-active=\"true\"><\/div>\n<\/div>\n<\/div>\n<\/div>\n<\/div>\n<\/div>\n<\/div>\n<div class=\"product-info-main\">\n<div class=\"product info detailed\">\n<div class=\"product data items mage-tabs-disabled\" role=\"tablist\">\n<div id=\"description\" class=\"data item content\" role=\"tabpanel\" aria-labelledby=\"tab-label-description\" data-role=\"content\" aria-hidden=\"false\">\n<div class=\"product attribute description\">\n<div class=\"value\">\n<p><strong>Nosko nosni aspirator<\/strong>\u00a0s izuzetno mekanim vrhom (usisnom glavom)\u00a0<strong>brzo i ne\u017eno odstranjuje iscedak iz nosa deteta<\/strong>. Prava je inovacija u svetu nosnih aspiratora. <strong>Bezbolan je i nema nuspojava<\/strong>. Klini\u010dki je ispitan. Preporu\u010duju ga otorinolaringolozi i pediatri. Vrlo se jednostavno upotrebljava <strong>uz pomo\u0107 obi\u010dnog ku\u0107nog usisiva\u010da<\/strong>. Jedan se kraj aspiratora stavi na usisiva\u010d, a drugi na vrh nosi\u0107a bebe. Ovaj nosni aspirator\u00a0<strong>odstranjuje sekret iz nosa uz stalan i siguran tlak<\/strong>\u00a0od 0,2 bara,\u00a0<strong>neovisno o usisnoj snazi usisava\u010da<\/strong>.\u00a0<strong>Prednosti aspiratora s mekanim vrhom:<\/strong><\/p>\n<ul>\n<li>sigurnost i jednostavnost pri upotrebi<\/li>\n<li>prilago\u0111en deci<\/li>\n<li>fleksibilan i jo\u0161 mekaniji\u00a0<strong>za osetljive nosnice novoro\u0111en\u010dadi<\/strong><\/li>\n<li>od vatrootpornog je materijala koji se lako \u010disti<\/li>\n<li><strong>ne sadr\u017eava materijale koji su \u0161tetni za zdravlje<\/strong>\u00a0(ne sadr\u017ei BPA i ftalate)<\/li>\n<li><strong>vrlo visoka kvaliteta pa povoljnoj ceni<\/strong><\/li>\n<\/ul>\n<p><strong>Upute za upotrebu:<\/strong><\/p>\n<ol>\n<li>U obe nosnice deteta ukapajte fiziolo\u0161ku otopinu (0,9%-tnu otopinu NaCl) jer ona ne izaziva iritaciju ili peckanje, a vla\u017ei i omek\u0161ava sekret. Ukapavanjem fiziolo\u0161ke otopine omek\u0161ava se suvi sekret koji je prilepljen za sluznicu nosa, kako bi se mogao ukloniti iz nosa bez ozle\u0111ivanja sluznice. Nakon 3 minute sluznica nosa postaje vla\u017ena i mo\u017eete po\u010deti odstranjivati omek\u0161ani sekret iz nosa pomo\u0107u aspiratora.<\/li>\n<li>Sledite prilo\u017eenu uputu za primenu nosnog aspiratora.<\/li>\n<\/ol>\n<p>Izbegavajte upotrebu ovog aplikatora kod dece koja imaju kroni\u010dnu hemofiliju ili krvarenje iz nosa.<\/p>\n<\/div>\n<\/div>\n<\/div>\n<\/div>\n<\/div>\n<\/div>","protected":false},"featured_media":4838,"template":"","meta":[],"product_brand":[],"product_cat":[385,340],"product_tag":[1852,390,1770,418],"class_list":{"0":"post-4837","1":"product","2":"type-product","3":"status-publish","4":"has-post-thumbnail","6":"product_cat-bebi-oprema","7":"product_cat-deciji-program","8":"product_tag-aspirator-za-nos","9":"product_tag-bebe","10":"product_tag-ciscenje-nosa","11":"product_tag-decija-oprema","13":"first","14":"instock","15":"shipping-taxable","16":"purchasable","17":"product-type-simple"},"ams_default_variation_id":0,"ams_product_points_reward":[],"ams_product_discount_percentage":0,"ams_price_to_display":1525,"ams_acf":[],"jetpack_sharing_enabled":true,"_links":{"self":[{"href":"https:\/\/apotekar-online.rs\/ro\/wp-json\/wp\/v2\/product\/4837","targetHints":{"allow":["GET"]}}],"collection":[{"href":"https:\/\/apotekar-online.rs\/ro\/wp-json\/wp\/v2\/product"}],"about":[{"href":"https:\/\/apotekar-online.rs\/ro\/wp-json\/wp\/v2\/types\/product"}],"wp:featuredmedia":[{"embeddable":true,"href":"https:\/\/apotekar-online.rs\/ro\/wp-json\/wp\/v2\/media\/4838"}],"wp:attachment":[{"href":"https:\/\/apotekar-online.rs\/ro\/wp-json\/wp\/v2\/media?parent=4837"}],"wp:term":[{"taxonomy":"product_brand","embeddable":true,"href":"https:\/\/apotekar-online.rs\/ro\/wp-json\/wp\/v2\/product_brand?post=4837"},{"taxonomy":"product_cat","embeddable":true,"href":"https:\/\/apotekar-online.rs\/ro\/wp-json\/wp\/v2\/product_cat?post=4837"},{"taxonomy":"product_tag","embeddable":true,"href":"https:\/\/apotekar-online.rs\/ro\/wp-json\/wp\/v2\/product_tag?post=4837"}],"curies":[{"name":"wp","href":"https:\/\/api.w.org\/{rel}","templated":true}]}}