{"id":4839,"date":"2023-11-14T09:29:34","date_gmt":"2023-11-14T11:29:34","guid":{"rendered":"https:\/\/apotekar-online.rs\/?post_type=product&#038;p=4839"},"modified":"2026-03-05T08:11:37","modified_gmt":"2026-03-05T10:11:37","slug":"aspirator-nazal-sigma-pentru-aspirator","status":"publish","type":"product","link":"https:\/\/apotekar-online.rs\/ro\/p\/sigma-aspirator-za-nos-za-usisivac\/","title":{"rendered":"Aspirator nas Sigma pentru aspirator"},"content":{"rendered":"","protected":false},"excerpt":{"rendered":"<p><strong>Aspiratorul nazal SIMGA este folosit pentru a elimina secre\u021biile din nas.<\/strong><\/p>\n<ul>\n<li>\u00a0 \u00a0 Dispozitiv pentru \u00eendep\u0103rtarea secre\u021biilor din nas bazat pe tehnologie de aspira\u021bie.<\/li>\n<li>\u00a0 \u00a0 Capul dispozitivului de irigare nazal\u0103 este foarte sigur \u0219i poate fi folosit cu sugari.<\/li>\n<li>\u00a0 \u00a0 Poate fi dezasamblat \u00een 5 p\u0103r\u021bi \u0219i u\u0219or de sp\u0103lat sub jet de ap\u0103.<\/li>\n<li>\u00a0 \u00a0 Poate fi sterilizat cu ap\u0103 clocotit\u0103 sau sp\u0103lat cu o solu\u021bie dezinfectant\u0103 (fiecare parte a dispozitivului este realizat\u0103 din material termostabil).<\/li>\n<li>\u00a0 \u00a0 Este sigur pentru utilizare at\u00e2t la sugari, c\u00e2t \u0219i la adul\u021bi.<\/li>\n<li>\u00a0 \u00a0 Nu con\u021bine substan\u021be nocive pentru s\u0103n\u0103tate.<\/li>\n<li>\u00a0 \u00a0 Nivel ridicat de calitate la un pret acceptabil.<\/li>\n<li>\u00a0 \u00a0 La recomandarea medicilor pediatri \u0219i a speciali\u0219tilor urechi-nas-g\u00e2t<\/li>\n<\/ul>\n<p><strong>Procesul de cl\u0103tire a nasului:<\/strong><\/p>\n<p>1.<strong>\u00a0Preg\u0103tiri<\/strong>: conectati aspiratorul la curent (puneti butonul in conector), apoi asezati aparatul aproape de corp la indemana unui brat sau picior astfel incat sa il putem porni.<\/p>\n<p>2. A\u0219eza\u021bi dispozitivul \u0219i introduce\u021bi partea clopot a conectorului \u00een tubul aspiratorului.<\/p>\n<p>3. Instila\u021bi o solu\u021bie fiziologic\u0103 (solu\u021bie salin\u0103 0,91 TP3T) \u00een ambele n\u0103ri ale copilului, care corespunde compozi\u021biei lacrimilor. Nu arde, nu irita, doar hidrateaza si catifeleaza secretia. Dup\u0103 3 minute pute\u021bi \u00eencepe \u00eendep\u0103rtarea secre\u021biei \u00eenmuiate. Instilarea \u00eenmoaie secre\u021bia uscat\u0103 care s-a lipit de membrana mucoas\u0103 a nasului, astfel \u00eenc\u00e2t s\u0103 v\u0103 pute\u021bi cl\u0103ti nasul \u00een siguran\u021b\u0103, f\u0103r\u0103 a deteriora membrana mucoas\u0103.<\/p>\n<p>4. Pozi\u021bia trebuie s\u0103 corespund\u0103 v\u00e2rstei copilului.<\/p>\n<ul>\n<li>\u00a0<strong>\u00cendep\u0103rtarea secre\u021biilor din nasul nou-n\u0103scu\u021bilor \u0219i sugarilor:<\/strong><\/li>\n<\/ul>\n<p>A\u0219eza\u021bi corpul copilului pe antebra\u021bul st\u00e2ng, sprijini\u021bi capul cu pumnul \u00een pozi\u021bia de mijloc \u0219i \u021bine\u021bi copilul \u00eentr-o pozi\u021bie semi\u00eenclinat\u0103 la aproximativ 45 de grade. Este important s\u0103 nu \u021bine\u021bi copilul cu capul \u00eenclinat pe spate, chiar \u0219i \u00een pozi\u021bie culcat, deoarece acest lucru \u00eengreuneaz\u0103 eliminarea secre\u021biilor. Apoi, din cauza gravita\u021biei, secre\u021bia alunec\u0103 \u00een g\u00e2t.<\/p>\n<p>In cazul unei bune pozitie a corpului, secretia se scurge in directia de eliminare a secretiei, in directia canalelor nazale, deci faciliteaza eliminarea secretiilor cu ajutorul aparatului.<\/p>\n<p>La nou-n\u0103scu\u021bi \u0219i sugari, nu exist\u0103 \u00eenc\u0103 o secre\u021bie at\u00e2t de mare \u0219i at\u00e2t de groas\u0103, \u00eenc\u00e2t ar trebui s\u0103 face\u021bi un adev\u0103rat vid, a\u0219a c\u0103 nu trebuie s\u0103 ap\u0103sa\u021bi pentru a \u00eenchide canalul nazal din cealalt\u0103 parte. La aceast\u0103 v\u00e2rst\u0103 oricum nu ai putea face asta, pentru c\u0103 \u00een momentul \u00een care \u00eenchidei o nar\u0103 cu un tub, cealalt\u0103 nar\u0103 cu compresie, copilul deschidea gura.<\/p>\n<p>La v\u00e2rsta nou-n\u0103scu\u021bilor \u0219i sugarilor, nici m\u00e2inile nu trebuie fixate, deoarece copilul nu are \u00eenc\u0103 puterea s\u0103 opreasc\u0103 aspiratorul sau s\u0103 interfereze cu sp\u0103larea cu mi\u0219c\u0103rile sale. Acest lucru se poate \u00eent\u00e2mpla \u00een cele din urm\u0103 dup\u0103 6 luni de \u00eenc\u0103rcare.<\/p>\n<ul>\n<li><strong>Cl\u0103tirea nasului unui copil mic - un sugar mai mare \u0219i un copil pre\u0219colar:<\/strong><\/li>\n<\/ul>\n<p>Lua\u021bi copilul \u00een bra\u021be. Pune-i picioarele \u00eentre ale tale \u0219i str\u00e2nge-le pu\u021bin dac\u0103 este necesar. Dac\u0103 ave\u021bi ajutor la \u00eendem\u00e2n\u0103, o alt\u0103 persoan\u0103 poate accepta bra\u021bele copilului. Cere\u021bi copilului s\u0103 \u00eendoaie capul u\u0219or \u00eenainte \u0219i \u00een jos, astfel ajuta\u021bi la \u00eendep\u0103rtarea secre\u021biilor folosind for\u021ba gravita\u021bional\u0103.<\/p>\n<p>Dac\u0103 copilul este suficient de matur pentru a coopera, pute\u021bi comprima cealalt\u0103 nar\u0103 pentru a crea un vid \u0219i astfel s\u0103 scurta\u021bi timpul necesar pentru a elimina secre\u021biile din nas. Odat\u0103 cu formarea unui vid, eliminarea secre\u021biilor este accelerat\u0103 \u0219i sus\u021binut\u0103, dar acest lucru nu este inevitabil. Po\u021bi realiza acest lucru doar dac\u0103 copilul este dispus s\u0103 coopereze \u0219i \u00eei po\u021bi cere s\u0103 nu deschid\u0103 gura \u00een timp ce scoatem secre\u021biile din nas.<\/p>\n<p>Importan\u021ba elimin\u0103rii secre\u021biilor din nas: prin \u00eenchiderea n\u0103rilor, se creeaz\u0103 un vid \u00een nas, iar acest lucru permite golirea secre\u021biilor din pasajul nazal central \u00een canalul nazal comun, de unde \u00eel pute\u021bi elimina deja cu dvs. NAS. Acest lucru este foarte important \u00een cazul secre\u021biilor groase. Secre\u021bia mucoas\u0103, lichid\u0103, se gole\u0219te deja din pasajul nazal mijlociu \u00een canalul nazal comun, de unde pute\u021bi \u00eendep\u0103rta cu u\u0219urin\u021b\u0103 secre\u021bia cu aparatul NOSKO \u0219i f\u0103r\u0103 a crea un vid.<\/p>\n<p><strong>\u00cenainte de a \u00eendep\u0103rta secre\u021biile din nasul unui copil de orice v\u00e2rst\u0103, este foarte important s\u0103 folosi\u021bi pic\u0103turi nazale!<\/strong><\/p>\n<p>5.\u00a0<strong>Porni\u021bi aspiratorul<\/strong>. Datorit\u0103 designului s\u0103u, dispozitivul SIGMA func\u021bioneaz\u0103 sub o presiune constant\u0103 de 0,2 bar, ceea ce este complet sigur chiar \u0219i atunci c\u00e2nd se \u00eendep\u0103rteaz\u0103 secre\u021biile din nasul unui nou-n\u0103scut.<\/p>\n<p>6. A\u0219eza\u021bi capul aparatului l\u00e2ng\u0103 deschiderea nasului. \u021aine\u021bi capul dispozitivului \u00een m\u00e2na dreapt\u0103, astfel \u00eenc\u00e2t tubul de silicon (a\u0219a cum este desenat pe cutia dispozitivului) s\u0103 fie orientat \u00een sus. Acest lucru este important pentru a evita scurgerea secretiilor in tub, astfel vei pastra igiena aparatului, astfel incat va trebui sa speli doar capul aparatului si bolul, nu tubul de silicon. Apropia\u021bi capul dispozitivului de deschiderea canalelor nazale, introduce\u021bi tubul \u00een canal \u00eensu\u0219i p\u00e2n\u0103 \u00een partea \u00een care se extinde. Nu \u00eempinge\u021bi ad\u00e2nc \u00een nas, deoarece acest lucru nu cre\u0219te efectul. Tubul trebuie \u021binut \u00een jos \u0219i \u00een lateral pentru a elimina \u0219i secre\u021biile din partea inferioar\u0103 a c\u0103ilor nazale.<\/p>\n<p>Pute\u021bi elimina secre\u021biile dintr-o singur\u0103 mi\u0219care timp de maximum 5 secunde. Dac\u0103 acest lucru nu este suficient, pute\u021bi repeta cl\u0103tirea de 5 secunde de mai multe ori cu pauze de 3-5 secunde, dar este de preferat s\u0103 repeta\u021bi at\u00e2ta timp c\u00e2t \u00een recipient apar secre\u021bii.<\/p>\n<p>7. Scoate\u021bi dispozitivul de pe nas.<\/p>\n<p>8. Opri\u021bi aspiratorul.<\/p>\n<p>9. Folosi\u021bi o c\u00e2rp\u0103 moale pentru a \u0219terge pic\u0103turile de secre\u021bie din jurul nasului, dac\u0103 este necesar.<\/p>\n<p>10. Dac\u0103 este necesar, aplica\u021bi crem\u0103 \u00een jurul nasului copilului, cu ajutorul c\u0103reia pute\u021bi evita ca secre\u021biile nazale s\u0103 provoace ro\u0219ea\u021b\u0103 \u0219i irita\u021bii ale pielii.<\/p>\n<p>11. Scoate\u021bi dispozitivul de cl\u0103tire din aspirator.<\/p>\n<p>12. Dezasambla\u021bi capul \u0219i sp\u0103la\u021bi bine sub robinet cu ap\u0103 curent\u0103. Dac\u0103 este necesar, poate fi fiert sau sterilizat \u00een alt mod (de ex. \u00eenmuiat \u00eentr-o solu\u021bie dezinfectant\u0103). La sp\u0103lare, recipientul trebuie dezasamblat de pe capul aparatului, iar capul \u00een sine poate fi dezasamblat pentru a-l sp\u0103la. Dispozitivul SIGMA poate fi dezasamblat \u00een 5 p\u0103r\u021bi separate, care, pe l\u00e2ng\u0103 faptul c\u0103 permit \u00eentre\u021binerea igien\u0103, sprijin\u0103 \u0219i sterilizarea dispozitivului.<\/p>\n<p>13. C\u00e2nd piesele sunt uscate, a\u0219eza\u021bi-le \u00eentr-un loc curat pentru a le putea folosi imediat data viitoare.<\/p>","protected":false},"featured_media":4840,"template":"","meta":[],"product_brand":[],"product_cat":[385,340],"product_tag":[1852,1770,1853,1854],"class_list":{"0":"post-4839","1":"product","2":"type-product","3":"status-publish","4":"has-post-thumbnail","6":"product_cat-bebi-oprema","7":"product_cat-deciji-program","8":"product_tag-aspirator-za-nos","9":"product_tag-ciscenje-nosa","10":"product_tag-nos","11":"product_tag-usisivac","13":"first","14":"instock","15":"shipping-taxable","16":"purchasable","17":"product-type-simple"},"ams_default_variation_id":0,"ams_product_points_reward":[],"ams_product_discount_percentage":0,"ams_price_to_display":1139.05,"ams_acf":[],"jetpack_sharing_enabled":true,"_links":{"self":[{"href":"https:\/\/apotekar-online.rs\/ro\/wp-json\/wp\/v2\/product\/4839","targetHints":{"allow":["GET"]}}],"collection":[{"href":"https:\/\/apotekar-online.rs\/ro\/wp-json\/wp\/v2\/product"}],"about":[{"href":"https:\/\/apotekar-online.rs\/ro\/wp-json\/wp\/v2\/types\/product"}],"wp:featuredmedia":[{"embeddable":true,"href":"https:\/\/apotekar-online.rs\/ro\/wp-json\/wp\/v2\/media\/4840"}],"wp:attachment":[{"href":"https:\/\/apotekar-online.rs\/ro\/wp-json\/wp\/v2\/media?parent=4839"}],"wp:term":[{"taxonomy":"product_brand","embeddable":true,"href":"https:\/\/apotekar-online.rs\/ro\/wp-json\/wp\/v2\/product_brand?post=4839"},{"taxonomy":"product_cat","embeddable":true,"href":"https:\/\/apotekar-online.rs\/ro\/wp-json\/wp\/v2\/product_cat?post=4839"},{"taxonomy":"product_tag","embeddable":true,"href":"https:\/\/apotekar-online.rs\/ro\/wp-json\/wp\/v2\/product_tag?post=4839"}],"curies":[{"name":"wp","href":"https:\/\/api.w.org\/{rel}","templated":true}]}}