{"id":4841,"date":"2023-11-14T09:38:13","date_gmt":"2023-11-14T11:38:13","guid":{"rendered":"https:\/\/apotekar-online.rs\/?post_type=product&#038;p=4841"},"modified":"2026-03-05T08:11:37","modified_gmt":"2026-03-05T10:11:37","slug":"pompa-belvital-pentru-nas","status":"publish","type":"product","link":"https:\/\/apotekar-online.rs\/ro\/p\/pumpica-za-nos-belvital\/","title":{"rendered":"Pomp\u0103 pentru nas Belvital"},"content":{"rendered":"","protected":false},"excerpt":{"rendered":"<p>Aspiratorul pentru bebelu\u0219i Belvital permite \u00eendep\u0103rtarea eficient\u0103 a secre\u021biilor nazale care amenin\u021b\u0103 respira\u021bia normal\u0103 a bebelu\u0219ului. Intr-un mod extrem de simplu si natural, aspiratia zilnica previne infectiile suplimentare ale ochiului, urechii, gatului si bronhiilor. Varful cu forma anatomica a aspiratorului garanteaza siguranta deplina.<\/p>\n<p>Mod de aplicare: Inainte si dupa utilizare, aspiratorul se dezasambla si se spala cu apa calduta. Pune\u021bi o bucat\u0103 mic\u0103 de vat\u0103 \u00een filtrul obturator (partea conectat\u0103 la furtunul de cauciuc) \u0219i conecta\u021bi aspiratorul. A\u0219eza\u021bi v\u00e2rful aspiratorului \u00een nasul bebelu\u0219ului, iar prin cap\u0103tul de cauciuc, aspira\u021bi u\u0219or pentru a extrage con\u021binutul din nas. Dac\u0103 exist\u0103 mult\u0103 secre\u021bie uscat\u0103 \u00een nasul copilului, turna\u021bi pu\u021bin\u0103 solu\u021bie salin\u0103 direct \u00een nas \u0219i apoi aspira\u021bi.<\/p>\n<p>Not\u0103: utiliza\u021bi aspiratorul cu 15 minute \u00eenainte de muls, pentru a degaja la timp c\u0103ile respiratorii.<\/p>\n<p>Ambalaj: 1 aspirator<\/p>","protected":false},"featured_media":4842,"template":"","meta":[],"product_brand":[],"product_cat":[385,340],"product_tag":[1852,390,1770,418],"class_list":{"0":"post-4841","1":"product","2":"type-product","3":"status-publish","4":"has-post-thumbnail","6":"product_cat-bebi-oprema","7":"product_cat-deciji-program","8":"product_tag-aspirator-za-nos","9":"product_tag-bebe","10":"product_tag-ciscenje-nosa","11":"product_tag-decija-oprema","12":"pa_brend-belvital","14":"first","15":"instock","16":"shipping-taxable","17":"purchasable","18":"product-type-simple"},"ams_default_variation_id":0,"ams_product_points_reward":[],"ams_product_discount_percentage":0,"ams_price_to_display":660,"ams_acf":[],"jetpack_sharing_enabled":true,"_links":{"self":[{"href":"https:\/\/apotekar-online.rs\/ro\/wp-json\/wp\/v2\/product\/4841","targetHints":{"allow":["GET"]}}],"collection":[{"href":"https:\/\/apotekar-online.rs\/ro\/wp-json\/wp\/v2\/product"}],"about":[{"href":"https:\/\/apotekar-online.rs\/ro\/wp-json\/wp\/v2\/types\/product"}],"wp:featuredmedia":[{"embeddable":true,"href":"https:\/\/apotekar-online.rs\/ro\/wp-json\/wp\/v2\/media\/4842"}],"wp:attachment":[{"href":"https:\/\/apotekar-online.rs\/ro\/wp-json\/wp\/v2\/media?parent=4841"}],"wp:term":[{"taxonomy":"product_brand","embeddable":true,"href":"https:\/\/apotekar-online.rs\/ro\/wp-json\/wp\/v2\/product_brand?post=4841"},{"taxonomy":"product_cat","embeddable":true,"href":"https:\/\/apotekar-online.rs\/ro\/wp-json\/wp\/v2\/product_cat?post=4841"},{"taxonomy":"product_tag","embeddable":true,"href":"https:\/\/apotekar-online.rs\/ro\/wp-json\/wp\/v2\/product_tag?post=4841"}],"curies":[{"name":"wp","href":"https:\/\/api.w.org\/{rel}","templated":true}]}}