{"id":485,"date":"2022-07-12T09:34:19","date_gmt":"2022-07-12T11:34:19","guid":{"rendered":"https:\/\/apotekar-online.rs\/product\/terranova-mikroflora-kompleks-sa-prebioticima-50-kapsula\/"},"modified":"2026-03-05T08:31:07","modified_gmt":"2026-03-05T10:31:07","slug":"terranova-complex-microflora-cu-prebiotice-50-capsule","status":"publish","type":"product","link":"https:\/\/apotekar-online.rs\/ro\/p\/terranova-mikroflora-kompleks-sa-prebioticima-50-kapsula\/","title":{"rendered":"Complex de microflor\u0103 Terranova cu prebiotice 50 capsule"},"content":{"rendered":"","protected":false},"excerpt":{"rendered":"<p>Probioticele folosite de Terranova sunt cele mai eficiente tulpini care actioneaza rapid, sunt stabile de-a lungul intregului tub digestiv, iar activitatea lor este sporita de prezenta prebiotice-fructooligozaharide si a complexului Magnifood. Rezolv\u0103 problemele digestive: flatulen\u021b\u0103, constipa\u021bie, intoleran\u021b\u0103 alimentar\u0103. Sunt o solu\u021bie bun\u0103 pentru indigestie \u00een timpul c\u0103l\u0103toriilor, au un efect benefic asupra sistemului imunitar, scad nivelul colesterolului \u0219i stabilesc flora intestinal\u0103 normal\u0103 la utilizarea antibioticelor.<\/p>\n<p><strong>Dozaj \u0219i mod de utilizare<\/strong><br \/>\nCopii de la 12 ani si adulti: 1-2 capsule pe zi, la masa.<\/p>\n<p>&nbsp;<\/p>\n<p><strong>Not\u0103:<\/strong>\u00a0Ne str\u0103duim s\u0103 fim c\u00e2t mai precisi \u00een descrierea tuturor produselor, dar nu putem garanta c\u0103 toate descrierile sunt complete \u0219i f\u0103r\u0103 erori. Multumesc pentru intelegere.<br \/>\nToate articolele afi\u0219ate pe site fac parte din oferta noastr\u0103, dar nu \u00eenseamn\u0103 c\u0103 sunt disponibile \u00een orice moment.<\/p>","protected":false},"featured_media":486,"template":"","meta":[],"product_brand":[],"product_cat":[77,81],"product_tag":[],"class_list":{"0":"post-485","1":"product","2":"type-product","3":"status-publish","4":"has-post-thumbnail","6":"product_cat-imunitet","7":"product_cat-probiotici-i-enzimi","8":"pa_brend-novahealth","10":"first","11":"instock","12":"product-type-simple"},"ams_default_variation_id":0,"ams_product_points_reward":[],"ams_product_discount_percentage":0,"ams_price_to_display":0,"ams_acf":[],"jetpack_sharing_enabled":true,"_links":{"self":[{"href":"https:\/\/apotekar-online.rs\/ro\/wp-json\/wp\/v2\/product\/485","targetHints":{"allow":["GET"]}}],"collection":[{"href":"https:\/\/apotekar-online.rs\/ro\/wp-json\/wp\/v2\/product"}],"about":[{"href":"https:\/\/apotekar-online.rs\/ro\/wp-json\/wp\/v2\/types\/product"}],"wp:featuredmedia":[{"embeddable":true,"href":"https:\/\/apotekar-online.rs\/ro\/wp-json\/wp\/v2\/media\/486"}],"wp:attachment":[{"href":"https:\/\/apotekar-online.rs\/ro\/wp-json\/wp\/v2\/media?parent=485"}],"wp:term":[{"taxonomy":"product_brand","embeddable":true,"href":"https:\/\/apotekar-online.rs\/ro\/wp-json\/wp\/v2\/product_brand?post=485"},{"taxonomy":"product_cat","embeddable":true,"href":"https:\/\/apotekar-online.rs\/ro\/wp-json\/wp\/v2\/product_cat?post=485"},{"taxonomy":"product_tag","embeddable":true,"href":"https:\/\/apotekar-online.rs\/ro\/wp-json\/wp\/v2\/product_tag?post=485"}],"curies":[{"name":"wp","href":"https:\/\/api.w.org\/{rel}","templated":true}]}}