{"id":4853,"date":"2023-11-14T11:00:09","date_gmt":"2023-11-14T13:00:09","guid":{"rendered":"https:\/\/apotekar-online.rs\/?post_type=product&#038;p=4853"},"modified":"2026-03-05T08:11:37","modified_gmt":"2026-03-05T10:11:37","slug":"hemor-m-mast-protiv-hemoroida-10-g","status":"publish","type":"product","link":"https:\/\/apotekar-online.rs\/ro\/p\/hemor-m-mast-protiv-hemoroida-10-g\/","title":{"rendered":"Hemora \u2013 Unguent \u00eempotriva hemoroizilor 10 g"},"content":{"rendered":"","protected":false},"excerpt":{"rendered":"<div class=\"product attribute description text-page\">\n<div class=\"value\">\n<p>Hemor M mast za borbu protiv hemoroida.<\/p>\n<p>Ubla\u017eava bolove u predelu analnog otvora, nastale pod uticajem hemoroida. Efikasna u tretiranju hemoroida koji su pra\u0107eni krvarenjem. Tako\u0111e je potvr\u0111eno dejstvo masti i kod tretmana fisura, kao i analnog svraba.<\/p>\n<p>Tuba sadr\u017ei 10g masti.<\/p>\n<p><strong>Utilizarea<\/strong>: Dva puta dnevno, ujutru i uve\u010de, kremu naneti na \u010distu analnu sluzoko\u017eu.<\/p>\n<\/div>\n<\/div>","protected":false},"featured_media":4854,"template":"","meta":[],"product_brand":[],"product_cat":[88],"product_tag":[1859,1860,1133],"class_list":{"0":"post-4853","1":"product","2":"type-product","3":"status-publish","4":"has-post-thumbnail","6":"product_cat-intimna-nega","7":"product_tag-analni-svrab","8":"product_tag-fisura","9":"product_tag-hemoridi","11":"first","12":"instock","13":"shipping-taxable","14":"purchasable","15":"product-type-simple"},"ams_default_variation_id":0,"ams_product_points_reward":[],"ams_product_discount_percentage":0,"ams_price_to_display":518.4,"ams_acf":[],"jetpack_sharing_enabled":true,"_links":{"self":[{"href":"https:\/\/apotekar-online.rs\/ro\/wp-json\/wp\/v2\/product\/4853","targetHints":{"allow":["GET"]}}],"collection":[{"href":"https:\/\/apotekar-online.rs\/ro\/wp-json\/wp\/v2\/product"}],"about":[{"href":"https:\/\/apotekar-online.rs\/ro\/wp-json\/wp\/v2\/types\/product"}],"wp:featuredmedia":[{"embeddable":true,"href":"https:\/\/apotekar-online.rs\/ro\/wp-json\/wp\/v2\/media\/4854"}],"wp:attachment":[{"href":"https:\/\/apotekar-online.rs\/ro\/wp-json\/wp\/v2\/media?parent=4853"}],"wp:term":[{"taxonomy":"product_brand","embeddable":true,"href":"https:\/\/apotekar-online.rs\/ro\/wp-json\/wp\/v2\/product_brand?post=4853"},{"taxonomy":"product_cat","embeddable":true,"href":"https:\/\/apotekar-online.rs\/ro\/wp-json\/wp\/v2\/product_cat?post=4853"},{"taxonomy":"product_tag","embeddable":true,"href":"https:\/\/apotekar-online.rs\/ro\/wp-json\/wp\/v2\/product_tag?post=4853"}],"curies":[{"name":"wp","href":"https:\/\/api.w.org\/{rel}","templated":true}]}}